{"id":4745,"date":"2025-09-01T11:52:17","date_gmt":"2025-09-01T11:52:17","guid":{"rendered":"https:\/\/svemirplus.me\/?post_type=product&#038;p=4745"},"modified":"2026-03-05T10:55:12","modified_gmt":"2026-03-05T10:55:12","slug":"daikin-precistac-mc55w","status":"publish","type":"product","link":"https:\/\/svemirplus.me\/en\/product\/daikin-precistac-mc55w\/","title":{"rendered":"Daikin pre\u010dista\u010d MC55W"},"content":{"rendered":"<h1 data-start=\"166\" data-end=\"211\">Daikin MC55W \u2013 napredni pre\u010di\u0161\u0107iva\u010d vazduha<\/h1>\n<p data-start=\"248\" data-end=\"529\"><span class=\"whitespace-normal\">Daikin MC55 Air Purifier \u2013 <\/span>napredno rje\u0161enje za odr\u017eavanje zdravog i \u010distog vazduha u zatvorenim prostorima. pre\u010di\u0161\u0107avanja\u00a0 za boravak u domu ili kancelariji.<\/p>\n<p data-start=\"531\" data-end=\"856\">\u00a0napredna tehnologiji filtracije i sna\u017ean protok vazduha<\/p>\n<p data-start=\"1320\" data-end=\"1459\">Daikin MC55W predstavlja idealno rje\u0161enje za porodice, osobe sa alergijama, \u010distiji zdraviji\u00a0 vazduh u prostoru.<span id=\"more-4733\"><\/span><\/p>\n<h1 data-start=\"1466\" data-end=\"1485\">Klju\u010dne prednosti:<\/h1>\n<h2><strong>Garancija na filter 10 GODINA<\/strong>.<\/h2>\n<h3 data-start=\"978\" data-end=\"1034\">Elektrostaticki HEPA filter<\/h3>\n<ul data-start=\"1065\" data-end=\"1247\">\n<li data-start=\"1065\" data-end=\"1100\">\n<p data-start=\"1067\" data-end=\"1100\">hvata vrlo fine \u010destice pra\u0161ine<\/p>\n<\/li>\n<li data-start=\"1101\" data-end=\"1150\">\n<p data-start=\"1103\" data-end=\"1150\">sporije se zapu\u0161ava od klasi\u010dnih HEPA filtera<\/p>\n<\/li>\n<li data-start=\"1101\" data-end=\"1150\">\n<p data-start=\"1103\" data-end=\"1150\">Efikasno zadr\u017eava fine \u010destice pra\u0161ine, polen i alergene.<\/p>\n<\/li>\n<\/ul>\n<p>&nbsp;<\/p>\n<p><strong data-start=\"2241\" data-end=\"2265\">Streamer tehnologija<\/strong><br data-start=\"2265\" data-end=\"2268\" \/>Razgra\u0111uje bakterije, viruse, alergene i neprijatne mirise.<\/p>\n<p data-start=\"2410\" data-end=\"2519\"><strong data-start=\"2410\" data-end=\"2435\">Automatski re\u017eim rada<\/strong><br data-start=\"2435\" data-end=\"2438\" \/>Senzori detektuju kvalitet vazduha i automatski prilago\u0111avaju brzinu ventilatora.<\/p>\n<p data-start=\"2521\" data-end=\"2615\"><strong data-start=\"2521\" data-end=\"2544\">Ovla\u017eivanje vazduha<\/strong><br data-start=\"2544\" data-end=\"2547\" \/>Odr\u017eava optimalnu vla\u017enost i pobolj\u0161ava kvalitet vazduha u prostoru.<\/p>\n<p data-start=\"2617\" data-end=\"2675\"><strong data-start=\"2617\" data-end=\"2636\">Tihi re\u017eim rada<\/strong><br data-start=\"2636\" data-end=\"2639\" \/>Idealan za spava\u0107e sobe i no\u0107ni rad.<\/p>\n<p data-start=\"1487\" data-end=\"1708\"><br data-start=\"1677\" data-end=\"1680\" \/><strong>\u2714 minimalistick i moderan dizajn<\/strong><\/p>\n<p data-start=\"1487\" data-end=\"1708\"><strong>\u2714 daljinski upravljac<\/strong><\/p>\n<p data-start=\"1487\" data-end=\"1708\"><strong>\u2714hepo filter<\/strong><\/p>\n<p data-start=\"1487\" data-end=\"1708\"><strong data-start=\"2241\" data-end=\"2265\">Streamer tehnologija<\/strong><br data-start=\"2265\" data-end=\"2268\" \/>Razgra\u0111uje bakterije, viruse, alergene i neprijatne mirise.<\/p>\n<h1 data-start=\"1747\" data-end=\"1772\">Tehni\u010dke karakteristike<\/h1>\n<p data-start=\"1774\" data-end=\"2186\"><strong data-start=\"1774\" data-end=\"1790\">Tip ure\u0111aja:<\/strong> pre\u010di\u0161\u0107iva\u010d vazduha<br data-start=\"1810\" data-end=\"1813\" \/><strong data-start=\"1813\" data-end=\"1849\">Preporu\u010dena povr\u0161ina prostorije:<\/strong> do 41 m\u00b2\u00a0<br data-start=\"1891\" data-end=\"1894\" \/><strong data-start=\"1894\" data-end=\"1927\">CADR (protok \u010distog vazduha):<\/strong> 320 m\u00b3\/h<br data-start=\"1936\" data-end=\"1939\" \/><strong data-start=\"1939\" data-end=\"1958\">Protok vazduha:<\/strong> do 330 m\u00b3\/h<br data-start=\"1970\" data-end=\"1973\" \/><strong data-start=\"1973\" data-end=\"1987\">Nivo buke:<\/strong> 19 \u2013 53 dB<br data-start=\"1998\" data-end=\"2001\" \/><strong data-start=\"2001\" data-end=\"2024\">Potro\u0161nja energije:<\/strong> 0.008 \u2013 0.037 kW<br data-start=\"2041\" data-end=\"2044\" \/><strong data-start=\"2044\" data-end=\"2070\">Dimenzije (V \u00d7 \u0160 \u00d7 D):<\/strong> 500 \u00d7 270 \u00d7 270 mm<br data-start=\"2089\" data-end=\"2092\" \/><strong data-start=\"2092\" data-end=\"2103\">Te\u017eina:<\/strong> 6.8 kg<br data-start=\"2110\" data-end=\"2113\" \/><strong data-start=\"2113\" data-end=\"2127\">Napajanje:<\/strong> 220\u2013240 V \/ 50\u201360 Hz<\/p>\n<p data-start=\"2515\" data-end=\"2602\">\n","protected":false},"excerpt":{"rendered":"<ul data-start=\"1106\" data-end=\"1636\">\n<li data-start=\"1106\" data-end=\"1146\">\n<p data-start=\"1108\" data-end=\"1146\"><strong data-start=\"1110\" data-end=\"1135\">Pokrivenost prostora:<\/strong> do 82 m\u00b2<\/p>\n<\/li>\n<li data-start=\"1147\" data-end=\"1192\">\n<p data-start=\"1149\" data-end=\"1192\"><strong data-start=\"1151\" data-end=\"1181\">Maksimalni protok vazduha:<\/strong> 330 m\u00b3\/h<\/p>\n<\/li>\n<li data-start=\"1193\" data-end=\"1270\">\n<p data-start=\"1195\" data-end=\"1270\"><strong data-start=\"1197\" data-end=\"1211\">Nivo buke:<\/strong> od samo 19 dBA (u tihom re\u017eimu), idealno za spava\u0107e sobe<\/p>\n<\/li>\n<li data-start=\"1271\" data-end=\"1360\">\n<p data-start=\"1273\" data-end=\"1360\"><strong data-start=\"1275\" data-end=\"1286\">Filter:<\/strong> Visokoefikasni elektrostati\u010dki HEPA filter sa radnim vekom do 10 godina<\/p>\n<\/li>\n<li data-start=\"1361\" data-end=\"1462\">\n<p data-start=\"1363\" data-end=\"1462\"><strong data-start=\"1365\" data-end=\"1390\">Dezodoracioni filter:<\/strong> Uklanja neprijatne mirise poput duvanskog dima i kuhinjskih isparenja<\/p>\n<\/li>\n<li data-start=\"1463\" data-end=\"1567\">\n<p data-start=\"1465\" data-end=\"1567\"><strong data-start=\"1467\" data-end=\"1494\">Automatski re\u017eimi rada:<\/strong> Ugra\u0111eni senzori kvaliteta vazduha prilago\u0111avaju rad u realnom vremenu<\/p>\n<\/li>\n<li data-start=\"1568\" data-end=\"1636\">\n<p data-start=\"1570\" data-end=\"1636\"><strong data-start=\"1572\" data-end=\"1596\">Daljinski upravlja\u010d:<\/strong> Za jednostavno kori\u0161\u0107enje i pode\u0161avanje<\/p>\n<\/li>\n<\/ul>\n<h3 data-start=\"1638\" data-end=\"1669\"><strong data-start=\"1642\" data-end=\"1669\">Tehni\u010dke specifikacije:<\/strong><\/h3>\n<ul data-start=\"1671\" data-end=\"2018\">\n<li data-start=\"1671\" data-end=\"1708\">\n<p data-start=\"1673\" data-end=\"1708\"><strong data-start=\"1673\" data-end=\"1687\">Dimenzije:<\/strong> 500 x 270 x 270 mm<\/p>\n<\/li>\n<li data-start=\"1709\" data-end=\"1731\">\n<p data-start=\"1711\" data-end=\"1731\"><strong data-start=\"1711\" data-end=\"1722\">Te\u017eina:<\/strong> 6,8 kg<\/p>\n<\/li>\n<li data-start=\"1732\" data-end=\"1802\">\n<p data-start=\"1734\" data-end=\"1802\"><strong data-start=\"1734\" data-end=\"1757\">Potro\u0161nja energije:<\/strong> od 8 W do 37 W u zavisnosti od re\u017eima rada<\/p>\n<\/li>\n<li data-start=\"1803\" data-end=\"1858\">\n<p data-start=\"1805\" data-end=\"1858\"><strong data-start=\"1805\" data-end=\"1828\">Brzine ventilatora:<\/strong> Tihi, Niski, Srednji, Turbo<\/p>\n<\/li>\n<li data-start=\"1859\" data-end=\"1912\">\n<p data-start=\"1861\" data-end=\"1912\"><strong data-start=\"1861\" data-end=\"1876\">Nivoi buke:<\/strong> 19 \/ 29 \/ 39 \/ 53 dBA (po re\u017eimu)<\/p>\n<\/li>\n<li data-start=\"1913\" data-end=\"2018\">\n<p data-start=\"1915\" data-end=\"2018\"><strong data-start=\"1915\" data-end=\"1976\">Funkcija automatskog isklju\u010divanja pri otvaranju poklopca<\/strong> \u2013 dodatna bezbednost za porodice sa decom<\/p>\n<\/li>\n<\/ul>\n<h3 data-start=\"2020\" data-end=\"2056\"><strong data-start=\"2024\" data-end=\"2056\">Za\u0161to izabrati Daikin MC55W?<\/strong><\/h3>\n<ul>\n<li data-start=\"2060\" data-end=\"2152\"><strong data-start=\"2063\" data-end=\"2150\">Izuzetna efikasnost u uklanjanju pra\u0161ine, polena, PM2.5 \u010destica, virusa i bakterija<\/strong>\ud83c\udf2c\ufe0f<\/li>\n<li data-start=\"2060\" data-end=\"2152\"><strong data-start=\"2159\" data-end=\"2241\">Tiho i neprimetno radi \u2013 pogodan za dnevni boravak, spava\u0107e sobe i kancelarije<\/strong><\/li>\n<li data-start=\"2060\" data-end=\"2152\"><strong data-start=\"2249\" data-end=\"2309\">Pametan i ekonomi\u010dan rad uz minimalnu potro\u0161nju energije<\/strong><\/li>\n<li data-start=\"2060\" data-end=\"2152\"><strong data-start=\"2317\" data-end=\"2365\">Filteri dugog veka \u2013 do 10 godina bez zamene<\/strong><\/li>\n<li data-start=\"2060\" data-end=\"2152\"><strong data-start=\"2375\" data-end=\"2425\">Kvalitet iz Japana \u2013 pouzdanost i dugotrajnost<\/strong><\/li>\n<\/ul>\n","protected":false},"featured_media":4746,"template":"","meta":[],"etheme_brands":[{"term_id":42,"name":"Daikin","slug":"daikin","term_group":0,"term_taxonomy_id":42,"taxonomy":"brand","description":"","parent":0,"count":31,"filter":"raw","term_order":"0"}],"product_brand":[],"product_cat":[113,19],"product_tag":[],"class_list":{"0":"post-4745","1":"product","2":"type-product","3":"status-publish","4":"has-post-thumbnail","6":"brand-daikin","7":"product_cat-precistaci-vazduha","8":"product_cat-split-sistemi","10":"first","11":"instock","12":"sale","13":"shipping-taxable","14":"purchasable","15":"product-type-simple"},"yoast_head":"<!-- This site is optimized with the Yoast SEO plugin v27.4 - https:\/\/yoast.com\/product\/yoast-seo-wordpress\/ -->\n<title>Daikin pre\u010dista\u010d MC55W - Svemir Plus<\/title>\n<meta name=\"robots\" content=\"index, follow, max-snippet:-1, max-image-preview:large, max-video-preview:-1\" \/>\n<link rel=\"canonical\" href=\"https:\/\/svemirplus.me\/product\/daikin-precistac-mc55w\/\" \/>\n<meta property=\"og:locale\" content=\"en_US\" \/>\n<meta property=\"og:type\" content=\"article\" \/>\n<meta property=\"og:title\" content=\"Daikin pre\u010dista\u010d MC55W - Svemir Plus\" \/>\n<meta property=\"og:description\" content=\"Pokrivenost prostora: do 82 m\u00b2    Maksimalni protok vazduha: 330 m\u00b3\/h    Nivo buke: od samo 19 dBA (u tihom re\u017eimu), idealno za spava\u0107e sobe    Filter: Visokoefikasni elektrostati\u010dki HEPA filter sa radnim vekom do 10 godina    Dezodoracioni filter: Uklanja neprijatne mirise poput duvanskog dima i kuhinjskih isparenja    Automatski re\u017eimi rada: Ugra\u0111eni senzori kvaliteta vazduha prilago\u0111avaju rad u realnom vremenu    Daljinski upravlja\u010d: Za jednostavno kori\u0161\u0107enje i pode\u0161avanje   Tehni\u010dke specifikacije:    Dimenzije: 500 x 270 x 270 mm    Te\u017eina: 6,8 kg    Potro\u0161nja energije: od 8 W do 37 W u zavisnosti od re\u017eima rada    Brzine ventilatora: Tihi, Niski, Srednji, Turbo    Nivoi buke: 19 \/ 29 \/ 39 \/ 53 dBA (po re\u017eimu)    Funkcija automatskog isklju\u010divanja pri otvaranju poklopca \u2013 dodatna bezbednost za porodice sa decom   Za\u0161to izabrati Daikin MC55W?   Izuzetna efikasnost u uklanjanju pra\u0161ine, polena, PM2.5 \u010destica, virusa i bakterija\ud83c\udf2c\ufe0f  Tiho i neprimetno radi \u2013 pogodan za dnevni boravak, spava\u0107e sobe i kancelarije  Pametan i ekonomi\u010dan rad uz minimalnu potro\u0161nju energije  Filteri dugog veka \u2013 do 10 godina bez zamene  Kvalitet iz Japana \u2013 pouzdanost i dugotrajnost\" \/>\n<meta property=\"og:url\" content=\"https:\/\/svemirplus.me\/product\/daikin-precistac-mc55w\/\" \/>\n<meta property=\"og:site_name\" content=\"Svemir Plus\" \/>\n<meta property=\"article:modified_time\" content=\"2026-03-05T10:55:12+00:00\" \/>\n<meta property=\"og:image\" content=\"https:\/\/svemirplus.me\/wp-content\/uploads\/2025\/09\/MC55.jpg\" \/>\n\t<meta property=\"og:image:width\" content=\"1200\" \/>\n\t<meta property=\"og:image:height\" content=\"1200\" \/>\n\t<meta property=\"og:image:type\" content=\"image\/jpeg\" \/>\n<meta name=\"twitter:card\" content=\"summary_large_image\" \/>\n<meta name=\"twitter:label1\" content=\"Est. reading time\" \/>\n\t<meta name=\"twitter:data1\" content=\"2 minutes\" \/>\n<script type=\"application\/ld+json\" class=\"yoast-schema-graph\">{\"@context\":\"https:\\\/\\\/schema.org\",\"@graph\":[{\"@type\":\"WebPage\",\"@id\":\"https:\\\/\\\/svemirplus.me\\\/product\\\/daikin-precistac-mc55w\\\/\",\"url\":\"https:\\\/\\\/svemirplus.me\\\/product\\\/daikin-precistac-mc55w\\\/\",\"name\":\"Daikin pre\u010dista\u010d MC55W - Svemir Plus\",\"isPartOf\":{\"@id\":\"https:\\\/\\\/svemirplus.me\\\/#website\"},\"primaryImageOfPage\":{\"@id\":\"https:\\\/\\\/svemirplus.me\\\/product\\\/daikin-precistac-mc55w\\\/#primaryimage\"},\"image\":{\"@id\":\"https:\\\/\\\/svemirplus.me\\\/product\\\/daikin-precistac-mc55w\\\/#primaryimage\"},\"thumbnailUrl\":\"https:\\\/\\\/svemirplus.me\\\/wp-content\\\/uploads\\\/2025\\\/09\\\/MC55.jpg\",\"datePublished\":\"2025-09-01T11:52:17+00:00\",\"dateModified\":\"2026-03-05T10:55:12+00:00\",\"breadcrumb\":{\"@id\":\"https:\\\/\\\/svemirplus.me\\\/product\\\/daikin-precistac-mc55w\\\/#breadcrumb\"},\"inLanguage\":\"en-US\",\"potentialAction\":[{\"@type\":\"ReadAction\",\"target\":[\"https:\\\/\\\/svemirplus.me\\\/product\\\/daikin-precistac-mc55w\\\/\"]}]},{\"@type\":\"ImageObject\",\"inLanguage\":\"en-US\",\"@id\":\"https:\\\/\\\/svemirplus.me\\\/product\\\/daikin-precistac-mc55w\\\/#primaryimage\",\"url\":\"https:\\\/\\\/svemirplus.me\\\/wp-content\\\/uploads\\\/2025\\\/09\\\/MC55.jpg\",\"contentUrl\":\"https:\\\/\\\/svemirplus.me\\\/wp-content\\\/uploads\\\/2025\\\/09\\\/MC55.jpg\",\"width\":1200,\"height\":1200},{\"@type\":\"BreadcrumbList\",\"@id\":\"https:\\\/\\\/svemirplus.me\\\/product\\\/daikin-precistac-mc55w\\\/#breadcrumb\",\"itemListElement\":[{\"@type\":\"ListItem\",\"position\":1,\"name\":\"Home\",\"item\":\"https:\\\/\\\/svemirplus.me\\\/\"},{\"@type\":\"ListItem\",\"position\":2,\"name\":\"Proizvodi\",\"item\":\"https:\\\/\\\/svemirplus.me\\\/proizvodi\\\/\"},{\"@type\":\"ListItem\",\"position\":3,\"name\":\"Daikin pre\u010dista\u010d MC55W\"}]},{\"@type\":\"WebSite\",\"@id\":\"https:\\\/\\\/svemirplus.me\\\/#website\",\"url\":\"https:\\\/\\\/svemirplus.me\\\/\",\"name\":\"Svemir Plus\",\"description\":\"Prodaja Klima uredjaja\",\"publisher\":{\"@id\":\"https:\\\/\\\/svemirplus.me\\\/#organization\"},\"potentialAction\":[{\"@type\":\"SearchAction\",\"target\":{\"@type\":\"EntryPoint\",\"urlTemplate\":\"https:\\\/\\\/svemirplus.me\\\/?s={search_term_string}\"},\"query-input\":{\"@type\":\"PropertyValueSpecification\",\"valueRequired\":true,\"valueName\":\"search_term_string\"}}],\"inLanguage\":\"en-US\"},{\"@type\":\"Organization\",\"@id\":\"https:\\\/\\\/svemirplus.me\\\/#organization\",\"name\":\"Svemir Plus\",\"url\":\"https:\\\/\\\/svemirplus.me\\\/\",\"logo\":{\"@type\":\"ImageObject\",\"inLanguage\":\"en-US\",\"@id\":\"https:\\\/\\\/svemirplus.me\\\/#\\\/schema\\\/logo\\\/image\\\/\",\"url\":\"https:\\\/\\\/svemirplus.me\\\/wp-content\\\/uploads\\\/2025\\\/06\\\/logo-svemir-plus.png\",\"contentUrl\":\"https:\\\/\\\/svemirplus.me\\\/wp-content\\\/uploads\\\/2025\\\/06\\\/logo-svemir-plus.png\",\"width\":143,\"height\":113,\"caption\":\"Svemir Plus\"},\"image\":{\"@id\":\"https:\\\/\\\/svemirplus.me\\\/#\\\/schema\\\/logo\\\/image\\\/\"}}]}<\/script>\n<!-- \/ Yoast SEO plugin. -->","yoast_head_json":{"title":"Daikin pre\u010dista\u010d MC55W - Svemir Plus","robots":{"index":"index","follow":"follow","max-snippet":"max-snippet:-1","max-image-preview":"max-image-preview:large","max-video-preview":"max-video-preview:-1"},"canonical":"https:\/\/svemirplus.me\/product\/daikin-precistac-mc55w\/","og_locale":"en_US","og_type":"article","og_title":"Daikin pre\u010dista\u010d MC55W - Svemir Plus","og_description":"Pokrivenost prostora: do 82 m\u00b2    Maksimalni protok vazduha: 330 m\u00b3\/h    Nivo buke: od samo 19 dBA (u tihom re\u017eimu), idealno za spava\u0107e sobe    Filter: Visokoefikasni elektrostati\u010dki HEPA filter sa radnim vekom do 10 godina    Dezodoracioni filter: Uklanja neprijatne mirise poput duvanskog dima i kuhinjskih isparenja    Automatski re\u017eimi rada: Ugra\u0111eni senzori kvaliteta vazduha prilago\u0111avaju rad u realnom vremenu    Daljinski upravlja\u010d: Za jednostavno kori\u0161\u0107enje i pode\u0161avanje   Tehni\u010dke specifikacije:    Dimenzije: 500 x 270 x 270 mm    Te\u017eina: 6,8 kg    Potro\u0161nja energije: od 8 W do 37 W u zavisnosti od re\u017eima rada    Brzine ventilatora: Tihi, Niski, Srednji, Turbo    Nivoi buke: 19 \/ 29 \/ 39 \/ 53 dBA (po re\u017eimu)    Funkcija automatskog isklju\u010divanja pri otvaranju poklopca \u2013 dodatna bezbednost za porodice sa decom   Za\u0161to izabrati Daikin MC55W?   Izuzetna efikasnost u uklanjanju pra\u0161ine, polena, PM2.5 \u010destica, virusa i bakterija\ud83c\udf2c\ufe0f  Tiho i neprimetno radi \u2013 pogodan za dnevni boravak, spava\u0107e sobe i kancelarije  Pametan i ekonomi\u010dan rad uz minimalnu potro\u0161nju energije  Filteri dugog veka \u2013 do 10 godina bez zamene  Kvalitet iz Japana \u2013 pouzdanost i dugotrajnost","og_url":"https:\/\/svemirplus.me\/product\/daikin-precistac-mc55w\/","og_site_name":"Svemir Plus","article_modified_time":"2026-03-05T10:55:12+00:00","og_image":[{"width":1200,"height":1200,"url":"https:\/\/svemirplus.me\/wp-content\/uploads\/2025\/09\/MC55.jpg","type":"image\/jpeg"}],"twitter_card":"summary_large_image","twitter_misc":{"Est. reading time":"2 minutes"},"schema":{"@context":"https:\/\/schema.org","@graph":[{"@type":"WebPage","@id":"https:\/\/svemirplus.me\/product\/daikin-precistac-mc55w\/","url":"https:\/\/svemirplus.me\/product\/daikin-precistac-mc55w\/","name":"Daikin pre\u010dista\u010d MC55W - Svemir Plus","isPartOf":{"@id":"https:\/\/svemirplus.me\/#website"},"primaryImageOfPage":{"@id":"https:\/\/svemirplus.me\/product\/daikin-precistac-mc55w\/#primaryimage"},"image":{"@id":"https:\/\/svemirplus.me\/product\/daikin-precistac-mc55w\/#primaryimage"},"thumbnailUrl":"https:\/\/svemirplus.me\/wp-content\/uploads\/2025\/09\/MC55.jpg","datePublished":"2025-09-01T11:52:17+00:00","dateModified":"2026-03-05T10:55:12+00:00","breadcrumb":{"@id":"https:\/\/svemirplus.me\/product\/daikin-precistac-mc55w\/#breadcrumb"},"inLanguage":"en-US","potentialAction":[{"@type":"ReadAction","target":["https:\/\/svemirplus.me\/product\/daikin-precistac-mc55w\/"]}]},{"@type":"ImageObject","inLanguage":"en-US","@id":"https:\/\/svemirplus.me\/product\/daikin-precistac-mc55w\/#primaryimage","url":"https:\/\/svemirplus.me\/wp-content\/uploads\/2025\/09\/MC55.jpg","contentUrl":"https:\/\/svemirplus.me\/wp-content\/uploads\/2025\/09\/MC55.jpg","width":1200,"height":1200},{"@type":"BreadcrumbList","@id":"https:\/\/svemirplus.me\/product\/daikin-precistac-mc55w\/#breadcrumb","itemListElement":[{"@type":"ListItem","position":1,"name":"Home","item":"https:\/\/svemirplus.me\/"},{"@type":"ListItem","position":2,"name":"Proizvodi","item":"https:\/\/svemirplus.me\/proizvodi\/"},{"@type":"ListItem","position":3,"name":"Daikin pre\u010dista\u010d MC55W"}]},{"@type":"WebSite","@id":"https:\/\/svemirplus.me\/#website","url":"https:\/\/svemirplus.me\/","name":"Svemir Plus","description":"Prodaja Klima uredjaja","publisher":{"@id":"https:\/\/svemirplus.me\/#organization"},"potentialAction":[{"@type":"SearchAction","target":{"@type":"EntryPoint","urlTemplate":"https:\/\/svemirplus.me\/?s={search_term_string}"},"query-input":{"@type":"PropertyValueSpecification","valueRequired":true,"valueName":"search_term_string"}}],"inLanguage":"en-US"},{"@type":"Organization","@id":"https:\/\/svemirplus.me\/#organization","name":"Svemir Plus","url":"https:\/\/svemirplus.me\/","logo":{"@type":"ImageObject","inLanguage":"en-US","@id":"https:\/\/svemirplus.me\/#\/schema\/logo\/image\/","url":"https:\/\/svemirplus.me\/wp-content\/uploads\/2025\/06\/logo-svemir-plus.png","contentUrl":"https:\/\/svemirplus.me\/wp-content\/uploads\/2025\/06\/logo-svemir-plus.png","width":143,"height":113,"caption":"Svemir Plus"},"image":{"@id":"https:\/\/svemirplus.me\/#\/schema\/logo\/image\/"}}]}},"_links":{"self":[{"href":"https:\/\/svemirplus.me\/en\/wp-json\/wp\/v2\/product\/4745","targetHints":{"allow":["GET"]}}],"collection":[{"href":"https:\/\/svemirplus.me\/en\/wp-json\/wp\/v2\/product"}],"about":[{"href":"https:\/\/svemirplus.me\/en\/wp-json\/wp\/v2\/types\/product"}],"version-history":[{"count":3,"href":"https:\/\/svemirplus.me\/en\/wp-json\/wp\/v2\/product\/4745\/revisions"}],"predecessor-version":[{"id":4873,"href":"https:\/\/svemirplus.me\/en\/wp-json\/wp\/v2\/product\/4745\/revisions\/4873"}],"wp:featuredmedia":[{"embeddable":true,"href":"https:\/\/svemirplus.me\/en\/wp-json\/wp\/v2\/media\/4746"}],"wp:attachment":[{"href":"https:\/\/svemirplus.me\/en\/wp-json\/wp\/v2\/media?parent=4745"}],"wp:term":[{"taxonomy":"brand","embeddable":true,"href":"https:\/\/svemirplus.me\/en\/wp-json\/wp\/v2\/etheme_brands?post=4745"},{"taxonomy":"product_brand","embeddable":true,"href":"https:\/\/svemirplus.me\/en\/wp-json\/wp\/v2\/product_brand?post=4745"},{"taxonomy":"product_cat","embeddable":true,"href":"https:\/\/svemirplus.me\/en\/wp-json\/wp\/v2\/product_cat?post=4745"},{"taxonomy":"product_tag","embeddable":true,"href":"https:\/\/svemirplus.me\/en\/wp-json\/wp\/v2\/product_tag?post=4745"}],"curies":[{"name":"wp","href":"https:\/\/api.w.org\/{rel}","templated":true}]}}