{"id":4733,"date":"2025-09-01T11:47:25","date_gmt":"2025-09-01T11:47:25","guid":{"rendered":"https:\/\/svemirplus.me\/?post_type=product&#038;p=4733"},"modified":"2026-03-05T10:56:00","modified_gmt":"2026-03-05T10:56:00","slug":"daikin-precistac-mck55w","status":"publish","type":"product","link":"https:\/\/svemirplus.me\/en\/product\/daikin-precistac-mck55w\/","title":{"rendered":"Daikin MCK555AW  ( pre\u010dista\u010d, ovla\u017eiva\u010d i odvla\u017eiva\u010d )"},"content":{"rendered":"<h1 data-start=\"197\" data-end=\"246\">Daikin MCK55W \u2013 pre\u010di\u0161\u0107iva\u010d i ovla\u017eiva\u010d vazduha<\/h1>\n<p data-start=\"248\" data-end=\"529\"><span class=\"whitespace-normal\">Daikin MCK555AW Air Purifier &#8211; <\/span>napredno rje\u0161enje za odr\u017eavanje zdravog i \u010distog vazduha u zatvorenim prostorima. pre\u010di\u0161\u0107avanja, odvla\u017eivanja i\u00a0 ovla\u017eivanja vazduha za boravak u domu ili kancelariji.<\/p>\n<p data-start=\"531\" data-end=\"856\">\u00a0napredna tehnologiji filtracije i sna\u017ean protok vazduha<\/p>\n<p data-start=\"1320\" data-end=\"1459\">Daikin MCK55W predstavlja idealno rje\u0161enje za porodice, osobe sa alergijama, \u010distiji zdraviji i ovla\u017eeniji\u00a0 vazduh u svom prostoru.<!--more--><\/p>\n<h1 data-start=\"1466\" data-end=\"1485\">Klju\u010dne prednosti:<\/h1>\n<h1><strong>Garancija na filter 10 GODINA<\/strong>.<\/h1>\n<h3 data-start=\"978\" data-end=\"1034\">Elektrostaticki HEPA filter<\/h3>\n<ul data-start=\"1065\" data-end=\"1247\">\n<li data-start=\"1065\" data-end=\"1100\">\n<p data-start=\"1067\" data-end=\"1100\">hvata vrlo fine \u010destice pra\u0161ine<\/p>\n<\/li>\n<li data-start=\"1101\" data-end=\"1150\">\n<p data-start=\"1103\" data-end=\"1150\">sporije se zapu\u0161ava od klasi\u010dnih HEPA filtera<\/p>\n<\/li>\n<li data-start=\"1101\" data-end=\"1150\">\n<p data-start=\"1103\" data-end=\"1150\">Efikasno zadr\u017eava fine \u010destice pra\u0161ine, polen i alergene.<\/p>\n<\/li>\n<\/ul>\n<p>&nbsp;<\/p>\n<p><strong data-start=\"2241\" data-end=\"2265\">Streamer tehnologija<\/strong><br data-start=\"2265\" data-end=\"2268\" \/>Razgra\u0111uje bakterije, viruse, alergene i neprijatne mirise.<\/p>\n<p data-start=\"2410\" data-end=\"2519\"><strong data-start=\"2410\" data-end=\"2435\">Automatski re\u017eim rada<\/strong><br data-start=\"2435\" data-end=\"2438\" \/>Senzori detektuju kvalitet vazduha i automatski prilago\u0111avaju brzinu ventilatora.<\/p>\n<p data-start=\"2521\" data-end=\"2615\"><strong data-start=\"2521\" data-end=\"2544\">Ovla\u017eivanje vazduha<\/strong><br data-start=\"2544\" data-end=\"2547\" \/>Odr\u017eava optimalnu vla\u017enost i pobolj\u0161ava kvalitet vazduha u prostoru.<\/p>\n<p data-start=\"2617\" data-end=\"2675\"><strong data-start=\"2617\" data-end=\"2636\">Tihi re\u017eim rada<\/strong><br data-start=\"2636\" data-end=\"2639\" \/>Idealan za spava\u0107e sobe i no\u0107ni rad.<\/p>\n<p data-start=\"1487\" data-end=\"1708\"><br data-start=\"1677\" data-end=\"1680\" \/><strong>\u2714 minimalistick i moderan dizajn<\/strong><\/p>\n<p data-start=\"1487\" data-end=\"1708\"><strong>\u2714 daljinski upravljac<\/strong><\/p>\n<p data-start=\"1487\" data-end=\"1708\"><strong>\u2714hepo filter<\/strong><\/p>\n<p data-start=\"1487\" data-end=\"1708\"><strong data-start=\"2241\" data-end=\"2265\">Streamer tehnologija<\/strong><br data-start=\"2265\" data-end=\"2268\" \/>Razgra\u0111uje bakterije, viruse, alergene i neprijatne mirise.<\/p>\n<h1 data-start=\"1715\" data-end=\"1740\">Tehni\u010dke karakteristike<\/h1>\n<p data-start=\"1742\" data-end=\"1832\"><strong data-start=\"1742\" data-end=\"1752\">Model:<\/strong> Daikin MCK55W<br data-start=\"1766\" data-end=\"1769\" \/><strong data-start=\"1769\" data-end=\"1785\">Tip ure\u0111aja:<\/strong> Pre\u010di\u0161\u0107iva\u010d vazduha sa funkcijom ovla\u017eivanja<\/p>\n<p data-start=\"1834\" data-end=\"2214\"><strong data-start=\"1834\" data-end=\"1870\">Preporu\u010dena povr\u0161ina prostorije:<\/strong>\u00a0 (do oko 82 m\u00b2 )<br data-start=\"1919\" data-end=\"1922\" \/><strong data-start=\"1922\" data-end=\"1955\">CADR (protok \u010distog vazduha):<\/strong> 320 m\u00b3\/h<br data-start=\"1964\" data-end=\"1967\" \/><strong data-start=\"1967\" data-end=\"1981\">Nivo buke:<\/strong> 19 \u2013 53 dB<br data-start=\"1992\" data-end=\"1995\" \/><strong data-start=\"1995\" data-end=\"2028\">Kapacitet rezervoara za vodu:<\/strong> 2,7 L<br data-start=\"2034\" data-end=\"2037\" \/><strong data-start=\"2037\" data-end=\"2060\">Potro\u0161nja energije:<\/strong> 0.007 \u2013 0.056 kW (u zavisnosti od re\u017eima rada)<br data-start=\"2107\" data-end=\"2110\" \/><strong data-start=\"2110\" data-end=\"2136\">Dimenzije (V x \u0160 x D):<\/strong> 700 \u00d7 270 \u00d7 270 mm<\/p>\n","protected":false},"excerpt":{"rendered":"<ul>\n<li data-start=\"1815\" data-end=\"1857\">\n<p data-start=\"1817\" data-end=\"1857\"><strong data-start=\"1819\" data-end=\"1843\">Kapacitet prostorije<\/strong>: Do 82 <strong data-start=\"1848\" data-end=\"1857\">m\u00b2<\/strong><\/p>\n<\/li>\n<li data-start=\"1858\" data-end=\"1901\">\n<p data-start=\"1860\" data-end=\"1901\"><strong data-start=\"1862\" data-end=\"1888\">Brzina protoka vazduha<\/strong>: Do 330 m\u00b3\/h<\/p>\n<\/li>\n<li data-start=\"1902\" data-end=\"1989\">\n<p data-start=\"1904\" data-end=\"1989\"><strong data-start=\"1906\" data-end=\"1919\">Nivo buke<\/strong>: Izuzetno tih rad \u2013 od <strong data-start=\"1943\" data-end=\"1952\">19 dB<\/strong> (no\u0107ni re\u017eim) do 53 dB (turbo re\u017eim)<\/p>\n<\/li>\n<li data-start=\"1990\" data-end=\"2060\">\n<p data-start=\"1992\" data-end=\"2060\"><strong data-start=\"1994\" data-end=\"2016\">Potro\u0161nja energije<\/strong>: Od 8 W do 56 W u zavisnosti od re\u017eima rada<\/p>\n<\/li>\n<li data-start=\"2061\" data-end=\"2128\">\n<p data-start=\"2063\" data-end=\"2128\"><strong data-start=\"2065\" data-end=\"2078\">Ovla\u017eiva\u010d<\/strong>: Rezervoar od 2,7 litara sa automatskom kontrolom<\/p>\n<\/li>\n<li data-start=\"2129\" data-end=\"2185\">\n<p data-start=\"2131\" data-end=\"2185\"><strong data-start=\"2133\" data-end=\"2185\">Automatski senzori za pra\u0107enje kvaliteta vazduha<\/strong><\/p>\n<\/li>\n<li data-start=\"2186\" data-end=\"2227\">\n<p data-start=\"2188\" data-end=\"2227\"><strong data-start=\"2190\" data-end=\"2227\">Eko re\u017eim rada za u\u0161tedu energije<\/strong><\/p>\n<\/li>\n<li data-start=\"2228\" data-end=\"2297\">\n<p data-start=\"2230\" data-end=\"2297\"><strong data-start=\"2232\" data-end=\"2252\">Kompaktan dizajn<\/strong>: Dimenzije 270 x 270 x 700 mm, te\u017eina 9.5 kg<\/p>\n<h3 data-start=\"2299\" data-end=\"2336\"><strong data-start=\"2303\" data-end=\"2336\">Za\u0161to izabrati Daikin MCK55W?<\/strong><\/h3>\n<ul data-start=\"2338\" data-end=\"2708\">\n<li data-start=\"2338\" data-end=\"2415\">\n<p data-start=\"2340\" data-end=\"2415\"><strong data-start=\"2343\" data-end=\"2377\">Efikasno uklanja PM2.5 \u010destice<\/strong>, alergene, viruse, bakterije i mirise<\/p>\n<\/li>\n<li data-start=\"2416\" data-end=\"2484\">\n<p data-start=\"2418\" data-end=\"2484\"><strong data-start=\"2421\" data-end=\"2457\">Ovla\u017eiva\u010d i pre\u010di\u0161\u0107iva\u010d u jednom<\/strong> \u2013 idealan za zimske mjesece<\/p>\n<\/li>\n<li data-start=\"2485\" data-end=\"2554\">\n<p data-start=\"2487\" data-end=\"2554\"><strong data-start=\"2490\" data-end=\"2501\">Tih rad<\/strong> \u2013 pogodan za spava\u0107e sobe, dje\u010dije sobe i kancelarije<\/p>\n<\/li>\n<li data-start=\"2555\" data-end=\"2640\">\n<p data-start=\"2557\" data-end=\"2640\"><strong data-start=\"2560\" data-end=\"2575\">Pametan rad<\/strong> \u2013 senzori automatski prilago\u0111avaju brzinu u skladu sa zaga\u0111enjem<\/p>\n<\/li>\n<li data-start=\"2641\" data-end=\"2708\">\n<p data-start=\"2643\" data-end=\"2708\"><strong data-start=\"2648\" data-end=\"2671\">Proizveden u Japanu<\/strong> \u2013 garancija kvaliteta i dugovje\u010dnosti<\/p>\n<\/li>\n<\/ul>\n<\/li>\n<\/ul>\n","protected":false},"featured_media":4865,"template":"","meta":[],"etheme_brands":[{"term_id":42,"name":"Daikin","slug":"daikin","term_group":0,"term_taxonomy_id":42,"taxonomy":"brand","description":"","parent":0,"count":31,"filter":"raw","term_order":"0"}],"product_brand":[],"product_cat":[113],"product_tag":[],"class_list":{"0":"post-4733","1":"product","2":"type-product","3":"status-publish","4":"has-post-thumbnail","6":"brand-daikin","7":"product_cat-precistaci-vazduha","9":"first","10":"instock","11":"sale","12":"shipping-taxable","13":"purchasable","14":"product-type-simple"},"yoast_head":"<!-- This site is optimized with the Yoast SEO plugin v27.4 - https:\/\/yoast.com\/product\/yoast-seo-wordpress\/ -->\n<title>Daikin MCK555AW ( pre\u010dista\u010d, ovla\u017eiva\u010d i odvla\u017eiva\u010d ) - Svemir Plus<\/title>\n<meta name=\"robots\" content=\"index, follow, max-snippet:-1, max-image-preview:large, max-video-preview:-1\" \/>\n<link rel=\"canonical\" href=\"https:\/\/svemirplus.me\/product\/daikin-precistac-mck55w\/\" \/>\n<meta property=\"og:locale\" content=\"en_US\" \/>\n<meta property=\"og:type\" content=\"article\" \/>\n<meta property=\"og:title\" content=\"Daikin MCK555AW ( pre\u010dista\u010d, ovla\u017eiva\u010d i odvla\u017eiva\u010d ) - Svemir Plus\" \/>\n<meta property=\"og:description\" content=\"Kapacitet prostorije: Do 82 m\u00b2    Brzina protoka vazduha: Do 330 m\u00b3\/h    Nivo buke: Izuzetno tih rad \u2013 od 19 dB (no\u0107ni re\u017eim) do 53 dB (turbo re\u017eim)    Potro\u0161nja energije: Od 8 W do 56 W u zavisnosti od re\u017eima rada    Ovla\u017eiva\u010d: Rezervoar od 2,7 litara sa automatskom kontrolom    Automatski senzori za pra\u0107enje kvaliteta vazduha    Eko re\u017eim rada za u\u0161tedu energije    Kompaktan dizajn: Dimenzije 270 x 270 x 700 mm, te\u017eina 9.5 kg  Za\u0161to izabrati Daikin MCK55W?    Efikasno uklanja PM2.5 \u010destice, alergene, viruse, bakterije i mirise    Ovla\u017eiva\u010d i pre\u010di\u0161\u0107iva\u010d u jednom \u2013 idealan za zimske mjesece    Tih rad \u2013 pogodan za spava\u0107e sobe, dje\u010dije sobe i kancelarije    Pametan rad \u2013 senzori automatski prilago\u0111avaju brzinu u skladu sa zaga\u0111enjem    Proizveden u Japanu \u2013 garancija kvaliteta i dugovje\u010dnosti\" \/>\n<meta property=\"og:url\" content=\"https:\/\/svemirplus.me\/product\/daikin-precistac-mck55w\/\" \/>\n<meta property=\"og:site_name\" content=\"Svemir Plus\" \/>\n<meta property=\"article:modified_time\" content=\"2026-03-05T10:56:00+00:00\" \/>\n<meta property=\"og:image\" content=\"https:\/\/svemirplus.me\/wp-content\/uploads\/2025\/09\/Precistac-MCK555AW-SAJT-1.png\" \/>\n\t<meta property=\"og:image:width\" content=\"800\" \/>\n\t<meta property=\"og:image:height\" content=\"800\" \/>\n\t<meta property=\"og:image:type\" content=\"image\/png\" \/>\n<meta name=\"twitter:card\" content=\"summary_large_image\" \/>\n<meta name=\"twitter:label1\" content=\"Est. reading time\" \/>\n\t<meta name=\"twitter:data1\" content=\"2 minutes\" \/>\n<script type=\"application\/ld+json\" class=\"yoast-schema-graph\">{\"@context\":\"https:\\\/\\\/schema.org\",\"@graph\":[{\"@type\":\"WebPage\",\"@id\":\"https:\\\/\\\/svemirplus.me\\\/product\\\/daikin-precistac-mck55w\\\/\",\"url\":\"https:\\\/\\\/svemirplus.me\\\/product\\\/daikin-precistac-mck55w\\\/\",\"name\":\"Daikin MCK555AW ( pre\u010dista\u010d, ovla\u017eiva\u010d i odvla\u017eiva\u010d ) - Svemir Plus\",\"isPartOf\":{\"@id\":\"https:\\\/\\\/svemirplus.me\\\/#website\"},\"primaryImageOfPage\":{\"@id\":\"https:\\\/\\\/svemirplus.me\\\/product\\\/daikin-precistac-mck55w\\\/#primaryimage\"},\"image\":{\"@id\":\"https:\\\/\\\/svemirplus.me\\\/product\\\/daikin-precistac-mck55w\\\/#primaryimage\"},\"thumbnailUrl\":\"https:\\\/\\\/svemirplus.me\\\/wp-content\\\/uploads\\\/2025\\\/09\\\/Precistac-MCK555AW-SAJT-1.png\",\"datePublished\":\"2025-09-01T11:47:25+00:00\",\"dateModified\":\"2026-03-05T10:56:00+00:00\",\"breadcrumb\":{\"@id\":\"https:\\\/\\\/svemirplus.me\\\/product\\\/daikin-precistac-mck55w\\\/#breadcrumb\"},\"inLanguage\":\"en-US\",\"potentialAction\":[{\"@type\":\"ReadAction\",\"target\":[\"https:\\\/\\\/svemirplus.me\\\/product\\\/daikin-precistac-mck55w\\\/\"]}]},{\"@type\":\"ImageObject\",\"inLanguage\":\"en-US\",\"@id\":\"https:\\\/\\\/svemirplus.me\\\/product\\\/daikin-precistac-mck55w\\\/#primaryimage\",\"url\":\"https:\\\/\\\/svemirplus.me\\\/wp-content\\\/uploads\\\/2025\\\/09\\\/Precistac-MCK555AW-SAJT-1.png\",\"contentUrl\":\"https:\\\/\\\/svemirplus.me\\\/wp-content\\\/uploads\\\/2025\\\/09\\\/Precistac-MCK555AW-SAJT-1.png\",\"width\":800,\"height\":800},{\"@type\":\"BreadcrumbList\",\"@id\":\"https:\\\/\\\/svemirplus.me\\\/product\\\/daikin-precistac-mck55w\\\/#breadcrumb\",\"itemListElement\":[{\"@type\":\"ListItem\",\"position\":1,\"name\":\"Home\",\"item\":\"https:\\\/\\\/svemirplus.me\\\/\"},{\"@type\":\"ListItem\",\"position\":2,\"name\":\"Proizvodi\",\"item\":\"https:\\\/\\\/svemirplus.me\\\/proizvodi\\\/\"},{\"@type\":\"ListItem\",\"position\":3,\"name\":\"Daikin MCK555AW ( pre\u010dista\u010d, ovla\u017eiva\u010d i odvla\u017eiva\u010d )\"}]},{\"@type\":\"WebSite\",\"@id\":\"https:\\\/\\\/svemirplus.me\\\/#website\",\"url\":\"https:\\\/\\\/svemirplus.me\\\/\",\"name\":\"Svemir Plus\",\"description\":\"Prodaja Klima uredjaja\",\"publisher\":{\"@id\":\"https:\\\/\\\/svemirplus.me\\\/#organization\"},\"potentialAction\":[{\"@type\":\"SearchAction\",\"target\":{\"@type\":\"EntryPoint\",\"urlTemplate\":\"https:\\\/\\\/svemirplus.me\\\/?s={search_term_string}\"},\"query-input\":{\"@type\":\"PropertyValueSpecification\",\"valueRequired\":true,\"valueName\":\"search_term_string\"}}],\"inLanguage\":\"en-US\"},{\"@type\":\"Organization\",\"@id\":\"https:\\\/\\\/svemirplus.me\\\/#organization\",\"name\":\"Svemir Plus\",\"url\":\"https:\\\/\\\/svemirplus.me\\\/\",\"logo\":{\"@type\":\"ImageObject\",\"inLanguage\":\"en-US\",\"@id\":\"https:\\\/\\\/svemirplus.me\\\/#\\\/schema\\\/logo\\\/image\\\/\",\"url\":\"https:\\\/\\\/svemirplus.me\\\/wp-content\\\/uploads\\\/2025\\\/06\\\/logo-svemir-plus.png\",\"contentUrl\":\"https:\\\/\\\/svemirplus.me\\\/wp-content\\\/uploads\\\/2025\\\/06\\\/logo-svemir-plus.png\",\"width\":143,\"height\":113,\"caption\":\"Svemir Plus\"},\"image\":{\"@id\":\"https:\\\/\\\/svemirplus.me\\\/#\\\/schema\\\/logo\\\/image\\\/\"}}]}<\/script>\n<!-- \/ Yoast SEO plugin. -->","yoast_head_json":{"title":"Daikin MCK555AW ( pre\u010dista\u010d, ovla\u017eiva\u010d i odvla\u017eiva\u010d ) - Svemir Plus","robots":{"index":"index","follow":"follow","max-snippet":"max-snippet:-1","max-image-preview":"max-image-preview:large","max-video-preview":"max-video-preview:-1"},"canonical":"https:\/\/svemirplus.me\/product\/daikin-precistac-mck55w\/","og_locale":"en_US","og_type":"article","og_title":"Daikin MCK555AW ( pre\u010dista\u010d, ovla\u017eiva\u010d i odvla\u017eiva\u010d ) - Svemir Plus","og_description":"Kapacitet prostorije: Do 82 m\u00b2    Brzina protoka vazduha: Do 330 m\u00b3\/h    Nivo buke: Izuzetno tih rad \u2013 od 19 dB (no\u0107ni re\u017eim) do 53 dB (turbo re\u017eim)    Potro\u0161nja energije: Od 8 W do 56 W u zavisnosti od re\u017eima rada    Ovla\u017eiva\u010d: Rezervoar od 2,7 litara sa automatskom kontrolom    Automatski senzori za pra\u0107enje kvaliteta vazduha    Eko re\u017eim rada za u\u0161tedu energije    Kompaktan dizajn: Dimenzije 270 x 270 x 700 mm, te\u017eina 9.5 kg  Za\u0161to izabrati Daikin MCK55W?    Efikasno uklanja PM2.5 \u010destice, alergene, viruse, bakterije i mirise    Ovla\u017eiva\u010d i pre\u010di\u0161\u0107iva\u010d u jednom \u2013 idealan za zimske mjesece    Tih rad \u2013 pogodan za spava\u0107e sobe, dje\u010dije sobe i kancelarije    Pametan rad \u2013 senzori automatski prilago\u0111avaju brzinu u skladu sa zaga\u0111enjem    Proizveden u Japanu \u2013 garancija kvaliteta i dugovje\u010dnosti","og_url":"https:\/\/svemirplus.me\/product\/daikin-precistac-mck55w\/","og_site_name":"Svemir Plus","article_modified_time":"2026-03-05T10:56:00+00:00","og_image":[{"width":800,"height":800,"url":"https:\/\/svemirplus.me\/wp-content\/uploads\/2025\/09\/Precistac-MCK555AW-SAJT-1.png","type":"image\/png"}],"twitter_card":"summary_large_image","twitter_misc":{"Est. reading time":"2 minutes"},"schema":{"@context":"https:\/\/schema.org","@graph":[{"@type":"WebPage","@id":"https:\/\/svemirplus.me\/product\/daikin-precistac-mck55w\/","url":"https:\/\/svemirplus.me\/product\/daikin-precistac-mck55w\/","name":"Daikin MCK555AW ( pre\u010dista\u010d, ovla\u017eiva\u010d i odvla\u017eiva\u010d ) - Svemir Plus","isPartOf":{"@id":"https:\/\/svemirplus.me\/#website"},"primaryImageOfPage":{"@id":"https:\/\/svemirplus.me\/product\/daikin-precistac-mck55w\/#primaryimage"},"image":{"@id":"https:\/\/svemirplus.me\/product\/daikin-precistac-mck55w\/#primaryimage"},"thumbnailUrl":"https:\/\/svemirplus.me\/wp-content\/uploads\/2025\/09\/Precistac-MCK555AW-SAJT-1.png","datePublished":"2025-09-01T11:47:25+00:00","dateModified":"2026-03-05T10:56:00+00:00","breadcrumb":{"@id":"https:\/\/svemirplus.me\/product\/daikin-precistac-mck55w\/#breadcrumb"},"inLanguage":"en-US","potentialAction":[{"@type":"ReadAction","target":["https:\/\/svemirplus.me\/product\/daikin-precistac-mck55w\/"]}]},{"@type":"ImageObject","inLanguage":"en-US","@id":"https:\/\/svemirplus.me\/product\/daikin-precistac-mck55w\/#primaryimage","url":"https:\/\/svemirplus.me\/wp-content\/uploads\/2025\/09\/Precistac-MCK555AW-SAJT-1.png","contentUrl":"https:\/\/svemirplus.me\/wp-content\/uploads\/2025\/09\/Precistac-MCK555AW-SAJT-1.png","width":800,"height":800},{"@type":"BreadcrumbList","@id":"https:\/\/svemirplus.me\/product\/daikin-precistac-mck55w\/#breadcrumb","itemListElement":[{"@type":"ListItem","position":1,"name":"Home","item":"https:\/\/svemirplus.me\/"},{"@type":"ListItem","position":2,"name":"Proizvodi","item":"https:\/\/svemirplus.me\/proizvodi\/"},{"@type":"ListItem","position":3,"name":"Daikin MCK555AW ( pre\u010dista\u010d, ovla\u017eiva\u010d i odvla\u017eiva\u010d )"}]},{"@type":"WebSite","@id":"https:\/\/svemirplus.me\/#website","url":"https:\/\/svemirplus.me\/","name":"Svemir Plus","description":"Prodaja Klima uredjaja","publisher":{"@id":"https:\/\/svemirplus.me\/#organization"},"potentialAction":[{"@type":"SearchAction","target":{"@type":"EntryPoint","urlTemplate":"https:\/\/svemirplus.me\/?s={search_term_string}"},"query-input":{"@type":"PropertyValueSpecification","valueRequired":true,"valueName":"search_term_string"}}],"inLanguage":"en-US"},{"@type":"Organization","@id":"https:\/\/svemirplus.me\/#organization","name":"Svemir Plus","url":"https:\/\/svemirplus.me\/","logo":{"@type":"ImageObject","inLanguage":"en-US","@id":"https:\/\/svemirplus.me\/#\/schema\/logo\/image\/","url":"https:\/\/svemirplus.me\/wp-content\/uploads\/2025\/06\/logo-svemir-plus.png","contentUrl":"https:\/\/svemirplus.me\/wp-content\/uploads\/2025\/06\/logo-svemir-plus.png","width":143,"height":113,"caption":"Svemir Plus"},"image":{"@id":"https:\/\/svemirplus.me\/#\/schema\/logo\/image\/"}}]}},"_links":{"self":[{"href":"https:\/\/svemirplus.me\/en\/wp-json\/wp\/v2\/product\/4733","targetHints":{"allow":["GET"]}}],"collection":[{"href":"https:\/\/svemirplus.me\/en\/wp-json\/wp\/v2\/product"}],"about":[{"href":"https:\/\/svemirplus.me\/en\/wp-json\/wp\/v2\/types\/product"}],"version-history":[{"count":4,"href":"https:\/\/svemirplus.me\/en\/wp-json\/wp\/v2\/product\/4733\/revisions"}],"predecessor-version":[{"id":4874,"href":"https:\/\/svemirplus.me\/en\/wp-json\/wp\/v2\/product\/4733\/revisions\/4874"}],"wp:featuredmedia":[{"embeddable":true,"href":"https:\/\/svemirplus.me\/en\/wp-json\/wp\/v2\/media\/4865"}],"wp:attachment":[{"href":"https:\/\/svemirplus.me\/en\/wp-json\/wp\/v2\/media?parent=4733"}],"wp:term":[{"taxonomy":"brand","embeddable":true,"href":"https:\/\/svemirplus.me\/en\/wp-json\/wp\/v2\/etheme_brands?post=4733"},{"taxonomy":"product_brand","embeddable":true,"href":"https:\/\/svemirplus.me\/en\/wp-json\/wp\/v2\/product_brand?post=4733"},{"taxonomy":"product_cat","embeddable":true,"href":"https:\/\/svemirplus.me\/en\/wp-json\/wp\/v2\/product_cat?post=4733"},{"taxonomy":"product_tag","embeddable":true,"href":"https:\/\/svemirplus.me\/en\/wp-json\/wp\/v2\/product_tag?post=4733"}],"curies":[{"name":"wp","href":"https:\/\/api.w.org\/{rel}","templated":true}]}}