{"id":4503,"date":"2025-08-04T11:19:24","date_gmt":"2025-08-04T11:19:24","guid":{"rendered":"https:\/\/svemirplus.me\/?post_type=product&#038;p=4503"},"modified":"2026-04-06T07:14:29","modified_gmt":"2026-04-06T07:14:29","slug":"daikin-sensira-ftxf42-rxf42-16k","status":"publish","type":"product","link":"https:\/\/svemirplus.me\/en\/product\/daikin-sensira-ftxf42-rxf42-16k\/","title":{"rendered":"Daikin Sensira FTXF42 \/ RXF42 16K"},"content":{"rendered":"<p data-start=\"178\" data-end=\"242\"><strong data-start=\"178\" data-end=\"242\">Pouzdana snaga i udobnost \u2013 za ve\u0107e prostore bez kompromisa.<\/strong><\/p>\n<p data-start=\"244\" data-end=\"618\">Daikin Sensira C 16K donosi stabilne performanse, visoku energetsku efikasnost i diskretan rad \u2014 sve \u0161to je potrebno za prijatnu klimu u ve\u0107im dnevnim sobama, kancelarijama ili prostorima sa vi\u0161e ljudi. Model se odlikuje jednostavnim dizajnom koji se lako uklapa u razli\u010dite stilove enterijera, dok njegova funkcionalnost zadovoljava potrebe \u010dak i najzahtjevnijih korisnika.<\/p>\n<p data-start=\"620\" data-end=\"993\">Opremljen najnovijom inverter tehnologijom, ovaj ure\u0111aj omogu\u0107ava brzo dostizanje \u017eeljene temperature uz optimalnu potro\u0161nju struje. Uz to, koristi rashladni gas R-32, koji ima manji uticaj na \u017eivotnu sredinu i doprinosi energetskoj efikasnosti ure\u0111aja. Ugra\u0111eni filteri brinu o kvalitetu vazduha, dok niz korisnih funkcija \u010dini svakodnevnu upotrebu jednostavnom i udobnom.<\/p>\n<p data-start=\"995\" data-end=\"1141\">Idealno rje\u0161enje za korisnike kojima je va\u017ean balans izme\u0111u cijene, performansi i pouzdanosti \u2013 uz Daikin kvalitet kao garanciju dugotrajnog rada.<\/p>\n<p data-start=\"995\" data-end=\"1141\"><a href=\"https:\/\/svemirplus.me\/wp-content\/uploads\/2025\/08\/Sensira-letak-Svemir-plus-d.-o.-o.pdf\">Sensira tehni\u010dki list &#8211; kliknite za preuzimanje.<\/a><\/p>\n","protected":false},"excerpt":{"rendered":"<div class=\"flex basis-auto flex-col -mb-(--composer-overlap-px) [--composer-overlap-px:55px] grow overflow-hidden\">\n<div class=\"relative h-full\">\n<div class=\"flex h-full flex-col overflow-y-auto [scrollbar-gutter:stable_both-edges] @[84rem]\/thread:pt-(--header-height)\">\n<div class=\"@thread-xl\/thread:pt-header-height flex flex-col text-sm pb-25\">\n<article class=\"text-token-text-primary w-full focus:outline-none scroll-mt-[calc(var(--header-height)+min(200px,max(70px,20svh)))]\" dir=\"auto\" tabindex=\"-1\" data-testid=\"conversation-turn-136\" data-scroll-anchor=\"true\" data-turn=\"assistant\">\n<div class=\"text-base my-auto mx-auto pb-10 [--thread-content-margin:--spacing(4)] @[37rem]:[--thread-content-margin:--spacing(6)] @[72rem]:[--thread-content-margin:--spacing(16)] px-(--thread-content-margin)\">\n<div class=\"[--thread-content-max-width:32rem] @[34rem]:[--thread-content-max-width:40rem] @[64rem]:[--thread-content-max-width:48rem] mx-auto max-w-(--thread-content-max-width) flex-1 group\/turn-messages focus-visible:outline-hidden relative flex w-full min-w-0 flex-col agent-turn\" tabindex=\"-1\">\n<div class=\"flex max-w-full flex-col grow\">\n<div class=\"min-h-8 text-message relative flex w-full flex-col items-end gap-2 text-start break-words whitespace-normal [.text-message+&amp;]:mt-5\" dir=\"auto\" data-message-author-role=\"assistant\" data-message-id=\"a5744ebc-4589-4087-8819-be60e22611dc\" data-message-model-slug=\"gpt-4o\">\n<div class=\"flex w-full flex-col gap-1 empty:hidden first:pt-[3px]\">\n<div class=\"streaming-animation markdown prose dark:prose-invert w-full break-words light markdown-new-styling\">\n<ul data-start=\"1193\" data-end=\"2180\" data-is-only-node=\"\" data-is-last-node=\"\">\n<li data-start=\"1193\" data-end=\"1305\">\n<p data-start=\"1195\" data-end=\"1305\"><strong data-start=\"1195\" data-end=\"1229\">Energetska efikasnost A++ \/ A+<\/strong><br data-start=\"1229\" data-end=\"1232\" \/>Napredna potro\u0161nja u re\u017eimu hla\u0111enja i odli\u010dna efikasnost pri grijanju.<\/p>\n<\/li>\n<li data-start=\"1307\" data-end=\"1409\">\n<p data-start=\"1309\" data-end=\"1409\"><strong data-start=\"1309\" data-end=\"1335\">Tih rad \u2013 ve\u0107 od 21 dB<\/strong><br data-start=\"1335\" data-end=\"1338\" \/>Diskretan i neupadljiv rad, gotovo ne\u010dujan i pri vi\u0161im optere\u0107enjima.<\/p>\n<\/li>\n<li data-start=\"1411\" data-end=\"1500\">\n<p data-start=\"1413\" data-end=\"1500\"><strong data-start=\"1413\" data-end=\"1435\">Rashladni gas R-32<\/strong><br data-start=\"1435\" data-end=\"1438\" \/>Ekolo\u0161ki prihvatljiv, lak\u0161i za punjenje i efikasniji u radu.<\/p>\n<\/li>\n<li data-start=\"1502\" data-end=\"1610\">\n<p data-start=\"1504\" data-end=\"1610\"><strong data-start=\"1504\" data-end=\"1542\">Inverter kompresor nove generacije<\/strong><br data-start=\"1542\" data-end=\"1545\" \/>Brzo posti\u017ee i odr\u017eava \u017eeljenu temperaturu uz dugoro\u010dne u\u0161tede.<\/p>\n<\/li>\n<li data-start=\"1612\" data-end=\"1704\">\n<p data-start=\"1614\" data-end=\"1704\"><strong data-start=\"1614\" data-end=\"1629\">No\u0107ni re\u017eim<\/strong><br data-start=\"1629\" data-end=\"1632\" \/>Automatsko smanjenje buke i prilago\u0111avanje temperature tokom spavanja.<\/p>\n<\/li>\n<li data-start=\"1706\" data-end=\"1797\">\n<p data-start=\"1708\" data-end=\"1797\"><strong data-start=\"1708\" data-end=\"1730\">Re\u017eim odvla\u017eivanja<\/strong><br data-start=\"1730\" data-end=\"1733\" \/>Efikasno smanjuje vla\u017enost u prostoriji bez prejakog hla\u0111enja.<\/p>\n<\/li>\n<li data-start=\"1799\" data-end=\"1902\">\n<p data-start=\"1801\" data-end=\"1902\"><strong data-start=\"1801\" data-end=\"1823\">Automatski restart<\/strong><br data-start=\"1823\" data-end=\"1826\" \/>U slu\u010daju prekida napajanja, klima se sama vra\u0107a na prethodna pode\u0161avanja.<\/p>\n<\/li>\n<li data-start=\"1904\" data-end=\"2011\">\n<p data-start=\"1906\" data-end=\"2011\"><strong data-start=\"1906\" data-end=\"1941\">Filtar za pre\u010di\u0161\u0107avanje vazduha<\/strong><br data-start=\"1941\" data-end=\"1944\" \/>Pobolj\u0161ava kvalitet vazduha zadr\u017eavanjem sitnih \u010destica i mirisa.<\/p>\n<\/li>\n<li data-start=\"2013\" data-end=\"2107\">\n<p data-start=\"2015\" data-end=\"2107\"><strong data-start=\"2015\" data-end=\"2046\">Wi-Fi upravljanje (opciono)<\/strong><br data-start=\"2046\" data-end=\"2049\" \/>Povezivanje na aplikaciju za daljinsku kontrolu ure\u0111aja.<\/p>\n<\/li>\n<li data-start=\"2109\" data-end=\"2180\" data-is-last-node=\"\">\n<p data-start=\"2111\" data-end=\"2180\" data-is-last-node=\"\"><strong data-start=\"2111\" data-end=\"2148\">Inteligentna distribucija vazduha<\/strong><br data-start=\"2148\" data-end=\"2151\" \/>Ravnomjeran protok<\/p>\n<\/li>\n<\/ul>\n<\/div>\n<\/div>\n<\/div>\n<\/div>\n<\/div>\n<\/div>\n<\/article>\n<\/div>\n<\/div>\n<\/div>\n<\/div>\n","protected":false},"featured_media":4496,"template":"","meta":[],"etheme_brands":[{"term_id":42,"name":"Daikin","slug":"daikin","term_group":0,"term_taxonomy_id":42,"taxonomy":"brand","description":"","parent":0,"count":31,"filter":"raw","term_order":"0"}],"product_brand":[],"product_cat":[105,67,54,19,55,59,65,71,56,57,58],"product_tag":[],"class_list":{"0":"post-4503","1":"product","2":"type-product","3":"status-publish","4":"has-post-thumbnail","6":"brand-daikin","7":"product_cat-16-000btu","8":"product_cat-da","9":"product_cat-vrsta-jedinice","10":"product_cat-split-sistemi","11":"product_cat-snaga","12":"product_cat-zidna","13":"product_cat-a-energetska-efikasnost","14":"product_cat-35-50m","15":"product_cat-energetska-efikasnost","16":"product_cat-wi-fi","17":"product_cat-povrsina","19":"first","20":"instock","21":"sale","22":"shipping-taxable","23":"purchasable","24":"product-type-simple"},"yoast_head":"<!-- This site is optimized with the Yoast SEO plugin v27.4 - https:\/\/yoast.com\/product\/yoast-seo-wordpress\/ -->\n<title>Daikin Sensira FTXF42 \/ RXF42 16K - Svemir Plus<\/title>\n<meta name=\"robots\" content=\"index, follow, max-snippet:-1, max-image-preview:large, max-video-preview:-1\" \/>\n<link rel=\"canonical\" href=\"https:\/\/svemirplus.me\/product\/daikin-sensira-ftxf42-rxf42-16k\/\" \/>\n<meta property=\"og:locale\" content=\"en_US\" \/>\n<meta property=\"og:type\" content=\"article\" \/>\n<meta property=\"og:title\" content=\"Daikin Sensira FTXF42 \/ RXF42 16K - Svemir Plus\" \/>\n<meta property=\"og:description\" content=\"Energetska efikasnost A++ \/ A+Napredna potro\u0161nja u re\u017eimu hla\u0111enja i odli\u010dna efikasnost pri grijanju.    Tih rad \u2013 ve\u0107 od 21 dBDiskretan i neupadljiv rad, gotovo ne\u010dujan i pri vi\u0161im optere\u0107enjima.    Rashladni gas R-32Ekolo\u0161ki prihvatljiv, lak\u0161i za punjenje i efikasniji u radu.    Inverter kompresor nove generacijeBrzo posti\u017ee i odr\u017eava \u017eeljenu temperaturu uz dugoro\u010dne u\u0161tede.    No\u0107ni re\u017eimAutomatsko smanjenje buke i prilago\u0111avanje temperature tokom spavanja.    Re\u017eim odvla\u017eivanjaEfikasno smanjuje vla\u017enost u prostoriji bez prejakog hla\u0111enja.    Automatski restartU slu\u010daju prekida napajanja, klima se sama vra\u0107a na prethodna pode\u0161avanja.    Filtar za pre\u010di\u0161\u0107avanje vazduhaPobolj\u0161ava kvalitet vazduha zadr\u017eavanjem sitnih \u010destica i mirisa.    Wi-Fi upravljanje (opciono)Povezivanje na aplikaciju za daljinsku kontrolu ure\u0111aja.    Inteligentna distribucija vazduhaRavnomjeran protok\" \/>\n<meta property=\"og:url\" content=\"https:\/\/svemirplus.me\/product\/daikin-sensira-ftxf42-rxf42-16k\/\" \/>\n<meta property=\"og:site_name\" content=\"Svemir Plus\" \/>\n<meta property=\"article:modified_time\" content=\"2026-04-06T07:14:29+00:00\" \/>\n<meta property=\"og:image\" content=\"https:\/\/svemirplus.me\/wp-content\/uploads\/2025\/08\/sensira-f.webp\" \/>\n\t<meta property=\"og:image:width\" content=\"751\" \/>\n\t<meta property=\"og:image:height\" content=\"751\" \/>\n\t<meta property=\"og:image:type\" content=\"image\/webp\" \/>\n<meta name=\"twitter:card\" content=\"summary_large_image\" \/>\n<meta name=\"twitter:label1\" content=\"Est. reading time\" \/>\n\t<meta name=\"twitter:data1\" content=\"1 minute\" \/>\n<script type=\"application\/ld+json\" class=\"yoast-schema-graph\">{\"@context\":\"https:\\\/\\\/schema.org\",\"@graph\":[{\"@type\":\"WebPage\",\"@id\":\"https:\\\/\\\/svemirplus.me\\\/product\\\/daikin-sensira-ftxf42-rxf42-16k\\\/\",\"url\":\"https:\\\/\\\/svemirplus.me\\\/product\\\/daikin-sensira-ftxf42-rxf42-16k\\\/\",\"name\":\"Daikin Sensira FTXF42 \\\/ RXF42 16K - Svemir Plus\",\"isPartOf\":{\"@id\":\"https:\\\/\\\/svemirplus.me\\\/#website\"},\"primaryImageOfPage\":{\"@id\":\"https:\\\/\\\/svemirplus.me\\\/product\\\/daikin-sensira-ftxf42-rxf42-16k\\\/#primaryimage\"},\"image\":{\"@id\":\"https:\\\/\\\/svemirplus.me\\\/product\\\/daikin-sensira-ftxf42-rxf42-16k\\\/#primaryimage\"},\"thumbnailUrl\":\"https:\\\/\\\/svemirplus.me\\\/wp-content\\\/uploads\\\/2025\\\/08\\\/sensira-f.webp\",\"datePublished\":\"2025-08-04T11:19:24+00:00\",\"dateModified\":\"2026-04-06T07:14:29+00:00\",\"breadcrumb\":{\"@id\":\"https:\\\/\\\/svemirplus.me\\\/product\\\/daikin-sensira-ftxf42-rxf42-16k\\\/#breadcrumb\"},\"inLanguage\":\"en-US\",\"potentialAction\":[{\"@type\":\"ReadAction\",\"target\":[\"https:\\\/\\\/svemirplus.me\\\/product\\\/daikin-sensira-ftxf42-rxf42-16k\\\/\"]}]},{\"@type\":\"ImageObject\",\"inLanguage\":\"en-US\",\"@id\":\"https:\\\/\\\/svemirplus.me\\\/product\\\/daikin-sensira-ftxf42-rxf42-16k\\\/#primaryimage\",\"url\":\"https:\\\/\\\/svemirplus.me\\\/wp-content\\\/uploads\\\/2025\\\/08\\\/sensira-f.webp\",\"contentUrl\":\"https:\\\/\\\/svemirplus.me\\\/wp-content\\\/uploads\\\/2025\\\/08\\\/sensira-f.webp\",\"width\":751,\"height\":751},{\"@type\":\"BreadcrumbList\",\"@id\":\"https:\\\/\\\/svemirplus.me\\\/product\\\/daikin-sensira-ftxf42-rxf42-16k\\\/#breadcrumb\",\"itemListElement\":[{\"@type\":\"ListItem\",\"position\":1,\"name\":\"Home\",\"item\":\"https:\\\/\\\/svemirplus.me\\\/\"},{\"@type\":\"ListItem\",\"position\":2,\"name\":\"Proizvodi\",\"item\":\"https:\\\/\\\/svemirplus.me\\\/proizvodi\\\/\"},{\"@type\":\"ListItem\",\"position\":3,\"name\":\"Daikin Sensira FTXF42 \\\/ RXF42 16K\"}]},{\"@type\":\"WebSite\",\"@id\":\"https:\\\/\\\/svemirplus.me\\\/#website\",\"url\":\"https:\\\/\\\/svemirplus.me\\\/\",\"name\":\"Svemir Plus\",\"description\":\"Prodaja Klima uredjaja\",\"publisher\":{\"@id\":\"https:\\\/\\\/svemirplus.me\\\/#organization\"},\"potentialAction\":[{\"@type\":\"SearchAction\",\"target\":{\"@type\":\"EntryPoint\",\"urlTemplate\":\"https:\\\/\\\/svemirplus.me\\\/?s={search_term_string}\"},\"query-input\":{\"@type\":\"PropertyValueSpecification\",\"valueRequired\":true,\"valueName\":\"search_term_string\"}}],\"inLanguage\":\"en-US\"},{\"@type\":\"Organization\",\"@id\":\"https:\\\/\\\/svemirplus.me\\\/#organization\",\"name\":\"Svemir Plus\",\"url\":\"https:\\\/\\\/svemirplus.me\\\/\",\"logo\":{\"@type\":\"ImageObject\",\"inLanguage\":\"en-US\",\"@id\":\"https:\\\/\\\/svemirplus.me\\\/#\\\/schema\\\/logo\\\/image\\\/\",\"url\":\"https:\\\/\\\/svemirplus.me\\\/wp-content\\\/uploads\\\/2025\\\/06\\\/logo-svemir-plus.png\",\"contentUrl\":\"https:\\\/\\\/svemirplus.me\\\/wp-content\\\/uploads\\\/2025\\\/06\\\/logo-svemir-plus.png\",\"width\":143,\"height\":113,\"caption\":\"Svemir Plus\"},\"image\":{\"@id\":\"https:\\\/\\\/svemirplus.me\\\/#\\\/schema\\\/logo\\\/image\\\/\"}}]}<\/script>\n<!-- \/ Yoast SEO plugin. -->","yoast_head_json":{"title":"Daikin Sensira FTXF42 \/ RXF42 16K - Svemir Plus","robots":{"index":"index","follow":"follow","max-snippet":"max-snippet:-1","max-image-preview":"max-image-preview:large","max-video-preview":"max-video-preview:-1"},"canonical":"https:\/\/svemirplus.me\/product\/daikin-sensira-ftxf42-rxf42-16k\/","og_locale":"en_US","og_type":"article","og_title":"Daikin Sensira FTXF42 \/ RXF42 16K - Svemir Plus","og_description":"Energetska efikasnost A++ \/ A+Napredna potro\u0161nja u re\u017eimu hla\u0111enja i odli\u010dna efikasnost pri grijanju.    Tih rad \u2013 ve\u0107 od 21 dBDiskretan i neupadljiv rad, gotovo ne\u010dujan i pri vi\u0161im optere\u0107enjima.    Rashladni gas R-32Ekolo\u0161ki prihvatljiv, lak\u0161i za punjenje i efikasniji u radu.    Inverter kompresor nove generacijeBrzo posti\u017ee i odr\u017eava \u017eeljenu temperaturu uz dugoro\u010dne u\u0161tede.    No\u0107ni re\u017eimAutomatsko smanjenje buke i prilago\u0111avanje temperature tokom spavanja.    Re\u017eim odvla\u017eivanjaEfikasno smanjuje vla\u017enost u prostoriji bez prejakog hla\u0111enja.    Automatski restartU slu\u010daju prekida napajanja, klima se sama vra\u0107a na prethodna pode\u0161avanja.    Filtar za pre\u010di\u0161\u0107avanje vazduhaPobolj\u0161ava kvalitet vazduha zadr\u017eavanjem sitnih \u010destica i mirisa.    Wi-Fi upravljanje (opciono)Povezivanje na aplikaciju za daljinsku kontrolu ure\u0111aja.    Inteligentna distribucija vazduhaRavnomjeran protok","og_url":"https:\/\/svemirplus.me\/product\/daikin-sensira-ftxf42-rxf42-16k\/","og_site_name":"Svemir Plus","article_modified_time":"2026-04-06T07:14:29+00:00","og_image":[{"width":751,"height":751,"url":"https:\/\/svemirplus.me\/wp-content\/uploads\/2025\/08\/sensira-f.webp","type":"image\/webp"}],"twitter_card":"summary_large_image","twitter_misc":{"Est. reading time":"1 minute"},"schema":{"@context":"https:\/\/schema.org","@graph":[{"@type":"WebPage","@id":"https:\/\/svemirplus.me\/product\/daikin-sensira-ftxf42-rxf42-16k\/","url":"https:\/\/svemirplus.me\/product\/daikin-sensira-ftxf42-rxf42-16k\/","name":"Daikin Sensira FTXF42 \/ RXF42 16K - Svemir Plus","isPartOf":{"@id":"https:\/\/svemirplus.me\/#website"},"primaryImageOfPage":{"@id":"https:\/\/svemirplus.me\/product\/daikin-sensira-ftxf42-rxf42-16k\/#primaryimage"},"image":{"@id":"https:\/\/svemirplus.me\/product\/daikin-sensira-ftxf42-rxf42-16k\/#primaryimage"},"thumbnailUrl":"https:\/\/svemirplus.me\/wp-content\/uploads\/2025\/08\/sensira-f.webp","datePublished":"2025-08-04T11:19:24+00:00","dateModified":"2026-04-06T07:14:29+00:00","breadcrumb":{"@id":"https:\/\/svemirplus.me\/product\/daikin-sensira-ftxf42-rxf42-16k\/#breadcrumb"},"inLanguage":"en-US","potentialAction":[{"@type":"ReadAction","target":["https:\/\/svemirplus.me\/product\/daikin-sensira-ftxf42-rxf42-16k\/"]}]},{"@type":"ImageObject","inLanguage":"en-US","@id":"https:\/\/svemirplus.me\/product\/daikin-sensira-ftxf42-rxf42-16k\/#primaryimage","url":"https:\/\/svemirplus.me\/wp-content\/uploads\/2025\/08\/sensira-f.webp","contentUrl":"https:\/\/svemirplus.me\/wp-content\/uploads\/2025\/08\/sensira-f.webp","width":751,"height":751},{"@type":"BreadcrumbList","@id":"https:\/\/svemirplus.me\/product\/daikin-sensira-ftxf42-rxf42-16k\/#breadcrumb","itemListElement":[{"@type":"ListItem","position":1,"name":"Home","item":"https:\/\/svemirplus.me\/"},{"@type":"ListItem","position":2,"name":"Proizvodi","item":"https:\/\/svemirplus.me\/proizvodi\/"},{"@type":"ListItem","position":3,"name":"Daikin Sensira FTXF42 \/ RXF42 16K"}]},{"@type":"WebSite","@id":"https:\/\/svemirplus.me\/#website","url":"https:\/\/svemirplus.me\/","name":"Svemir Plus","description":"Prodaja Klima uredjaja","publisher":{"@id":"https:\/\/svemirplus.me\/#organization"},"potentialAction":[{"@type":"SearchAction","target":{"@type":"EntryPoint","urlTemplate":"https:\/\/svemirplus.me\/?s={search_term_string}"},"query-input":{"@type":"PropertyValueSpecification","valueRequired":true,"valueName":"search_term_string"}}],"inLanguage":"en-US"},{"@type":"Organization","@id":"https:\/\/svemirplus.me\/#organization","name":"Svemir Plus","url":"https:\/\/svemirplus.me\/","logo":{"@type":"ImageObject","inLanguage":"en-US","@id":"https:\/\/svemirplus.me\/#\/schema\/logo\/image\/","url":"https:\/\/svemirplus.me\/wp-content\/uploads\/2025\/06\/logo-svemir-plus.png","contentUrl":"https:\/\/svemirplus.me\/wp-content\/uploads\/2025\/06\/logo-svemir-plus.png","width":143,"height":113,"caption":"Svemir Plus"},"image":{"@id":"https:\/\/svemirplus.me\/#\/schema\/logo\/image\/"}}]}},"_links":{"self":[{"href":"https:\/\/svemirplus.me\/en\/wp-json\/wp\/v2\/product\/4503","targetHints":{"allow":["GET"]}}],"collection":[{"href":"https:\/\/svemirplus.me\/en\/wp-json\/wp\/v2\/product"}],"about":[{"href":"https:\/\/svemirplus.me\/en\/wp-json\/wp\/v2\/types\/product"}],"version-history":[{"count":3,"href":"https:\/\/svemirplus.me\/en\/wp-json\/wp\/v2\/product\/4503\/revisions"}],"predecessor-version":[{"id":4913,"href":"https:\/\/svemirplus.me\/en\/wp-json\/wp\/v2\/product\/4503\/revisions\/4913"}],"wp:featuredmedia":[{"embeddable":true,"href":"https:\/\/svemirplus.me\/en\/wp-json\/wp\/v2\/media\/4496"}],"wp:attachment":[{"href":"https:\/\/svemirplus.me\/en\/wp-json\/wp\/v2\/media?parent=4503"}],"wp:term":[{"taxonomy":"brand","embeddable":true,"href":"https:\/\/svemirplus.me\/en\/wp-json\/wp\/v2\/etheme_brands?post=4503"},{"taxonomy":"product_brand","embeddable":true,"href":"https:\/\/svemirplus.me\/en\/wp-json\/wp\/v2\/product_brand?post=4503"},{"taxonomy":"product_cat","embeddable":true,"href":"https:\/\/svemirplus.me\/en\/wp-json\/wp\/v2\/product_cat?post=4503"},{"taxonomy":"product_tag","embeddable":true,"href":"https:\/\/svemirplus.me\/en\/wp-json\/wp\/v2\/product_tag?post=4503"}],"curies":[{"name":"wp","href":"https:\/\/api.w.org\/{rel}","templated":true}]}}