{"id":4394,"date":"2025-08-04T08:29:41","date_gmt":"2025-08-04T08:29:41","guid":{"rendered":"https:\/\/svemirplus.me\/?post_type=product&#038;p=4394"},"modified":"2026-04-04T10:12:19","modified_gmt":"2026-04-04T10:12:19","slug":"haier-flexis-plus-24k","status":"publish","type":"product","link":"https:\/\/svemirplus.me\/en\/product\/haier-flexis-plus-24k\/","title":{"rendered":"Haier Flexis plus 24K"},"content":{"rendered":"<p data-start=\"140\" data-end=\"190\"><strong data-start=\"140\" data-end=\"190\">Snaga u ti\u0161ini, inteligencija u svakom dahu.\u201c<\/strong><\/p>\n<p data-start=\"197\" data-end=\"514\">Haier <strong data-start=\"203\" data-end=\"222\">Flexis Plus <\/strong>\u00a0je model koji donosi savremenu klimatizaciju u prostor u kojem dominiraju zahtjevi za snagom, komforom i tihim radom. Ova jedinica je stvorena za ve\u0107e prostorije koje tra\u017ee sna\u017ean, ali neupadljiv u\u010dinak \u2014 ure\u0111aj koji zna da ostane neprimjetan dok pravi klju\u010dnu razliku u svakodnevnom \u017eivotu.<\/p>\n<p data-start=\"516\" data-end=\"870\">Dizajnirana s akcentom na pametnu funkcionalnost, Flexis Plus koristi <strong data-start=\"586\" data-end=\"600\">Eco Sensor<\/strong> tehnologiju koja prepoznaje prisustvo ljudi u prostoru i automatski prilago\u0111ava re\u017eim rada radi u\u0161tede energije i maksimalnog komfora. Zahvaljuju\u0107i <strong data-start=\"749\" data-end=\"770\">Wi\u2011Fi povezivanju<\/strong>, korisnik u svakom trenutku ima potpunu kontrolu nad klimom u prostoru \u2014 bez obzira gdje se nalazi.<!--more--><\/p>\n<p data-start=\"872\" data-end=\"1157\">Poseban akcenat stavljen je na <strong data-start=\"903\" data-end=\"923\">kvalitet vazduha<\/strong>: sa funkcijom <strong data-start=\"938\" data-end=\"960\">UV-C sterilizacije<\/strong> i <strong data-start=\"963\" data-end=\"986\">Self Clean sistemom<\/strong>, Flexis Plus se brine da vazduh bude ne samo svje\u017e, ve\u0107 i higijenski \u010dist. Ure\u0111aj koristi <strong data-start=\"1077\" data-end=\"1090\">R32 freon<\/strong> koji pru\u017ea visoku efikasnost uz smanjen uticaj na \u017eivotnu sredinu.<\/p>\n<p data-start=\"1159\" data-end=\"1447\">Rad pri <strong data-start=\"1167\" data-end=\"1197\">izuzetno niskom nivou buke<\/strong>, kao i <strong data-start=\"1205\" data-end=\"1226\">3D protok vazduha<\/strong>, omogu\u0107avaju ravnomjernu i nenametljivu distribuciju klimatizovanog zraka \u2013 bez jakih mlazova i neugodnog strujanja. Sve to dolazi zapakovano u modernom, minimalisti\u010dkom dizajnu koji se savr\u0161eno uklapa u svaki enterijer.<\/p>\n<p data-start=\"1449\" data-end=\"1603\"><strong data-start=\"1449\" data-end=\"1468\">Flexis Plus <\/strong>je vi\u0161e od klime \u2014 to je partner koji radi tiho, ali pru\u017ea osje\u0107aj kontrole, \u010disto\u0107e i udobnosti kakav o\u010dekuju oni koji \u017eele najbolje.<\/p>\n<p data-start=\"1449\" data-end=\"1603\"><a href=\"https:\/\/svemirplus.me\/wp-content\/uploads\/2025\/08\/TEH_HAIER-FLEXIS-PLUS.pdf\">Haier Flexis plus &#8211; tehni\u010dki list.<\/a><\/p>\n","protected":false},"excerpt":{"rendered":"<article class=\"text-token-text-primary w-full focus:outline-none scroll-mt-[calc(var(--header-height)+min(200px,max(70px,20svh)))]\" dir=\"auto\" tabindex=\"-1\" data-testid=\"conversation-turn-80\" data-scroll-anchor=\"false\" data-turn=\"assistant\">\n<div class=\"text-base my-auto mx-auto [--thread-content-margin:--spacing(4)] @[37rem]:[--thread-content-margin:--spacing(6)] @[72rem]:[--thread-content-margin:--spacing(16)] px-(--thread-content-margin)\">\n<div class=\"[--thread-content-max-width:32rem] @[34rem]:[--thread-content-max-width:40rem] @[64rem]:[--thread-content-max-width:48rem] mx-auto max-w-(--thread-content-max-width) flex-1 group\/turn-messages focus-visible:outline-hidden relative flex w-full min-w-0 flex-col agent-turn\" tabindex=\"-1\">\n<div class=\"flex max-w-full flex-col grow\">\n<div class=\"min-h-8 text-message relative flex w-full flex-col items-end gap-2 text-start break-words whitespace-normal [.text-message+&amp;]:mt-5\" dir=\"auto\" data-message-author-role=\"assistant\" data-message-id=\"1f120a25-0040-4fd6-96e8-f4821d2e2aaa\" data-message-model-slug=\"gpt-4o\">\n<div class=\"flex w-full flex-col gap-1 empty:hidden first:pt-[3px]\">\n<div class=\"markdown prose dark:prose-invert w-full break-words light markdown-new-styling\">\n<ol data-start=\"233\" data-end=\"1583\" data-is-last-node=\"\" data-is-only-node=\"\">\n<li data-start=\"233\" data-end=\"384\">\n<p data-start=\"236\" data-end=\"384\"><strong data-start=\"236\" data-end=\"292\">Energetska efikasnost A++ u hla\u0111enju i A+++ u grijanju<\/strong><br data-start=\"292\" data-end=\"295\" \/>\u2013 Napredna inverter tehnologija omogu\u0107ava efikasan i \u0161tedljiv rad tokom cijele godine.<\/p>\n<\/li>\n<li data-start=\"386\" data-end=\"542\">\n<p data-start=\"389\" data-end=\"542\"><strong data-start=\"389\" data-end=\"431\">Wi\u2011Fi upravljanje putem aplikacije hOn<\/strong><br data-start=\"431\" data-end=\"434\" \/>\u2013 Omogu\u0107ava potpunu kontrolu ure\u0111aja putem mobilnog telefona \u2013 od pode\u0161avanja temperature do zakazivanja.<\/p>\n<\/li>\n<li data-start=\"544\" data-end=\"665\">\n<p data-start=\"547\" data-end=\"665\"><strong data-start=\"547\" data-end=\"569\">UV\u2011C sterilizacija<\/strong><br data-start=\"569\" data-end=\"572\" \/>\u2013 Ugra\u0111ena UV-C LED lampa neutrali\u0161e viruse i bakterije u unutra\u0161njoj jedinici tokom rada.<\/p>\n<\/li>\n<li data-start=\"667\" data-end=\"821\">\n<p data-start=\"670\" data-end=\"821\"><strong data-start=\"670\" data-end=\"715\">Self Clean \u2013 automatsko dubinsko \u010di\u0161\u0107enje<\/strong><br data-start=\"715\" data-end=\"718\" \/>\u2013 Ure\u0111aj se automatski zale\u0111uje i odle\u0111uje kako bi o\u010distio ispariva\u010d i uklonio pra\u0161inu, vlagu i bu\u0111.<\/p>\n<\/li>\n<li data-start=\"823\" data-end=\"954\">\n<p data-start=\"826\" data-end=\"954\"><strong data-start=\"826\" data-end=\"862\">Eco Sensor (detekcija prisustva)<\/strong><br data-start=\"862\" data-end=\"865\" \/>\u2013 Registruje da li ima osoba u prostoriji i prema tome automatski reguli\u0161e snagu rada.<\/p>\n<\/li>\n<li data-start=\"956\" data-end=\"1087\">\n<p data-start=\"959\" data-end=\"1087\"><strong data-start=\"959\" data-end=\"980\">3D protok vazduha<\/strong><br data-start=\"980\" data-end=\"983\" \/>\u2013 Horizontalne i vertikalne lamele rade zajedno kako bi se vazduh ravnomjerno rasporedio po prostoru.<\/p>\n<\/li>\n<li data-start=\"1089\" data-end=\"1218\">\n<p data-start=\"1092\" data-end=\"1218\"><strong data-start=\"1092\" data-end=\"1121\">Super tihi rad \u2013 od 20 dB<\/strong><br data-start=\"1121\" data-end=\"1124\" \/>\u2013 Minimalan nivo buke u unutra\u0161njoj jedinici omogu\u0107ava neometan rad, san ili koncentraciju.<\/p>\n<\/li>\n<li data-start=\"1220\" data-end=\"1398\">\n<p data-start=\"1223\" data-end=\"1398\"><strong data-start=\"1223\" data-end=\"1278\">Rad pri spoljnim temperaturama do -20\u202f\u00b0C u grijanju<\/strong><br data-start=\"1278\" data-end=\"1281\" \/>\u2013 Stabilan rad \u010dak i u hladnim zimskim uslovima zahvaljuju\u0107i optimizovanom kompresoru i grija\u010du posude kondenzata.<\/p>\n<\/li>\n<li data-start=\"1400\" data-end=\"1534\">\n<p data-start=\"1403\" data-end=\"1534\"><strong data-start=\"1403\" data-end=\"1425\">R32 ekolo\u0161ki freon<\/strong><br data-start=\"1425\" data-end=\"1428\" \/>\u2013 Manje \u0161tetan po okolinu i efikasniji u radu u pore\u0111enju sa prethodnim generacijama rashladnih gasova.<\/p>\n<\/li>\n<li data-start=\"1536\" data-end=\"1583\" data-is-last-node=\"\">\n<p data-start=\"1540\" data-end=\"1583\" data-is-last-node=\"\"><strong>Garancija 5 godina<\/strong> (2 + 3 )<\/p>\n<\/li>\n<\/ol>\n<\/div>\n<\/div>\n<\/div>\n<\/div>\n<div class=\"flex min-h-[46px] justify-start\"><\/div>\n<\/div>\n<\/div>\n<\/article>\n<article class=\"text-token-text-primary w-full focus:outline-none scroll-mt-(--header-height)\" dir=\"auto\" tabindex=\"-1\" data-testid=\"conversation-turn-81\" data-scroll-anchor=\"false\" data-turn=\"user\">\n<h5 class=\"sr-only\"><\/h5>\n<\/article>\n","protected":false},"featured_media":4045,"template":"","meta":[],"etheme_brands":[{"term_id":43,"name":"Haier","slug":"haier","term_group":0,"term_taxonomy_id":43,"taxonomy":"brand","description":"","parent":0,"count":38,"filter":"raw","term_order":"0"}],"product_brand":[],"product_cat":[107,67,54,19,55,59,56,66,72,57,58],"product_tag":[],"class_list":{"0":"post-4394","1":"product","2":"type-product","3":"status-publish","4":"has-post-thumbnail","6":"brand-haier","7":"product_cat-24-000btu","8":"product_cat-da","9":"product_cat-vrsta-jedinice","10":"product_cat-split-sistemi","11":"product_cat-snaga","12":"product_cat-zidna","13":"product_cat-energetska-efikasnost","14":"product_cat-a-energetska-efikasnost-split-sistemi","15":"product_cat-50-65m","16":"product_cat-wi-fi","17":"product_cat-povrsina","19":"first","20":"instock","21":"sale","22":"shipping-taxable","23":"purchasable","24":"product-type-simple"},"yoast_head":"<!-- This site is optimized with the Yoast SEO plugin v27.4 - https:\/\/yoast.com\/product\/yoast-seo-wordpress\/ -->\n<title>Haier Flexis plus 24K - Svemir Plus<\/title>\n<meta name=\"robots\" content=\"index, follow, max-snippet:-1, max-image-preview:large, max-video-preview:-1\" \/>\n<link rel=\"canonical\" href=\"https:\/\/svemirplus.me\/product\/haier-flexis-plus-24k\/\" \/>\n<meta property=\"og:locale\" content=\"en_US\" \/>\n<meta property=\"og:type\" content=\"article\" \/>\n<meta property=\"og:title\" content=\"Haier Flexis plus 24K - Svemir Plus\" \/>\n<meta property=\"og:description\" content=\"Energetska efikasnost A++ u hla\u0111enju i A+++ u grijanju\u2013 Napredna inverter tehnologija omogu\u0107ava efikasan i \u0161tedljiv rad tokom cijele godine.    Wi\u2011Fi upravljanje putem aplikacije hOn\u2013 Omogu\u0107ava potpunu kontrolu ure\u0111aja putem mobilnog telefona \u2013 od pode\u0161avanja temperature do zakazivanja.    UV\u2011C sterilizacija\u2013 Ugra\u0111ena UV-C LED lampa neutrali\u0161e viruse i bakterije u unutra\u0161njoj jedinici tokom rada.    Self Clean \u2013 automatsko dubinsko \u010di\u0161\u0107enje\u2013 Ure\u0111aj se automatski zale\u0111uje i odle\u0111uje kako bi o\u010distio ispariva\u010d i uklonio pra\u0161inu, vlagu i bu\u0111.    Eco Sensor (detekcija prisustva)\u2013 Registruje da li ima osoba u prostoriji i prema tome automatski reguli\u0161e snagu rada.    3D protok vazduha\u2013 Horizontalne i vertikalne lamele rade zajedno kako bi se vazduh ravnomjerno rasporedio po prostoru.    Super tihi rad \u2013 od 20 dB\u2013 Minimalan nivo buke u unutra\u0161njoj jedinici omogu\u0107ava neometan rad, san ili koncentraciju.    Rad pri spoljnim temperaturama do -20\u202f\u00b0C u grijanju\u2013 Stabilan rad \u010dak i u hladnim zimskim uslovima zahvaljuju\u0107i optimizovanom kompresoru i grija\u010du posude kondenzata.    R32 ekolo\u0161ki freon\u2013 Manje \u0161tetan po okolinu i efikasniji u radu u pore\u0111enju sa prethodnim generacijama rashladnih gasova.    Garancija 5 godina (2 + 3 )\" \/>\n<meta property=\"og:url\" content=\"https:\/\/svemirplus.me\/product\/haier-flexis-plus-24k\/\" \/>\n<meta property=\"og:site_name\" content=\"Svemir Plus\" \/>\n<meta property=\"article:modified_time\" content=\"2026-04-04T10:12:19+00:00\" \/>\n<meta property=\"og:image\" content=\"https:\/\/svemirplus.me\/wp-content\/uploads\/2025\/06\/Flexis-white-set.jpg\" \/>\n\t<meta property=\"og:image:width\" content=\"1048\" \/>\n\t<meta property=\"og:image:height\" content=\"1024\" \/>\n\t<meta property=\"og:image:type\" content=\"image\/jpeg\" \/>\n<meta name=\"twitter:card\" content=\"summary_large_image\" \/>\n<meta name=\"twitter:label1\" content=\"Est. reading time\" \/>\n\t<meta name=\"twitter:data1\" content=\"2 minutes\" \/>\n<script type=\"application\/ld+json\" class=\"yoast-schema-graph\">{\"@context\":\"https:\\\/\\\/schema.org\",\"@graph\":[{\"@type\":\"WebPage\",\"@id\":\"https:\\\/\\\/svemirplus.me\\\/product\\\/haier-flexis-plus-24k\\\/\",\"url\":\"https:\\\/\\\/svemirplus.me\\\/product\\\/haier-flexis-plus-24k\\\/\",\"name\":\"Haier Flexis plus 24K - Svemir Plus\",\"isPartOf\":{\"@id\":\"https:\\\/\\\/svemirplus.me\\\/#website\"},\"primaryImageOfPage\":{\"@id\":\"https:\\\/\\\/svemirplus.me\\\/product\\\/haier-flexis-plus-24k\\\/#primaryimage\"},\"image\":{\"@id\":\"https:\\\/\\\/svemirplus.me\\\/product\\\/haier-flexis-plus-24k\\\/#primaryimage\"},\"thumbnailUrl\":\"https:\\\/\\\/svemirplus.me\\\/wp-content\\\/uploads\\\/2025\\\/06\\\/Flexis-white-set.jpg\",\"datePublished\":\"2025-08-04T08:29:41+00:00\",\"dateModified\":\"2026-04-04T10:12:19+00:00\",\"breadcrumb\":{\"@id\":\"https:\\\/\\\/svemirplus.me\\\/product\\\/haier-flexis-plus-24k\\\/#breadcrumb\"},\"inLanguage\":\"en-US\",\"potentialAction\":[{\"@type\":\"ReadAction\",\"target\":[\"https:\\\/\\\/svemirplus.me\\\/product\\\/haier-flexis-plus-24k\\\/\"]}]},{\"@type\":\"ImageObject\",\"inLanguage\":\"en-US\",\"@id\":\"https:\\\/\\\/svemirplus.me\\\/product\\\/haier-flexis-plus-24k\\\/#primaryimage\",\"url\":\"https:\\\/\\\/svemirplus.me\\\/wp-content\\\/uploads\\\/2025\\\/06\\\/Flexis-white-set.jpg\",\"contentUrl\":\"https:\\\/\\\/svemirplus.me\\\/wp-content\\\/uploads\\\/2025\\\/06\\\/Flexis-white-set.jpg\",\"width\":1048,\"height\":1024},{\"@type\":\"BreadcrumbList\",\"@id\":\"https:\\\/\\\/svemirplus.me\\\/product\\\/haier-flexis-plus-24k\\\/#breadcrumb\",\"itemListElement\":[{\"@type\":\"ListItem\",\"position\":1,\"name\":\"Home\",\"item\":\"https:\\\/\\\/svemirplus.me\\\/\"},{\"@type\":\"ListItem\",\"position\":2,\"name\":\"Proizvodi\",\"item\":\"https:\\\/\\\/svemirplus.me\\\/proizvodi\\\/\"},{\"@type\":\"ListItem\",\"position\":3,\"name\":\"Haier Flexis plus 24K\"}]},{\"@type\":\"WebSite\",\"@id\":\"https:\\\/\\\/svemirplus.me\\\/#website\",\"url\":\"https:\\\/\\\/svemirplus.me\\\/\",\"name\":\"Svemir Plus\",\"description\":\"Prodaja Klima uredjaja\",\"publisher\":{\"@id\":\"https:\\\/\\\/svemirplus.me\\\/#organization\"},\"potentialAction\":[{\"@type\":\"SearchAction\",\"target\":{\"@type\":\"EntryPoint\",\"urlTemplate\":\"https:\\\/\\\/svemirplus.me\\\/?s={search_term_string}\"},\"query-input\":{\"@type\":\"PropertyValueSpecification\",\"valueRequired\":true,\"valueName\":\"search_term_string\"}}],\"inLanguage\":\"en-US\"},{\"@type\":\"Organization\",\"@id\":\"https:\\\/\\\/svemirplus.me\\\/#organization\",\"name\":\"Svemir Plus\",\"url\":\"https:\\\/\\\/svemirplus.me\\\/\",\"logo\":{\"@type\":\"ImageObject\",\"inLanguage\":\"en-US\",\"@id\":\"https:\\\/\\\/svemirplus.me\\\/#\\\/schema\\\/logo\\\/image\\\/\",\"url\":\"https:\\\/\\\/svemirplus.me\\\/wp-content\\\/uploads\\\/2025\\\/06\\\/logo-svemir-plus.png\",\"contentUrl\":\"https:\\\/\\\/svemirplus.me\\\/wp-content\\\/uploads\\\/2025\\\/06\\\/logo-svemir-plus.png\",\"width\":143,\"height\":113,\"caption\":\"Svemir Plus\"},\"image\":{\"@id\":\"https:\\\/\\\/svemirplus.me\\\/#\\\/schema\\\/logo\\\/image\\\/\"}}]}<\/script>\n<!-- \/ Yoast SEO plugin. -->","yoast_head_json":{"title":"Haier Flexis plus 24K - Svemir Plus","robots":{"index":"index","follow":"follow","max-snippet":"max-snippet:-1","max-image-preview":"max-image-preview:large","max-video-preview":"max-video-preview:-1"},"canonical":"https:\/\/svemirplus.me\/product\/haier-flexis-plus-24k\/","og_locale":"en_US","og_type":"article","og_title":"Haier Flexis plus 24K - Svemir Plus","og_description":"Energetska efikasnost A++ u hla\u0111enju i A+++ u grijanju\u2013 Napredna inverter tehnologija omogu\u0107ava efikasan i \u0161tedljiv rad tokom cijele godine.    Wi\u2011Fi upravljanje putem aplikacije hOn\u2013 Omogu\u0107ava potpunu kontrolu ure\u0111aja putem mobilnog telefona \u2013 od pode\u0161avanja temperature do zakazivanja.    UV\u2011C sterilizacija\u2013 Ugra\u0111ena UV-C LED lampa neutrali\u0161e viruse i bakterije u unutra\u0161njoj jedinici tokom rada.    Self Clean \u2013 automatsko dubinsko \u010di\u0161\u0107enje\u2013 Ure\u0111aj se automatski zale\u0111uje i odle\u0111uje kako bi o\u010distio ispariva\u010d i uklonio pra\u0161inu, vlagu i bu\u0111.    Eco Sensor (detekcija prisustva)\u2013 Registruje da li ima osoba u prostoriji i prema tome automatski reguli\u0161e snagu rada.    3D protok vazduha\u2013 Horizontalne i vertikalne lamele rade zajedno kako bi se vazduh ravnomjerno rasporedio po prostoru.    Super tihi rad \u2013 od 20 dB\u2013 Minimalan nivo buke u unutra\u0161njoj jedinici omogu\u0107ava neometan rad, san ili koncentraciju.    Rad pri spoljnim temperaturama do -20\u202f\u00b0C u grijanju\u2013 Stabilan rad \u010dak i u hladnim zimskim uslovima zahvaljuju\u0107i optimizovanom kompresoru i grija\u010du posude kondenzata.    R32 ekolo\u0161ki freon\u2013 Manje \u0161tetan po okolinu i efikasniji u radu u pore\u0111enju sa prethodnim generacijama rashladnih gasova.    Garancija 5 godina (2 + 3 )","og_url":"https:\/\/svemirplus.me\/product\/haier-flexis-plus-24k\/","og_site_name":"Svemir Plus","article_modified_time":"2026-04-04T10:12:19+00:00","og_image":[{"width":1048,"height":1024,"url":"https:\/\/svemirplus.me\/wp-content\/uploads\/2025\/06\/Flexis-white-set.jpg","type":"image\/jpeg"}],"twitter_card":"summary_large_image","twitter_misc":{"Est. reading time":"2 minutes"},"schema":{"@context":"https:\/\/schema.org","@graph":[{"@type":"WebPage","@id":"https:\/\/svemirplus.me\/product\/haier-flexis-plus-24k\/","url":"https:\/\/svemirplus.me\/product\/haier-flexis-plus-24k\/","name":"Haier Flexis plus 24K - Svemir Plus","isPartOf":{"@id":"https:\/\/svemirplus.me\/#website"},"primaryImageOfPage":{"@id":"https:\/\/svemirplus.me\/product\/haier-flexis-plus-24k\/#primaryimage"},"image":{"@id":"https:\/\/svemirplus.me\/product\/haier-flexis-plus-24k\/#primaryimage"},"thumbnailUrl":"https:\/\/svemirplus.me\/wp-content\/uploads\/2025\/06\/Flexis-white-set.jpg","datePublished":"2025-08-04T08:29:41+00:00","dateModified":"2026-04-04T10:12:19+00:00","breadcrumb":{"@id":"https:\/\/svemirplus.me\/product\/haier-flexis-plus-24k\/#breadcrumb"},"inLanguage":"en-US","potentialAction":[{"@type":"ReadAction","target":["https:\/\/svemirplus.me\/product\/haier-flexis-plus-24k\/"]}]},{"@type":"ImageObject","inLanguage":"en-US","@id":"https:\/\/svemirplus.me\/product\/haier-flexis-plus-24k\/#primaryimage","url":"https:\/\/svemirplus.me\/wp-content\/uploads\/2025\/06\/Flexis-white-set.jpg","contentUrl":"https:\/\/svemirplus.me\/wp-content\/uploads\/2025\/06\/Flexis-white-set.jpg","width":1048,"height":1024},{"@type":"BreadcrumbList","@id":"https:\/\/svemirplus.me\/product\/haier-flexis-plus-24k\/#breadcrumb","itemListElement":[{"@type":"ListItem","position":1,"name":"Home","item":"https:\/\/svemirplus.me\/"},{"@type":"ListItem","position":2,"name":"Proizvodi","item":"https:\/\/svemirplus.me\/proizvodi\/"},{"@type":"ListItem","position":3,"name":"Haier Flexis plus 24K"}]},{"@type":"WebSite","@id":"https:\/\/svemirplus.me\/#website","url":"https:\/\/svemirplus.me\/","name":"Svemir Plus","description":"Prodaja Klima uredjaja","publisher":{"@id":"https:\/\/svemirplus.me\/#organization"},"potentialAction":[{"@type":"SearchAction","target":{"@type":"EntryPoint","urlTemplate":"https:\/\/svemirplus.me\/?s={search_term_string}"},"query-input":{"@type":"PropertyValueSpecification","valueRequired":true,"valueName":"search_term_string"}}],"inLanguage":"en-US"},{"@type":"Organization","@id":"https:\/\/svemirplus.me\/#organization","name":"Svemir Plus","url":"https:\/\/svemirplus.me\/","logo":{"@type":"ImageObject","inLanguage":"en-US","@id":"https:\/\/svemirplus.me\/#\/schema\/logo\/image\/","url":"https:\/\/svemirplus.me\/wp-content\/uploads\/2025\/06\/logo-svemir-plus.png","contentUrl":"https:\/\/svemirplus.me\/wp-content\/uploads\/2025\/06\/logo-svemir-plus.png","width":143,"height":113,"caption":"Svemir Plus"},"image":{"@id":"https:\/\/svemirplus.me\/#\/schema\/logo\/image\/"}}]}},"_links":{"self":[{"href":"https:\/\/svemirplus.me\/en\/wp-json\/wp\/v2\/product\/4394","targetHints":{"allow":["GET"]}}],"collection":[{"href":"https:\/\/svemirplus.me\/en\/wp-json\/wp\/v2\/product"}],"about":[{"href":"https:\/\/svemirplus.me\/en\/wp-json\/wp\/v2\/types\/product"}],"version-history":[{"count":3,"href":"https:\/\/svemirplus.me\/en\/wp-json\/wp\/v2\/product\/4394\/revisions"}],"predecessor-version":[{"id":4802,"href":"https:\/\/svemirplus.me\/en\/wp-json\/wp\/v2\/product\/4394\/revisions\/4802"}],"wp:featuredmedia":[{"embeddable":true,"href":"https:\/\/svemirplus.me\/en\/wp-json\/wp\/v2\/media\/4045"}],"wp:attachment":[{"href":"https:\/\/svemirplus.me\/en\/wp-json\/wp\/v2\/media?parent=4394"}],"wp:term":[{"taxonomy":"brand","embeddable":true,"href":"https:\/\/svemirplus.me\/en\/wp-json\/wp\/v2\/etheme_brands?post=4394"},{"taxonomy":"product_brand","embeddable":true,"href":"https:\/\/svemirplus.me\/en\/wp-json\/wp\/v2\/product_brand?post=4394"},{"taxonomy":"product_cat","embeddable":true,"href":"https:\/\/svemirplus.me\/en\/wp-json\/wp\/v2\/product_cat?post=4394"},{"taxonomy":"product_tag","embeddable":true,"href":"https:\/\/svemirplus.me\/en\/wp-json\/wp\/v2\/product_tag?post=4394"}],"curies":[{"name":"wp","href":"https:\/\/api.w.org\/{rel}","templated":true}]}}