{"id":4380,"date":"2025-08-04T08:12:03","date_gmt":"2025-08-04T08:12:03","guid":{"rendered":"https:\/\/svemirplus.me\/?post_type=product&#038;p=4380"},"modified":"2026-04-04T10:15:55","modified_gmt":"2026-04-04T10:15:55","slug":"haier-tundra-green-plus-24k","status":"publish","type":"product","link":"https:\/\/svemirplus.me\/en\/product\/haier-tundra-green-plus-24k\/","title":{"rendered":"Haier Tundra green plus 24K"},"content":{"rendered":"<h3 data-start=\"130\" data-end=\"165\"><strong data-start=\"134\" data-end=\"163\">Haier Tundra green plus\u00a0<\/strong><\/h3>\n<p data-start=\"166\" data-end=\"209\"><strong data-start=\"166\" data-end=\"209\">\u201eSnaga prirode, komfor va\u0161eg prostora.\u201c<\/strong><\/p>\n<p data-start=\"211\" data-end=\"552\">Haier Tundra predstavlja savr\u0161en spoj robusnosti i preciznosti, donose\u0107i osve\u017eavaju\u0107u snagu hladno\u0107e i toplote \u010dak i u najzahtjevnijim uslovima. Dizajniran da izdr\u017ei i najte\u017ee klimatske izazove, ovaj model garantuje stabilan rad i pouzdanost, pru\u017eaju\u0107i prijatnu temperaturu i optimalnu klimu u svakom kutku va\u0161eg doma ili poslovnog prostora.<!--more--><\/p>\n<p data-start=\"554\" data-end=\"834\">Sna\u017ean i efikasan, Tundra brzo reaguje na promjene spolja\u0161nje temperature, odr\u017eavaju\u0107i stabilan komfor i smanjuju\u0107i nepotrebnu potro\u0161nju energije. Njegova robusna konstrukcija i inovativne tehnologije \u010dine ga izuzetno otpornim, dok tiha operacija omogu\u0107ava miran rad bez ometanja.<\/p>\n<p data-start=\"836\" data-end=\"1045\">Ovaj ure\u0111aj je idealan izbor za one koji tra\u017ee sigurnost, dugotrajnost i maksimalnu efikasnost, bez kompromisa po pitanju udobnosti. Sa Haier Tundra modelom, va\u0161a klima postaje prirodna snaga koja radi za vas.<\/p>\n<p data-start=\"836\" data-end=\"1045\"><a href=\"https:\/\/svemirplus.me\/wp-content\/uploads\/2025\/08\/Tundra-plus-tehnicki-list.pdf\">Tundra-plus &#8211; tehni\u010dki list.<\/a><\/p>\n","protected":false},"excerpt":{"rendered":"<ul>\n<li data-start=\"155\" data-end=\"291\">\n<p data-start=\"158\" data-end=\"291\"><strong data-start=\"158\" data-end=\"185\">DC Inverter tehnologija<\/strong><br data-start=\"185\" data-end=\"188\" \/>\u2013 Precizno pode\u0161avanje snage kompresora za efikasno hla\u0111enje i grijanje uz zna\u010dajnu u\u0161tedu energije.<\/p>\n<\/li>\n<li data-start=\"293\" data-end=\"402\">\n<p data-start=\"296\" data-end=\"402\"><strong data-start=\"296\" data-end=\"335\">Rad u niskim temperaturama do -15\u00b0C<\/strong><br data-start=\"335\" data-end=\"338\" \/>\u2013 Pouzdan rad klima ure\u0111aja \u010dak i u hladnim zimskim uslovima.<\/p>\n<\/li>\n<li data-start=\"404\" data-end=\"534\">\n<p data-start=\"407\" data-end=\"534\"><strong data-start=\"407\" data-end=\"446\">Wi-Fi kontrola putem aplikacije hOn<\/strong><br data-start=\"446\" data-end=\"449\" \/>\u2013 Omogu\u0107ava upravljanje klima ure\u0111ajem sa bilo kog mjesta putem pametnog telefona.<\/p>\n<\/li>\n<li data-start=\"536\" data-end=\"693\">\n<p data-start=\"539\" data-end=\"693\"><strong data-start=\"539\" data-end=\"578\">Automatsko samopranje (Frost Clean)<\/strong><br data-start=\"578\" data-end=\"581\" \/>\u2013 Smanjuje nakupljanje vlage i plijesni u unutra\u0161njoj jedinici, pobolj\u0161avaju\u0107i kvalitet vazduha i odr\u017eavanje.<\/p>\n<\/li>\n<li data-start=\"695\" data-end=\"821\">\n<p data-start=\"698\" data-end=\"821\"><strong data-start=\"698\" data-end=\"740\">Vi\u0161estepeni filter za \u010di\u0161\u0107enje vazduha<\/strong><br data-start=\"740\" data-end=\"743\" \/>\u2013 Uklanja pra\u0161inu, alergene i neugodne mirise za zdraviju unutra\u0161nju klimu.<\/p>\n<\/li>\n<li data-start=\"823\" data-end=\"920\">\n<p data-start=\"826\" data-end=\"920\"><strong data-start=\"826\" data-end=\"849\">Tihi rad\u00a0<\/strong><br data-start=\"849\" data-end=\"852\" \/>\u2013 Idealno za stambene i poslovne prostore gde je potrebna ti\u0161ina.<\/p>\n<\/li>\n<li data-start=\"922\" data-end=\"1047\">\n<p data-start=\"925\" data-end=\"1047\"><strong data-start=\"925\" data-end=\"951\">Automatsko odmrzavanje<\/strong><br data-start=\"951\" data-end=\"954\" \/>\u2013 Odr\u017eava optimalan rad ure\u0111aja u uslovima niskih temperatura i spre\u010dava nakupljanje leda.<\/p>\n<\/li>\n<li data-start=\"1049\" data-end=\"1178\">\n<p data-start=\"1052\" data-end=\"1178\"><strong data-start=\"1052\" data-end=\"1083\">Pametna detekcija prisustva<\/strong><br data-start=\"1083\" data-end=\"1086\" \/>\u2013 Detektuje prisutnost ljudi u prostoriji i prilago\u0111ava rad ure\u0111aja radi u\u0161tede energije.<\/p>\n<\/li>\n<li data-start=\"1180\" data-end=\"1286\">\n<p data-start=\"1183\" data-end=\"1286\"><strong data-start=\"1183\" data-end=\"1206\">Ekolo\u0161ki freon R-32<\/strong><br data-start=\"1206\" data-end=\"1209\" \/>\u2013 Manji uticaj na \u017eivotnu sredinu i bolja efikasnost u radu klima ure\u0111aja.<\/p>\n<\/li>\n<li data-start=\"1288\" data-end=\"1393\">\n<p data-start=\"1292\" data-end=\"1393\"><strong data-start=\"1292\" data-end=\"1339\">Produ\u017eena garancija 5 godina (2 + 3 godine)<\/strong><\/p>\n<\/li>\n<\/ul>\n","protected":false},"featured_media":4125,"template":"","meta":[],"etheme_brands":[{"term_id":43,"name":"Haier","slug":"haier","term_group":0,"term_taxonomy_id":43,"taxonomy":"brand","description":"","parent":0,"count":38,"filter":"raw","term_order":"0"}],"product_brand":[],"product_cat":[107,67,54,19,55,59,65,56,72,57,58],"product_tag":[],"class_list":{"0":"post-4380","1":"product","2":"type-product","3":"status-publish","4":"has-post-thumbnail","6":"brand-haier","7":"product_cat-24-000btu","8":"product_cat-da","9":"product_cat-vrsta-jedinice","10":"product_cat-split-sistemi","11":"product_cat-snaga","12":"product_cat-zidna","13":"product_cat-a-energetska-efikasnost","14":"product_cat-energetska-efikasnost","15":"product_cat-50-65m","16":"product_cat-wi-fi","17":"product_cat-povrsina","19":"first","20":"instock","21":"sale","22":"shipping-taxable","23":"purchasable","24":"product-type-simple"},"yoast_head":"<!-- This site is optimized with the Yoast SEO plugin v27.4 - https:\/\/yoast.com\/product\/yoast-seo-wordpress\/ -->\n<title>Haier Tundra green plus 24K - Svemir Plus<\/title>\n<meta name=\"robots\" content=\"index, follow, max-snippet:-1, max-image-preview:large, max-video-preview:-1\" \/>\n<link rel=\"canonical\" href=\"https:\/\/svemirplus.me\/product\/haier-tundra-green-plus-24k\/\" \/>\n<meta property=\"og:locale\" content=\"en_US\" \/>\n<meta property=\"og:type\" content=\"article\" \/>\n<meta property=\"og:title\" content=\"Haier Tundra green plus 24K - Svemir Plus\" \/>\n<meta property=\"og:description\" content=\"DC Inverter tehnologija\u2013 Precizno pode\u0161avanje snage kompresora za efikasno hla\u0111enje i grijanje uz zna\u010dajnu u\u0161tedu energije.    Rad u niskim temperaturama do -15\u00b0C\u2013 Pouzdan rad klima ure\u0111aja \u010dak i u hladnim zimskim uslovima.    Wi-Fi kontrola putem aplikacije hOn\u2013 Omogu\u0107ava upravljanje klima ure\u0111ajem sa bilo kog mjesta putem pametnog telefona.    Automatsko samopranje (Frost Clean)\u2013 Smanjuje nakupljanje vlage i plijesni u unutra\u0161njoj jedinici, pobolj\u0161avaju\u0107i kvalitet vazduha i odr\u017eavanje.    Vi\u0161estepeni filter za \u010di\u0161\u0107enje vazduha\u2013 Uklanja pra\u0161inu, alergene i neugodne mirise za zdraviju unutra\u0161nju klimu.    Tihi rad\u00a0\u2013 Idealno za stambene i poslovne prostore gde je potrebna ti\u0161ina.    Automatsko odmrzavanje\u2013 Odr\u017eava optimalan rad ure\u0111aja u uslovima niskih temperatura i spre\u010dava nakupljanje leda.    Pametna detekcija prisustva\u2013 Detektuje prisutnost ljudi u prostoriji i prilago\u0111ava rad ure\u0111aja radi u\u0161tede energije.    Ekolo\u0161ki freon R-32\u2013 Manji uticaj na \u017eivotnu sredinu i bolja efikasnost u radu klima ure\u0111aja.    Produ\u017eena garancija 5 godina (2 + 3 godine)\" \/>\n<meta property=\"og:url\" content=\"https:\/\/svemirplus.me\/product\/haier-tundra-green-plus-24k\/\" \/>\n<meta property=\"og:site_name\" content=\"Svemir Plus\" \/>\n<meta property=\"article:modified_time\" content=\"2026-04-04T10:15:55+00:00\" \/>\n<meta property=\"og:image\" content=\"https:\/\/svemirplus.me\/wp-content\/uploads\/2022\/06\/Tundra-2022-UI.png\" \/>\n\t<meta property=\"og:image:width\" content=\"800\" \/>\n\t<meta property=\"og:image:height\" content=\"800\" \/>\n\t<meta property=\"og:image:type\" content=\"image\/png\" \/>\n<meta name=\"twitter:card\" content=\"summary_large_image\" \/>\n<meta name=\"twitter:label1\" content=\"Est. reading time\" \/>\n\t<meta name=\"twitter:data1\" content=\"1 minute\" \/>\n<script type=\"application\/ld+json\" class=\"yoast-schema-graph\">{\"@context\":\"https:\\\/\\\/schema.org\",\"@graph\":[{\"@type\":\"WebPage\",\"@id\":\"https:\\\/\\\/svemirplus.me\\\/product\\\/haier-tundra-green-plus-24k\\\/\",\"url\":\"https:\\\/\\\/svemirplus.me\\\/product\\\/haier-tundra-green-plus-24k\\\/\",\"name\":\"Haier Tundra green plus 24K - Svemir Plus\",\"isPartOf\":{\"@id\":\"https:\\\/\\\/svemirplus.me\\\/#website\"},\"primaryImageOfPage\":{\"@id\":\"https:\\\/\\\/svemirplus.me\\\/product\\\/haier-tundra-green-plus-24k\\\/#primaryimage\"},\"image\":{\"@id\":\"https:\\\/\\\/svemirplus.me\\\/product\\\/haier-tundra-green-plus-24k\\\/#primaryimage\"},\"thumbnailUrl\":\"https:\\\/\\\/svemirplus.me\\\/wp-content\\\/uploads\\\/2022\\\/06\\\/Tundra-2022-UI.png\",\"datePublished\":\"2025-08-04T08:12:03+00:00\",\"dateModified\":\"2026-04-04T10:15:55+00:00\",\"breadcrumb\":{\"@id\":\"https:\\\/\\\/svemirplus.me\\\/product\\\/haier-tundra-green-plus-24k\\\/#breadcrumb\"},\"inLanguage\":\"en-US\",\"potentialAction\":[{\"@type\":\"ReadAction\",\"target\":[\"https:\\\/\\\/svemirplus.me\\\/product\\\/haier-tundra-green-plus-24k\\\/\"]}]},{\"@type\":\"ImageObject\",\"inLanguage\":\"en-US\",\"@id\":\"https:\\\/\\\/svemirplus.me\\\/product\\\/haier-tundra-green-plus-24k\\\/#primaryimage\",\"url\":\"https:\\\/\\\/svemirplus.me\\\/wp-content\\\/uploads\\\/2022\\\/06\\\/Tundra-2022-UI.png\",\"contentUrl\":\"https:\\\/\\\/svemirplus.me\\\/wp-content\\\/uploads\\\/2022\\\/06\\\/Tundra-2022-UI.png\",\"width\":800,\"height\":800},{\"@type\":\"BreadcrumbList\",\"@id\":\"https:\\\/\\\/svemirplus.me\\\/product\\\/haier-tundra-green-plus-24k\\\/#breadcrumb\",\"itemListElement\":[{\"@type\":\"ListItem\",\"position\":1,\"name\":\"Home\",\"item\":\"https:\\\/\\\/svemirplus.me\\\/\"},{\"@type\":\"ListItem\",\"position\":2,\"name\":\"Proizvodi\",\"item\":\"https:\\\/\\\/svemirplus.me\\\/proizvodi\\\/\"},{\"@type\":\"ListItem\",\"position\":3,\"name\":\"Haier Tundra green plus 24K\"}]},{\"@type\":\"WebSite\",\"@id\":\"https:\\\/\\\/svemirplus.me\\\/#website\",\"url\":\"https:\\\/\\\/svemirplus.me\\\/\",\"name\":\"Svemir Plus\",\"description\":\"Prodaja Klima uredjaja\",\"publisher\":{\"@id\":\"https:\\\/\\\/svemirplus.me\\\/#organization\"},\"potentialAction\":[{\"@type\":\"SearchAction\",\"target\":{\"@type\":\"EntryPoint\",\"urlTemplate\":\"https:\\\/\\\/svemirplus.me\\\/?s={search_term_string}\"},\"query-input\":{\"@type\":\"PropertyValueSpecification\",\"valueRequired\":true,\"valueName\":\"search_term_string\"}}],\"inLanguage\":\"en-US\"},{\"@type\":\"Organization\",\"@id\":\"https:\\\/\\\/svemirplus.me\\\/#organization\",\"name\":\"Svemir Plus\",\"url\":\"https:\\\/\\\/svemirplus.me\\\/\",\"logo\":{\"@type\":\"ImageObject\",\"inLanguage\":\"en-US\",\"@id\":\"https:\\\/\\\/svemirplus.me\\\/#\\\/schema\\\/logo\\\/image\\\/\",\"url\":\"https:\\\/\\\/svemirplus.me\\\/wp-content\\\/uploads\\\/2025\\\/06\\\/logo-svemir-plus.png\",\"contentUrl\":\"https:\\\/\\\/svemirplus.me\\\/wp-content\\\/uploads\\\/2025\\\/06\\\/logo-svemir-plus.png\",\"width\":143,\"height\":113,\"caption\":\"Svemir Plus\"},\"image\":{\"@id\":\"https:\\\/\\\/svemirplus.me\\\/#\\\/schema\\\/logo\\\/image\\\/\"}}]}<\/script>\n<!-- \/ Yoast SEO plugin. -->","yoast_head_json":{"title":"Haier Tundra green plus 24K - Svemir Plus","robots":{"index":"index","follow":"follow","max-snippet":"max-snippet:-1","max-image-preview":"max-image-preview:large","max-video-preview":"max-video-preview:-1"},"canonical":"https:\/\/svemirplus.me\/product\/haier-tundra-green-plus-24k\/","og_locale":"en_US","og_type":"article","og_title":"Haier Tundra green plus 24K - Svemir Plus","og_description":"DC Inverter tehnologija\u2013 Precizno pode\u0161avanje snage kompresora za efikasno hla\u0111enje i grijanje uz zna\u010dajnu u\u0161tedu energije.    Rad u niskim temperaturama do -15\u00b0C\u2013 Pouzdan rad klima ure\u0111aja \u010dak i u hladnim zimskim uslovima.    Wi-Fi kontrola putem aplikacije hOn\u2013 Omogu\u0107ava upravljanje klima ure\u0111ajem sa bilo kog mjesta putem pametnog telefona.    Automatsko samopranje (Frost Clean)\u2013 Smanjuje nakupljanje vlage i plijesni u unutra\u0161njoj jedinici, pobolj\u0161avaju\u0107i kvalitet vazduha i odr\u017eavanje.    Vi\u0161estepeni filter za \u010di\u0161\u0107enje vazduha\u2013 Uklanja pra\u0161inu, alergene i neugodne mirise za zdraviju unutra\u0161nju klimu.    Tihi rad\u00a0\u2013 Idealno za stambene i poslovne prostore gde je potrebna ti\u0161ina.    Automatsko odmrzavanje\u2013 Odr\u017eava optimalan rad ure\u0111aja u uslovima niskih temperatura i spre\u010dava nakupljanje leda.    Pametna detekcija prisustva\u2013 Detektuje prisutnost ljudi u prostoriji i prilago\u0111ava rad ure\u0111aja radi u\u0161tede energije.    Ekolo\u0161ki freon R-32\u2013 Manji uticaj na \u017eivotnu sredinu i bolja efikasnost u radu klima ure\u0111aja.    Produ\u017eena garancija 5 godina (2 + 3 godine)","og_url":"https:\/\/svemirplus.me\/product\/haier-tundra-green-plus-24k\/","og_site_name":"Svemir Plus","article_modified_time":"2026-04-04T10:15:55+00:00","og_image":[{"width":800,"height":800,"url":"https:\/\/svemirplus.me\/wp-content\/uploads\/2022\/06\/Tundra-2022-UI.png","type":"image\/png"}],"twitter_card":"summary_large_image","twitter_misc":{"Est. reading time":"1 minute"},"schema":{"@context":"https:\/\/schema.org","@graph":[{"@type":"WebPage","@id":"https:\/\/svemirplus.me\/product\/haier-tundra-green-plus-24k\/","url":"https:\/\/svemirplus.me\/product\/haier-tundra-green-plus-24k\/","name":"Haier Tundra green plus 24K - Svemir Plus","isPartOf":{"@id":"https:\/\/svemirplus.me\/#website"},"primaryImageOfPage":{"@id":"https:\/\/svemirplus.me\/product\/haier-tundra-green-plus-24k\/#primaryimage"},"image":{"@id":"https:\/\/svemirplus.me\/product\/haier-tundra-green-plus-24k\/#primaryimage"},"thumbnailUrl":"https:\/\/svemirplus.me\/wp-content\/uploads\/2022\/06\/Tundra-2022-UI.png","datePublished":"2025-08-04T08:12:03+00:00","dateModified":"2026-04-04T10:15:55+00:00","breadcrumb":{"@id":"https:\/\/svemirplus.me\/product\/haier-tundra-green-plus-24k\/#breadcrumb"},"inLanguage":"en-US","potentialAction":[{"@type":"ReadAction","target":["https:\/\/svemirplus.me\/product\/haier-tundra-green-plus-24k\/"]}]},{"@type":"ImageObject","inLanguage":"en-US","@id":"https:\/\/svemirplus.me\/product\/haier-tundra-green-plus-24k\/#primaryimage","url":"https:\/\/svemirplus.me\/wp-content\/uploads\/2022\/06\/Tundra-2022-UI.png","contentUrl":"https:\/\/svemirplus.me\/wp-content\/uploads\/2022\/06\/Tundra-2022-UI.png","width":800,"height":800},{"@type":"BreadcrumbList","@id":"https:\/\/svemirplus.me\/product\/haier-tundra-green-plus-24k\/#breadcrumb","itemListElement":[{"@type":"ListItem","position":1,"name":"Home","item":"https:\/\/svemirplus.me\/"},{"@type":"ListItem","position":2,"name":"Proizvodi","item":"https:\/\/svemirplus.me\/proizvodi\/"},{"@type":"ListItem","position":3,"name":"Haier Tundra green plus 24K"}]},{"@type":"WebSite","@id":"https:\/\/svemirplus.me\/#website","url":"https:\/\/svemirplus.me\/","name":"Svemir Plus","description":"Prodaja Klima uredjaja","publisher":{"@id":"https:\/\/svemirplus.me\/#organization"},"potentialAction":[{"@type":"SearchAction","target":{"@type":"EntryPoint","urlTemplate":"https:\/\/svemirplus.me\/?s={search_term_string}"},"query-input":{"@type":"PropertyValueSpecification","valueRequired":true,"valueName":"search_term_string"}}],"inLanguage":"en-US"},{"@type":"Organization","@id":"https:\/\/svemirplus.me\/#organization","name":"Svemir Plus","url":"https:\/\/svemirplus.me\/","logo":{"@type":"ImageObject","inLanguage":"en-US","@id":"https:\/\/svemirplus.me\/#\/schema\/logo\/image\/","url":"https:\/\/svemirplus.me\/wp-content\/uploads\/2025\/06\/logo-svemir-plus.png","contentUrl":"https:\/\/svemirplus.me\/wp-content\/uploads\/2025\/06\/logo-svemir-plus.png","width":143,"height":113,"caption":"Svemir Plus"},"image":{"@id":"https:\/\/svemirplus.me\/#\/schema\/logo\/image\/"}}]}},"_links":{"self":[{"href":"https:\/\/svemirplus.me\/en\/wp-json\/wp\/v2\/product\/4380","targetHints":{"allow":["GET"]}}],"collection":[{"href":"https:\/\/svemirplus.me\/en\/wp-json\/wp\/v2\/product"}],"about":[{"href":"https:\/\/svemirplus.me\/en\/wp-json\/wp\/v2\/types\/product"}],"version-history":[{"count":3,"href":"https:\/\/svemirplus.me\/en\/wp-json\/wp\/v2\/product\/4380\/revisions"}],"predecessor-version":[{"id":4803,"href":"https:\/\/svemirplus.me\/en\/wp-json\/wp\/v2\/product\/4380\/revisions\/4803"}],"wp:featuredmedia":[{"embeddable":true,"href":"https:\/\/svemirplus.me\/en\/wp-json\/wp\/v2\/media\/4125"}],"wp:attachment":[{"href":"https:\/\/svemirplus.me\/en\/wp-json\/wp\/v2\/media?parent=4380"}],"wp:term":[{"taxonomy":"brand","embeddable":true,"href":"https:\/\/svemirplus.me\/en\/wp-json\/wp\/v2\/etheme_brands?post=4380"},{"taxonomy":"product_brand","embeddable":true,"href":"https:\/\/svemirplus.me\/en\/wp-json\/wp\/v2\/product_brand?post=4380"},{"taxonomy":"product_cat","embeddable":true,"href":"https:\/\/svemirplus.me\/en\/wp-json\/wp\/v2\/product_cat?post=4380"},{"taxonomy":"product_tag","embeddable":true,"href":"https:\/\/svemirplus.me\/en\/wp-json\/wp\/v2\/product_tag?post=4380"}],"curies":[{"name":"wp","href":"https:\/\/api.w.org\/{rel}","templated":true}]}}