{"id":4307,"date":"2025-08-01T10:28:22","date_gmt":"2025-08-01T10:28:22","guid":{"rendered":"https:\/\/svemirplus.me\/?post_type=product&#038;p=4307"},"modified":"2025-11-07T13:33:02","modified_gmt":"2025-11-07T13:33:02","slug":"haier-revive-plus-18k","status":"publish","type":"product","link":"https:\/\/svemirplus.me\/en\/product\/haier-revive-plus-18k\/","title":{"rendered":"Haier Revive plus 18K"},"content":{"rendered":"<p data-start=\"77\" data-end=\"133\"><strong data-start=\"77\" data-end=\"133\">Haier Revive Plus \u2014 Osjeti savr\u0161enu klimu, svaki dan.<\/strong><\/p>\n<p data-start=\"135\" data-end=\"540\">Haier Revive Plus je klima ure\u0111aj namijenjen onima kojima je potreban pouzdan i mo\u0107an sistem za regulaciju klime u ve\u0107im prostorijama. Ovaj model kombinuje naprednu tehnologiju sa izdr\u017eljivo\u0161\u0107u i jednostavnim rukovanjem, stvaraju\u0107i savr\u0161enu atmosferu za \u017eivot i rad. Dizajniran je da pru\u017ei maksimalnu udobnost, ne samo kroz efikasno hla\u0111enje i grijanje, ve\u0107 i kroz pobolj\u0161anje kvaliteta vazduha koji udi\u0161e\u0161.<\/p>\n<p data-start=\"542\" data-end=\"955\">Bez obzira na spoljne uslove, Haier Revive Plus odr\u017eava stabilnu i prijatnu temperaturu, \u0161tede\u0107i energiju zahvaljuju\u0107i svojoj pametnoj inverter tehnologiji. Osim toga, ovaj ure\u0111aj radi gotovo ne\u010dujno, omogu\u0107avaju\u0107i ti da u\u017eiva\u0161 u ti\u0161ini i miru dok on radi u pozadini. Uz intuitivnu kontrolu putem Wi-Fi veze, ima\u0161 potpunu slobodu da prilagodi\u0161 klimu u prostoru ba\u0161 po svojoj mjeri, bilo da si kod ku\u0107e ili na putu.<!--more--><\/p>\n<p data-start=\"957\" data-end=\"1132\">Njegova sposobnost da \u010disti vazduh i elimini\u0161e alergene i neprijatne mirise \u010dini ga odli\u010dnim izborom za porodice i poslovne prostore gde je zdravlje i udobnost na prvom mestu.<\/p>\n<p data-start=\"957\" data-end=\"1132\"><a href=\"https:\/\/svemirplus.me\/wp-content\/uploads\/2025\/08\/HAIER-Revive_A4_2024_bez_bedja_d50411f6-8e43-426a-_250331_185255.pdf\">Haier Revive plus &#8211; tehni\u010dki list.<\/a><\/p>\n","protected":false},"excerpt":{"rendered":"<ul data-start=\"122\" data-end=\"1359\">\n<li data-start=\"122\" data-end=\"254\">\n<p data-start=\"124\" data-end=\"254\"><strong data-start=\"124\" data-end=\"148\">nverter tehnologija<\/strong><br data-start=\"148\" data-end=\"151\" \/>Precizno reguli\u0161e snagu klima-ure\u0111aja, \u010dime se posti\u017ee stabilna temperatura i zna\u010dajna u\u0161teda energije.<\/p>\n<\/li>\n<li data-start=\"256\" data-end=\"403\">\n<p data-start=\"258\" data-end=\"403\"><strong data-start=\"258\" data-end=\"293\">Frost Clean automatsko \u010di\u0161\u0107enje<\/strong><br data-start=\"293\" data-end=\"296\" \/>Redovno su\u0161i i \u010disti unutra\u0161nju jedinicu, spre\u010davaju\u0107i nakupljanje bakterija i plijesni za zdraviji vazduh.<\/p>\n<\/li>\n<li data-start=\"405\" data-end=\"535\">\n<p data-start=\"407\" data-end=\"535\"><strong data-start=\"407\" data-end=\"425\">Wi-Fi kontrola<\/strong><br data-start=\"425\" data-end=\"428\" \/>Omogu\u0107ava daljinsko upravljanje preko mobilne aplikacije, bilo gdje i bilo kada, za potpunu kontrolu klime.<\/p>\n<\/li>\n<li data-start=\"537\" data-end=\"696\">\n<p data-start=\"539\" data-end=\"696\"><strong data-start=\"539\" data-end=\"585\">Vi\u0161eslojni filter za pro\u010di\u0161\u0107avanje vazduha<\/strong><br data-start=\"585\" data-end=\"588\" \/>Efikasno uklanja pra\u0161inu, polen, alergene i neprijatne mirise, pobolj\u0161avaju\u0107i kvalitet vazduha u prostoriji.<\/p>\n<\/li>\n<li data-start=\"698\" data-end=\"824\">\n<p data-start=\"700\" data-end=\"824\"><strong data-start=\"700\" data-end=\"719\">Tihi re\u017eim rada<\/strong><br data-start=\"719\" data-end=\"722\" \/>Omogu\u0107ava skoro ne\u010dujan rad ure\u0111aja, idealan za spava\u0107e sobe i radne prostore gdje je potrebna ti\u0161ina.<\/p>\n<\/li>\n<li data-start=\"826\" data-end=\"993\">\n<p data-start=\"828\" data-end=\"993\"><strong data-start=\"828\" data-end=\"871\">Smart Air Flow (pametni protok vazduha)<\/strong><br data-start=\"871\" data-end=\"874\" \/>Automatski prilago\u0111ava smjer i ja\u010dinu vazduha kako bi se temperatura ravnomjerno rasporedila bez neprijatnih strujanja.<\/p>\n<\/li>\n<li data-start=\"995\" data-end=\"1111\">\n<p data-start=\"997\" data-end=\"1111\"><strong data-start=\"997\" data-end=\"1025\">Brzo hla\u0111enje i grijanje<\/strong><br data-start=\"1025\" data-end=\"1028\" \/>Funkcija koja omogu\u0107ava brzo postizanje \u017eeljene temperature radi trenutnog komfora.<\/p>\n<\/li>\n<li data-start=\"1113\" data-end=\"1240\">\n<p data-start=\"1115\" data-end=\"1240\"><strong data-start=\"1115\" data-end=\"1141\">Automatsko odmrzavanje<\/strong><br data-start=\"1141\" data-end=\"1144\" \/>Sprje\u010dava stvaranje leda na spolja\u0161njoj jedinici tokom hladnih dana, osiguravaju\u0107i efikasan rad.<\/p>\n<\/li>\n<li data-start=\"1242\" data-end=\"1359\">\n<p data-start=\"1244\" data-end=\"1359\"><strong data-start=\"1244\" data-end=\"1262\">Eko re\u017eim rada<\/strong><br data-start=\"1262\" data-end=\"1265\" \/>Optimizuje rad klima-ure\u0111aja za manju potro\u0161nju energije, bez kompromisa po pitanju udobnosti.<\/p>\n<\/li>\n<\/ul>\n","protected":false},"featured_media":4300,"template":"","meta":[],"etheme_brands":[{"term_id":43,"name":"Haier","slug":"haier","term_group":0,"term_taxonomy_id":43,"taxonomy":"brand","description":"","parent":0,"count":38,"filter":"raw","term_order":"0"}],"product_brand":[],"product_cat":[67,54,65,19,55,59,71,56,63,57,58],"product_tag":[],"class_list":{"0":"post-4307","1":"product","2":"type-product","3":"status-publish","4":"has-post-thumbnail","6":"brand-haier","7":"product_cat-da","8":"product_cat-vrsta-jedinice","9":"product_cat-a-energetska-efikasnost","10":"product_cat-split-sistemi","11":"product_cat-snaga","12":"product_cat-zidna","13":"product_cat-35-50m","14":"product_cat-energetska-efikasnost","15":"product_cat-18-000btu","16":"product_cat-wi-fi","17":"product_cat-povrsina","19":"first","20":"instock","21":"sale","22":"shipping-taxable","23":"purchasable","24":"product-type-simple"},"yoast_head":"<!-- This site is optimized with the Yoast SEO plugin v27.4 - https:\/\/yoast.com\/product\/yoast-seo-wordpress\/ -->\n<title>Haier Revive plus 18K - Svemir Plus<\/title>\n<meta name=\"robots\" content=\"index, follow, max-snippet:-1, max-image-preview:large, max-video-preview:-1\" \/>\n<link rel=\"canonical\" href=\"https:\/\/svemirplus.me\/product\/haier-revive-plus-18k\/\" \/>\n<meta property=\"og:locale\" content=\"en_US\" \/>\n<meta property=\"og:type\" content=\"article\" \/>\n<meta property=\"og:title\" content=\"Haier Revive plus 18K - Svemir Plus\" \/>\n<meta property=\"og:description\" content=\"nverter tehnologijaPrecizno reguli\u0161e snagu klima-ure\u0111aja, \u010dime se posti\u017ee stabilna temperatura i zna\u010dajna u\u0161teda energije.    Frost Clean automatsko \u010di\u0161\u0107enjeRedovno su\u0161i i \u010disti unutra\u0161nju jedinicu, spre\u010davaju\u0107i nakupljanje bakterija i plijesni za zdraviji vazduh.    Wi-Fi kontrolaOmogu\u0107ava daljinsko upravljanje preko mobilne aplikacije, bilo gdje i bilo kada, za potpunu kontrolu klime.    Vi\u0161eslojni filter za pro\u010di\u0161\u0107avanje vazduhaEfikasno uklanja pra\u0161inu, polen, alergene i neprijatne mirise, pobolj\u0161avaju\u0107i kvalitet vazduha u prostoriji.    Tihi re\u017eim radaOmogu\u0107ava skoro ne\u010dujan rad ure\u0111aja, idealan za spava\u0107e sobe i radne prostore gdje je potrebna ti\u0161ina.    Smart Air Flow (pametni protok vazduha)Automatski prilago\u0111ava smjer i ja\u010dinu vazduha kako bi se temperatura ravnomjerno rasporedila bez neprijatnih strujanja.    Brzo hla\u0111enje i grijanjeFunkcija koja omogu\u0107ava brzo postizanje \u017eeljene temperature radi trenutnog komfora.    Automatsko odmrzavanjeSprje\u010dava stvaranje leda na spolja\u0161njoj jedinici tokom hladnih dana, osiguravaju\u0107i efikasan rad.    Eko re\u017eim radaOptimizuje rad klima-ure\u0111aja za manju potro\u0161nju energije, bez kompromisa po pitanju udobnosti.\" \/>\n<meta property=\"og:url\" content=\"https:\/\/svemirplus.me\/product\/haier-revive-plus-18k\/\" \/>\n<meta property=\"og:site_name\" content=\"Svemir Plus\" \/>\n<meta property=\"article:modified_time\" content=\"2025-11-07T13:33:02+00:00\" \/>\n<meta property=\"og:image\" content=\"https:\/\/svemirplus.me\/wp-content\/uploads\/2025\/07\/revive-plus.png\" \/>\n\t<meta property=\"og:image:width\" content=\"450\" \/>\n\t<meta property=\"og:image:height\" content=\"450\" \/>\n\t<meta property=\"og:image:type\" content=\"image\/png\" \/>\n<meta name=\"twitter:card\" content=\"summary_large_image\" \/>\n<meta name=\"twitter:label1\" content=\"Est. reading time\" \/>\n\t<meta name=\"twitter:data1\" content=\"2 minutes\" \/>\n<script type=\"application\/ld+json\" class=\"yoast-schema-graph\">{\"@context\":\"https:\\\/\\\/schema.org\",\"@graph\":[{\"@type\":\"WebPage\",\"@id\":\"https:\\\/\\\/svemirplus.me\\\/product\\\/haier-revive-plus-18k\\\/\",\"url\":\"https:\\\/\\\/svemirplus.me\\\/product\\\/haier-revive-plus-18k\\\/\",\"name\":\"Haier Revive plus 18K - Svemir Plus\",\"isPartOf\":{\"@id\":\"https:\\\/\\\/svemirplus.me\\\/#website\"},\"primaryImageOfPage\":{\"@id\":\"https:\\\/\\\/svemirplus.me\\\/product\\\/haier-revive-plus-18k\\\/#primaryimage\"},\"image\":{\"@id\":\"https:\\\/\\\/svemirplus.me\\\/product\\\/haier-revive-plus-18k\\\/#primaryimage\"},\"thumbnailUrl\":\"https:\\\/\\\/svemirplus.me\\\/wp-content\\\/uploads\\\/2025\\\/07\\\/revive-plus.png\",\"datePublished\":\"2025-08-01T10:28:22+00:00\",\"dateModified\":\"2025-11-07T13:33:02+00:00\",\"breadcrumb\":{\"@id\":\"https:\\\/\\\/svemirplus.me\\\/product\\\/haier-revive-plus-18k\\\/#breadcrumb\"},\"inLanguage\":\"en-US\",\"potentialAction\":[{\"@type\":\"ReadAction\",\"target\":[\"https:\\\/\\\/svemirplus.me\\\/product\\\/haier-revive-plus-18k\\\/\"]}]},{\"@type\":\"ImageObject\",\"inLanguage\":\"en-US\",\"@id\":\"https:\\\/\\\/svemirplus.me\\\/product\\\/haier-revive-plus-18k\\\/#primaryimage\",\"url\":\"https:\\\/\\\/svemirplus.me\\\/wp-content\\\/uploads\\\/2025\\\/07\\\/revive-plus.png\",\"contentUrl\":\"https:\\\/\\\/svemirplus.me\\\/wp-content\\\/uploads\\\/2025\\\/07\\\/revive-plus.png\",\"width\":450,\"height\":450},{\"@type\":\"BreadcrumbList\",\"@id\":\"https:\\\/\\\/svemirplus.me\\\/product\\\/haier-revive-plus-18k\\\/#breadcrumb\",\"itemListElement\":[{\"@type\":\"ListItem\",\"position\":1,\"name\":\"Home\",\"item\":\"https:\\\/\\\/svemirplus.me\\\/\"},{\"@type\":\"ListItem\",\"position\":2,\"name\":\"Proizvodi\",\"item\":\"https:\\\/\\\/svemirplus.me\\\/proizvodi\\\/\"},{\"@type\":\"ListItem\",\"position\":3,\"name\":\"Haier Revive plus 18K\"}]},{\"@type\":\"WebSite\",\"@id\":\"https:\\\/\\\/svemirplus.me\\\/#website\",\"url\":\"https:\\\/\\\/svemirplus.me\\\/\",\"name\":\"Svemir Plus\",\"description\":\"Prodaja Klima uredjaja\",\"publisher\":{\"@id\":\"https:\\\/\\\/svemirplus.me\\\/#organization\"},\"potentialAction\":[{\"@type\":\"SearchAction\",\"target\":{\"@type\":\"EntryPoint\",\"urlTemplate\":\"https:\\\/\\\/svemirplus.me\\\/?s={search_term_string}\"},\"query-input\":{\"@type\":\"PropertyValueSpecification\",\"valueRequired\":true,\"valueName\":\"search_term_string\"}}],\"inLanguage\":\"en-US\"},{\"@type\":\"Organization\",\"@id\":\"https:\\\/\\\/svemirplus.me\\\/#organization\",\"name\":\"Svemir Plus\",\"url\":\"https:\\\/\\\/svemirplus.me\\\/\",\"logo\":{\"@type\":\"ImageObject\",\"inLanguage\":\"en-US\",\"@id\":\"https:\\\/\\\/svemirplus.me\\\/#\\\/schema\\\/logo\\\/image\\\/\",\"url\":\"https:\\\/\\\/svemirplus.me\\\/wp-content\\\/uploads\\\/2025\\\/06\\\/logo-svemir-plus.png\",\"contentUrl\":\"https:\\\/\\\/svemirplus.me\\\/wp-content\\\/uploads\\\/2025\\\/06\\\/logo-svemir-plus.png\",\"width\":143,\"height\":113,\"caption\":\"Svemir Plus\"},\"image\":{\"@id\":\"https:\\\/\\\/svemirplus.me\\\/#\\\/schema\\\/logo\\\/image\\\/\"}}]}<\/script>\n<!-- \/ Yoast SEO plugin. -->","yoast_head_json":{"title":"Haier Revive plus 18K - Svemir Plus","robots":{"index":"index","follow":"follow","max-snippet":"max-snippet:-1","max-image-preview":"max-image-preview:large","max-video-preview":"max-video-preview:-1"},"canonical":"https:\/\/svemirplus.me\/product\/haier-revive-plus-18k\/","og_locale":"en_US","og_type":"article","og_title":"Haier Revive plus 18K - Svemir Plus","og_description":"nverter tehnologijaPrecizno reguli\u0161e snagu klima-ure\u0111aja, \u010dime se posti\u017ee stabilna temperatura i zna\u010dajna u\u0161teda energije.    Frost Clean automatsko \u010di\u0161\u0107enjeRedovno su\u0161i i \u010disti unutra\u0161nju jedinicu, spre\u010davaju\u0107i nakupljanje bakterija i plijesni za zdraviji vazduh.    Wi-Fi kontrolaOmogu\u0107ava daljinsko upravljanje preko mobilne aplikacije, bilo gdje i bilo kada, za potpunu kontrolu klime.    Vi\u0161eslojni filter za pro\u010di\u0161\u0107avanje vazduhaEfikasno uklanja pra\u0161inu, polen, alergene i neprijatne mirise, pobolj\u0161avaju\u0107i kvalitet vazduha u prostoriji.    Tihi re\u017eim radaOmogu\u0107ava skoro ne\u010dujan rad ure\u0111aja, idealan za spava\u0107e sobe i radne prostore gdje je potrebna ti\u0161ina.    Smart Air Flow (pametni protok vazduha)Automatski prilago\u0111ava smjer i ja\u010dinu vazduha kako bi se temperatura ravnomjerno rasporedila bez neprijatnih strujanja.    Brzo hla\u0111enje i grijanjeFunkcija koja omogu\u0107ava brzo postizanje \u017eeljene temperature radi trenutnog komfora.    Automatsko odmrzavanjeSprje\u010dava stvaranje leda na spolja\u0161njoj jedinici tokom hladnih dana, osiguravaju\u0107i efikasan rad.    Eko re\u017eim radaOptimizuje rad klima-ure\u0111aja za manju potro\u0161nju energije, bez kompromisa po pitanju udobnosti.","og_url":"https:\/\/svemirplus.me\/product\/haier-revive-plus-18k\/","og_site_name":"Svemir Plus","article_modified_time":"2025-11-07T13:33:02+00:00","og_image":[{"width":450,"height":450,"url":"https:\/\/svemirplus.me\/wp-content\/uploads\/2025\/07\/revive-plus.png","type":"image\/png"}],"twitter_card":"summary_large_image","twitter_misc":{"Est. reading time":"2 minutes"},"schema":{"@context":"https:\/\/schema.org","@graph":[{"@type":"WebPage","@id":"https:\/\/svemirplus.me\/product\/haier-revive-plus-18k\/","url":"https:\/\/svemirplus.me\/product\/haier-revive-plus-18k\/","name":"Haier Revive plus 18K - Svemir Plus","isPartOf":{"@id":"https:\/\/svemirplus.me\/#website"},"primaryImageOfPage":{"@id":"https:\/\/svemirplus.me\/product\/haier-revive-plus-18k\/#primaryimage"},"image":{"@id":"https:\/\/svemirplus.me\/product\/haier-revive-plus-18k\/#primaryimage"},"thumbnailUrl":"https:\/\/svemirplus.me\/wp-content\/uploads\/2025\/07\/revive-plus.png","datePublished":"2025-08-01T10:28:22+00:00","dateModified":"2025-11-07T13:33:02+00:00","breadcrumb":{"@id":"https:\/\/svemirplus.me\/product\/haier-revive-plus-18k\/#breadcrumb"},"inLanguage":"en-US","potentialAction":[{"@type":"ReadAction","target":["https:\/\/svemirplus.me\/product\/haier-revive-plus-18k\/"]}]},{"@type":"ImageObject","inLanguage":"en-US","@id":"https:\/\/svemirplus.me\/product\/haier-revive-plus-18k\/#primaryimage","url":"https:\/\/svemirplus.me\/wp-content\/uploads\/2025\/07\/revive-plus.png","contentUrl":"https:\/\/svemirplus.me\/wp-content\/uploads\/2025\/07\/revive-plus.png","width":450,"height":450},{"@type":"BreadcrumbList","@id":"https:\/\/svemirplus.me\/product\/haier-revive-plus-18k\/#breadcrumb","itemListElement":[{"@type":"ListItem","position":1,"name":"Home","item":"https:\/\/svemirplus.me\/"},{"@type":"ListItem","position":2,"name":"Proizvodi","item":"https:\/\/svemirplus.me\/proizvodi\/"},{"@type":"ListItem","position":3,"name":"Haier Revive plus 18K"}]},{"@type":"WebSite","@id":"https:\/\/svemirplus.me\/#website","url":"https:\/\/svemirplus.me\/","name":"Svemir Plus","description":"Prodaja Klima uredjaja","publisher":{"@id":"https:\/\/svemirplus.me\/#organization"},"potentialAction":[{"@type":"SearchAction","target":{"@type":"EntryPoint","urlTemplate":"https:\/\/svemirplus.me\/?s={search_term_string}"},"query-input":{"@type":"PropertyValueSpecification","valueRequired":true,"valueName":"search_term_string"}}],"inLanguage":"en-US"},{"@type":"Organization","@id":"https:\/\/svemirplus.me\/#organization","name":"Svemir Plus","url":"https:\/\/svemirplus.me\/","logo":{"@type":"ImageObject","inLanguage":"en-US","@id":"https:\/\/svemirplus.me\/#\/schema\/logo\/image\/","url":"https:\/\/svemirplus.me\/wp-content\/uploads\/2025\/06\/logo-svemir-plus.png","contentUrl":"https:\/\/svemirplus.me\/wp-content\/uploads\/2025\/06\/logo-svemir-plus.png","width":143,"height":113,"caption":"Svemir Plus"},"image":{"@id":"https:\/\/svemirplus.me\/#\/schema\/logo\/image\/"}}]}},"_links":{"self":[{"href":"https:\/\/svemirplus.me\/en\/wp-json\/wp\/v2\/product\/4307","targetHints":{"allow":["GET"]}}],"collection":[{"href":"https:\/\/svemirplus.me\/en\/wp-json\/wp\/v2\/product"}],"about":[{"href":"https:\/\/svemirplus.me\/en\/wp-json\/wp\/v2\/types\/product"}],"version-history":[{"count":3,"href":"https:\/\/svemirplus.me\/en\/wp-json\/wp\/v2\/product\/4307\/revisions"}],"predecessor-version":[{"id":4811,"href":"https:\/\/svemirplus.me\/en\/wp-json\/wp\/v2\/product\/4307\/revisions\/4811"}],"wp:featuredmedia":[{"embeddable":true,"href":"https:\/\/svemirplus.me\/en\/wp-json\/wp\/v2\/media\/4300"}],"wp:attachment":[{"href":"https:\/\/svemirplus.me\/en\/wp-json\/wp\/v2\/media?parent=4307"}],"wp:term":[{"taxonomy":"brand","embeddable":true,"href":"https:\/\/svemirplus.me\/en\/wp-json\/wp\/v2\/etheme_brands?post=4307"},{"taxonomy":"product_brand","embeddable":true,"href":"https:\/\/svemirplus.me\/en\/wp-json\/wp\/v2\/product_brand?post=4307"},{"taxonomy":"product_cat","embeddable":true,"href":"https:\/\/svemirplus.me\/en\/wp-json\/wp\/v2\/product_cat?post=4307"},{"taxonomy":"product_tag","embeddable":true,"href":"https:\/\/svemirplus.me\/en\/wp-json\/wp\/v2\/product_tag?post=4307"}],"curies":[{"name":"wp","href":"https:\/\/api.w.org\/{rel}","templated":true}]}}