{"id":4305,"date":"2025-08-01T10:24:17","date_gmt":"2025-08-01T10:24:17","guid":{"rendered":"https:\/\/svemirplus.me\/?post_type=product&#038;p=4305"},"modified":"2026-04-04T10:39:02","modified_gmt":"2026-04-04T10:39:02","slug":"haier-revive-plus-12k","status":"publish","type":"product","link":"https:\/\/svemirplus.me\/en\/product\/haier-revive-plus-12k\/","title":{"rendered":"Haier Revive plus 12K"},"content":{"rendered":"<h3 data-start=\"136\" data-end=\"168\">Op\u0161ti opis Haier Revive Plus<\/h3>\n<p data-start=\"170\" data-end=\"566\">Haier Revive Plus je klima ure\u0111aj osmi\u0161ljen da obezbedi vrhunski komfor i zdravu klimu u tvom domu ili poslovnom prostoru. Njegov moderan dizajn i napredne tehnologije stvaraju prijatnu atmosferu, gde god da ga postavi\u0161. Sa fokusom na kvalitet vazduha i energetsku efikasnost, ovaj ure\u0111aj ne samo da odr\u017eava idealnu temperaturu tokom cele godine, ve\u0107 i \u010disti vazduh od \u0161tetnih \u010destica i alergena.<\/p>\n<p data-start=\"568\" data-end=\"908\">Bilo da \u017eeli\u0161 brzo hla\u0111enje tokom vrelih letnjih dana ili brzo i udobno grejanje zimi, Haier Revive Plus pru\u017ea preciznu kontrolu klime prilago\u0111enu tvojim potrebama. Tiho radi, tako da ne\u0107e remetiti tvoj odmor ili rad, a zahvaljuju\u0107i pametnim funkcijama, mo\u017ee\u0161 ga lako kontrolisati sa bilo kog mesta putem telefona ili daljinskog upravlja\u010da.<!--more--><\/p>\n<p data-start=\"910\" data-end=\"1146\">Ovaj ure\u0111aj je idealan izbor za one koji ne pristaju na kompromise kada je u pitanju udobnost, zdravlje i u\u0161teda energije. Sa Haier Revive Plus, tvoj prostor postaje pravo uto\u010di\u0161te, gde je vazduh sve\u017e, a klima savr\u0161eno prilago\u0111ena tebi.<\/p>\n<p data-start=\"910\" data-end=\"1146\"><a href=\"https:\/\/svemirplus.me\/wp-content\/uploads\/2025\/08\/HAIER-Revive_A4_2024_bez_bedja_d50411f6-8e43-426a-_250331_185255.pdf\">Haier Revive plus &#8211; tehni\u010dki list.<\/a><\/p>\n","protected":false},"excerpt":{"rendered":"<ul data-start=\"135\" data-end=\"1365\">\n<li data-start=\"135\" data-end=\"267\">\n<p data-start=\"137\" data-end=\"267\"><strong data-start=\"137\" data-end=\"161\">Inverter tehnologija<\/strong><br data-start=\"161\" data-end=\"164\" \/>Precizno reguli\u0161e snagu klima ure\u0111aja, \u010dime se posti\u017ee stabilna temperatura i zna\u010dajna u\u0161teda energije.<\/p>\n<\/li>\n<li data-start=\"269\" data-end=\"414\">\n<p data-start=\"271\" data-end=\"414\"><strong data-start=\"271\" data-end=\"306\">Frost Clean automatsko \u010di\u0161\u0107enje<\/strong><br data-start=\"306\" data-end=\"309\" \/>Redovno su\u0161i i \u010disti unutra\u0161nju jedinicu, spre\u010davaju\u0107i nakupljanje bakterija i plesni za zdraviji vazduh.<\/p>\n<\/li>\n<li data-start=\"416\" data-end=\"545\">\n<p data-start=\"418\" data-end=\"545\"><strong data-start=\"418\" data-end=\"436\">Wi-Fi kontrola<\/strong><br data-start=\"436\" data-end=\"439\" \/>Omogu\u0107ava daljinsko upravljanje preko mobilne aplikacije, bilo gde i bilo kada, za potpunu kontrolu klime.<\/p>\n<\/li>\n<li data-start=\"547\" data-end=\"706\">\n<p data-start=\"549\" data-end=\"706\"><strong data-start=\"549\" data-end=\"595\">Vi\u0161eslojni filter za pro\u010di\u0161\u0107avanje vazduha<\/strong><br data-start=\"595\" data-end=\"598\" \/>Efikasno uklanja pra\u0161inu, polen, alergene i neprijatne mirise, pobolj\u0161avaju\u0107i kvalitet vazduha u prostoriji.<\/p>\n<\/li>\n<li data-start=\"708\" data-end=\"833\">\n<p data-start=\"710\" data-end=\"833\"><strong data-start=\"710\" data-end=\"729\">Tihi re\u017eim rada<\/strong><br data-start=\"729\" data-end=\"732\" \/>Omogu\u0107ava skoro ne\u010dujan rad ure\u0111aja, idealan za spava\u0107e sobe i radne prostore gdje je potrebna ti\u0161ina.<\/p>\n<\/li>\n<li data-start=\"835\" data-end=\"1000\">\n<p data-start=\"837\" data-end=\"1000\"><strong data-start=\"837\" data-end=\"880\">Smart Air Flow (pametni protok vazduha)<\/strong><br data-start=\"880\" data-end=\"883\" \/>Automatski prilago\u0111ava smjer i ja\u010dinu vazduha kako bi se temperatura ravnomerno rasporedila bez neprijatnih strujanja.<\/p>\n<\/li>\n<li data-start=\"1002\" data-end=\"1118\">\n<p data-start=\"1004\" data-end=\"1118\"><strong data-start=\"1004\" data-end=\"1032\">Brzo hla\u0111enje i grijanje<\/strong><br data-start=\"1032\" data-end=\"1035\" \/>Funkcija koja omogu\u0107ava brzo postizanje \u017eeljene temperature radi trenutnog komfora.<\/p>\n<\/li>\n<li data-start=\"1120\" data-end=\"1246\">\n<p data-start=\"1122\" data-end=\"1246\"><strong data-start=\"1122\" data-end=\"1148\">Automatsko odmrzavanje<\/strong><br data-start=\"1148\" data-end=\"1151\" \/>Spre\u010dava stvaranje leda na spolja\u0161njoj jedinici tokom hladnih dana, osiguravaju\u0107i efikasan rad.<\/p>\n<\/li>\n<li data-start=\"1248\" data-end=\"1365\">\n<p data-start=\"1250\" data-end=\"1365\"><strong data-start=\"1250\" data-end=\"1268\">Eko re\u017eim rada<\/strong><br data-start=\"1268\" data-end=\"1271\" \/>Optimizuje rad klima ure\u0111aja za manju potro\u0161nju energije, bez kompromisa po pitanju udobnosti.<\/p>\n<\/li>\n<li data-start=\"1248\" data-end=\"1365\">5 godina garancije ( 2 + 3 )<\/li>\n<\/ul>\n","protected":false},"featured_media":4300,"template":"","meta":[],"etheme_brands":[{"term_id":43,"name":"Haier","slug":"haier","term_group":0,"term_taxonomy_id":43,"taxonomy":"brand","description":"","parent":0,"count":38,"filter":"raw","term_order":"0"}],"product_brand":[],"product_cat":[67,54,65,19,70,55,59,62,56,57,58],"product_tag":[],"class_list":{"0":"post-4305","1":"product","2":"type-product","3":"status-publish","4":"has-post-thumbnail","6":"brand-haier","7":"product_cat-da","8":"product_cat-vrsta-jedinice","9":"product_cat-a-energetska-efikasnost","10":"product_cat-split-sistemi","11":"product_cat-25-35m","12":"product_cat-snaga","13":"product_cat-zidna","14":"product_cat-12-000btu","15":"product_cat-energetska-efikasnost","16":"product_cat-wi-fi","17":"product_cat-povrsina","19":"first","20":"instock","21":"sale","22":"shipping-taxable","23":"purchasable","24":"product-type-simple"},"yoast_head":"<!-- This site is optimized with the Yoast SEO plugin v27.4 - https:\/\/yoast.com\/product\/yoast-seo-wordpress\/ -->\n<title>Haier Revive plus 12K - Svemir Plus<\/title>\n<meta name=\"robots\" content=\"index, follow, max-snippet:-1, max-image-preview:large, max-video-preview:-1\" \/>\n<link rel=\"canonical\" href=\"https:\/\/svemirplus.me\/product\/haier-revive-plus-12k\/\" \/>\n<meta property=\"og:locale\" content=\"en_US\" \/>\n<meta property=\"og:type\" content=\"article\" \/>\n<meta property=\"og:title\" content=\"Haier Revive plus 12K - Svemir Plus\" \/>\n<meta property=\"og:description\" content=\"Inverter tehnologijaPrecizno reguli\u0161e snagu klima ure\u0111aja, \u010dime se posti\u017ee stabilna temperatura i zna\u010dajna u\u0161teda energije.    Frost Clean automatsko \u010di\u0161\u0107enjeRedovno su\u0161i i \u010disti unutra\u0161nju jedinicu, spre\u010davaju\u0107i nakupljanje bakterija i plesni za zdraviji vazduh.    Wi-Fi kontrolaOmogu\u0107ava daljinsko upravljanje preko mobilne aplikacije, bilo gde i bilo kada, za potpunu kontrolu klime.    Vi\u0161eslojni filter za pro\u010di\u0161\u0107avanje vazduhaEfikasno uklanja pra\u0161inu, polen, alergene i neprijatne mirise, pobolj\u0161avaju\u0107i kvalitet vazduha u prostoriji.    Tihi re\u017eim radaOmogu\u0107ava skoro ne\u010dujan rad ure\u0111aja, idealan za spava\u0107e sobe i radne prostore gdje je potrebna ti\u0161ina.    Smart Air Flow (pametni protok vazduha)Automatski prilago\u0111ava smjer i ja\u010dinu vazduha kako bi se temperatura ravnomerno rasporedila bez neprijatnih strujanja.    Brzo hla\u0111enje i grijanjeFunkcija koja omogu\u0107ava brzo postizanje \u017eeljene temperature radi trenutnog komfora.    Automatsko odmrzavanjeSpre\u010dava stvaranje leda na spolja\u0161njoj jedinici tokom hladnih dana, osiguravaju\u0107i efikasan rad.    Eko re\u017eim radaOptimizuje rad klima ure\u0111aja za manju potro\u0161nju energije, bez kompromisa po pitanju udobnosti.   5 godina garancije ( 2 + 3 )\" \/>\n<meta property=\"og:url\" content=\"https:\/\/svemirplus.me\/product\/haier-revive-plus-12k\/\" \/>\n<meta property=\"og:site_name\" content=\"Svemir Plus\" \/>\n<meta property=\"article:modified_time\" content=\"2026-04-04T10:39:02+00:00\" \/>\n<meta property=\"og:image\" content=\"https:\/\/svemirplus.me\/wp-content\/uploads\/2025\/07\/revive-plus.png\" \/>\n\t<meta property=\"og:image:width\" content=\"450\" \/>\n\t<meta property=\"og:image:height\" content=\"450\" \/>\n\t<meta property=\"og:image:type\" content=\"image\/png\" \/>\n<meta name=\"twitter:card\" content=\"summary_large_image\" \/>\n<meta name=\"twitter:label1\" content=\"Est. reading time\" \/>\n\t<meta name=\"twitter:data1\" content=\"2 minutes\" \/>\n<script type=\"application\/ld+json\" class=\"yoast-schema-graph\">{\"@context\":\"https:\\\/\\\/schema.org\",\"@graph\":[{\"@type\":\"WebPage\",\"@id\":\"https:\\\/\\\/svemirplus.me\\\/product\\\/haier-revive-plus-12k\\\/\",\"url\":\"https:\\\/\\\/svemirplus.me\\\/product\\\/haier-revive-plus-12k\\\/\",\"name\":\"Haier Revive plus 12K - Svemir Plus\",\"isPartOf\":{\"@id\":\"https:\\\/\\\/svemirplus.me\\\/#website\"},\"primaryImageOfPage\":{\"@id\":\"https:\\\/\\\/svemirplus.me\\\/product\\\/haier-revive-plus-12k\\\/#primaryimage\"},\"image\":{\"@id\":\"https:\\\/\\\/svemirplus.me\\\/product\\\/haier-revive-plus-12k\\\/#primaryimage\"},\"thumbnailUrl\":\"https:\\\/\\\/svemirplus.me\\\/wp-content\\\/uploads\\\/2025\\\/07\\\/revive-plus.png\",\"datePublished\":\"2025-08-01T10:24:17+00:00\",\"dateModified\":\"2026-04-04T10:39:02+00:00\",\"breadcrumb\":{\"@id\":\"https:\\\/\\\/svemirplus.me\\\/product\\\/haier-revive-plus-12k\\\/#breadcrumb\"},\"inLanguage\":\"en-US\",\"potentialAction\":[{\"@type\":\"ReadAction\",\"target\":[\"https:\\\/\\\/svemirplus.me\\\/product\\\/haier-revive-plus-12k\\\/\"]}]},{\"@type\":\"ImageObject\",\"inLanguage\":\"en-US\",\"@id\":\"https:\\\/\\\/svemirplus.me\\\/product\\\/haier-revive-plus-12k\\\/#primaryimage\",\"url\":\"https:\\\/\\\/svemirplus.me\\\/wp-content\\\/uploads\\\/2025\\\/07\\\/revive-plus.png\",\"contentUrl\":\"https:\\\/\\\/svemirplus.me\\\/wp-content\\\/uploads\\\/2025\\\/07\\\/revive-plus.png\",\"width\":450,\"height\":450},{\"@type\":\"BreadcrumbList\",\"@id\":\"https:\\\/\\\/svemirplus.me\\\/product\\\/haier-revive-plus-12k\\\/#breadcrumb\",\"itemListElement\":[{\"@type\":\"ListItem\",\"position\":1,\"name\":\"Home\",\"item\":\"https:\\\/\\\/svemirplus.me\\\/\"},{\"@type\":\"ListItem\",\"position\":2,\"name\":\"Proizvodi\",\"item\":\"https:\\\/\\\/svemirplus.me\\\/proizvodi\\\/\"},{\"@type\":\"ListItem\",\"position\":3,\"name\":\"Haier Revive plus 12K\"}]},{\"@type\":\"WebSite\",\"@id\":\"https:\\\/\\\/svemirplus.me\\\/#website\",\"url\":\"https:\\\/\\\/svemirplus.me\\\/\",\"name\":\"Svemir Plus\",\"description\":\"Prodaja Klima uredjaja\",\"publisher\":{\"@id\":\"https:\\\/\\\/svemirplus.me\\\/#organization\"},\"potentialAction\":[{\"@type\":\"SearchAction\",\"target\":{\"@type\":\"EntryPoint\",\"urlTemplate\":\"https:\\\/\\\/svemirplus.me\\\/?s={search_term_string}\"},\"query-input\":{\"@type\":\"PropertyValueSpecification\",\"valueRequired\":true,\"valueName\":\"search_term_string\"}}],\"inLanguage\":\"en-US\"},{\"@type\":\"Organization\",\"@id\":\"https:\\\/\\\/svemirplus.me\\\/#organization\",\"name\":\"Svemir Plus\",\"url\":\"https:\\\/\\\/svemirplus.me\\\/\",\"logo\":{\"@type\":\"ImageObject\",\"inLanguage\":\"en-US\",\"@id\":\"https:\\\/\\\/svemirplus.me\\\/#\\\/schema\\\/logo\\\/image\\\/\",\"url\":\"https:\\\/\\\/svemirplus.me\\\/wp-content\\\/uploads\\\/2025\\\/06\\\/logo-svemir-plus.png\",\"contentUrl\":\"https:\\\/\\\/svemirplus.me\\\/wp-content\\\/uploads\\\/2025\\\/06\\\/logo-svemir-plus.png\",\"width\":143,\"height\":113,\"caption\":\"Svemir Plus\"},\"image\":{\"@id\":\"https:\\\/\\\/svemirplus.me\\\/#\\\/schema\\\/logo\\\/image\\\/\"}}]}<\/script>\n<!-- \/ Yoast SEO plugin. -->","yoast_head_json":{"title":"Haier Revive plus 12K - Svemir Plus","robots":{"index":"index","follow":"follow","max-snippet":"max-snippet:-1","max-image-preview":"max-image-preview:large","max-video-preview":"max-video-preview:-1"},"canonical":"https:\/\/svemirplus.me\/product\/haier-revive-plus-12k\/","og_locale":"en_US","og_type":"article","og_title":"Haier Revive plus 12K - Svemir Plus","og_description":"Inverter tehnologijaPrecizno reguli\u0161e snagu klima ure\u0111aja, \u010dime se posti\u017ee stabilna temperatura i zna\u010dajna u\u0161teda energije.    Frost Clean automatsko \u010di\u0161\u0107enjeRedovno su\u0161i i \u010disti unutra\u0161nju jedinicu, spre\u010davaju\u0107i nakupljanje bakterija i plesni za zdraviji vazduh.    Wi-Fi kontrolaOmogu\u0107ava daljinsko upravljanje preko mobilne aplikacije, bilo gde i bilo kada, za potpunu kontrolu klime.    Vi\u0161eslojni filter za pro\u010di\u0161\u0107avanje vazduhaEfikasno uklanja pra\u0161inu, polen, alergene i neprijatne mirise, pobolj\u0161avaju\u0107i kvalitet vazduha u prostoriji.    Tihi re\u017eim radaOmogu\u0107ava skoro ne\u010dujan rad ure\u0111aja, idealan za spava\u0107e sobe i radne prostore gdje je potrebna ti\u0161ina.    Smart Air Flow (pametni protok vazduha)Automatski prilago\u0111ava smjer i ja\u010dinu vazduha kako bi se temperatura ravnomerno rasporedila bez neprijatnih strujanja.    Brzo hla\u0111enje i grijanjeFunkcija koja omogu\u0107ava brzo postizanje \u017eeljene temperature radi trenutnog komfora.    Automatsko odmrzavanjeSpre\u010dava stvaranje leda na spolja\u0161njoj jedinici tokom hladnih dana, osiguravaju\u0107i efikasan rad.    Eko re\u017eim radaOptimizuje rad klima ure\u0111aja za manju potro\u0161nju energije, bez kompromisa po pitanju udobnosti.   5 godina garancije ( 2 + 3 )","og_url":"https:\/\/svemirplus.me\/product\/haier-revive-plus-12k\/","og_site_name":"Svemir Plus","article_modified_time":"2026-04-04T10:39:02+00:00","og_image":[{"width":450,"height":450,"url":"https:\/\/svemirplus.me\/wp-content\/uploads\/2025\/07\/revive-plus.png","type":"image\/png"}],"twitter_card":"summary_large_image","twitter_misc":{"Est. reading time":"2 minutes"},"schema":{"@context":"https:\/\/schema.org","@graph":[{"@type":"WebPage","@id":"https:\/\/svemirplus.me\/product\/haier-revive-plus-12k\/","url":"https:\/\/svemirplus.me\/product\/haier-revive-plus-12k\/","name":"Haier Revive plus 12K - Svemir Plus","isPartOf":{"@id":"https:\/\/svemirplus.me\/#website"},"primaryImageOfPage":{"@id":"https:\/\/svemirplus.me\/product\/haier-revive-plus-12k\/#primaryimage"},"image":{"@id":"https:\/\/svemirplus.me\/product\/haier-revive-plus-12k\/#primaryimage"},"thumbnailUrl":"https:\/\/svemirplus.me\/wp-content\/uploads\/2025\/07\/revive-plus.png","datePublished":"2025-08-01T10:24:17+00:00","dateModified":"2026-04-04T10:39:02+00:00","breadcrumb":{"@id":"https:\/\/svemirplus.me\/product\/haier-revive-plus-12k\/#breadcrumb"},"inLanguage":"en-US","potentialAction":[{"@type":"ReadAction","target":["https:\/\/svemirplus.me\/product\/haier-revive-plus-12k\/"]}]},{"@type":"ImageObject","inLanguage":"en-US","@id":"https:\/\/svemirplus.me\/product\/haier-revive-plus-12k\/#primaryimage","url":"https:\/\/svemirplus.me\/wp-content\/uploads\/2025\/07\/revive-plus.png","contentUrl":"https:\/\/svemirplus.me\/wp-content\/uploads\/2025\/07\/revive-plus.png","width":450,"height":450},{"@type":"BreadcrumbList","@id":"https:\/\/svemirplus.me\/product\/haier-revive-plus-12k\/#breadcrumb","itemListElement":[{"@type":"ListItem","position":1,"name":"Home","item":"https:\/\/svemirplus.me\/"},{"@type":"ListItem","position":2,"name":"Proizvodi","item":"https:\/\/svemirplus.me\/proizvodi\/"},{"@type":"ListItem","position":3,"name":"Haier Revive plus 12K"}]},{"@type":"WebSite","@id":"https:\/\/svemirplus.me\/#website","url":"https:\/\/svemirplus.me\/","name":"Svemir Plus","description":"Prodaja Klima uredjaja","publisher":{"@id":"https:\/\/svemirplus.me\/#organization"},"potentialAction":[{"@type":"SearchAction","target":{"@type":"EntryPoint","urlTemplate":"https:\/\/svemirplus.me\/?s={search_term_string}"},"query-input":{"@type":"PropertyValueSpecification","valueRequired":true,"valueName":"search_term_string"}}],"inLanguage":"en-US"},{"@type":"Organization","@id":"https:\/\/svemirplus.me\/#organization","name":"Svemir Plus","url":"https:\/\/svemirplus.me\/","logo":{"@type":"ImageObject","inLanguage":"en-US","@id":"https:\/\/svemirplus.me\/#\/schema\/logo\/image\/","url":"https:\/\/svemirplus.me\/wp-content\/uploads\/2025\/06\/logo-svemir-plus.png","contentUrl":"https:\/\/svemirplus.me\/wp-content\/uploads\/2025\/06\/logo-svemir-plus.png","width":143,"height":113,"caption":"Svemir Plus"},"image":{"@id":"https:\/\/svemirplus.me\/#\/schema\/logo\/image\/"}}]}},"_links":{"self":[{"href":"https:\/\/svemirplus.me\/en\/wp-json\/wp\/v2\/product\/4305","targetHints":{"allow":["GET"]}}],"collection":[{"href":"https:\/\/svemirplus.me\/en\/wp-json\/wp\/v2\/product"}],"about":[{"href":"https:\/\/svemirplus.me\/en\/wp-json\/wp\/v2\/types\/product"}],"version-history":[{"count":3,"href":"https:\/\/svemirplus.me\/en\/wp-json\/wp\/v2\/product\/4305\/revisions"}],"predecessor-version":[{"id":4861,"href":"https:\/\/svemirplus.me\/en\/wp-json\/wp\/v2\/product\/4305\/revisions\/4861"}],"wp:featuredmedia":[{"embeddable":true,"href":"https:\/\/svemirplus.me\/en\/wp-json\/wp\/v2\/media\/4300"}],"wp:attachment":[{"href":"https:\/\/svemirplus.me\/en\/wp-json\/wp\/v2\/media?parent=4305"}],"wp:term":[{"taxonomy":"brand","embeddable":true,"href":"https:\/\/svemirplus.me\/en\/wp-json\/wp\/v2\/etheme_brands?post=4305"},{"taxonomy":"product_brand","embeddable":true,"href":"https:\/\/svemirplus.me\/en\/wp-json\/wp\/v2\/product_brand?post=4305"},{"taxonomy":"product_cat","embeddable":true,"href":"https:\/\/svemirplus.me\/en\/wp-json\/wp\/v2\/product_cat?post=4305"},{"taxonomy":"product_tag","embeddable":true,"href":"https:\/\/svemirplus.me\/en\/wp-json\/wp\/v2\/product_tag?post=4305"}],"curies":[{"name":"wp","href":"https:\/\/api.w.org\/{rel}","templated":true}]}}