{"id":4173,"date":"2025-07-02T10:23:34","date_gmt":"2025-07-02T10:23:34","guid":{"rendered":"https:\/\/svemirplus.me\/?post_type=product&#038;p=4173"},"modified":"2026-04-04T10:39:34","modified_gmt":"2026-04-04T10:39:34","slug":"revive-plus","status":"publish","type":"product","link":"https:\/\/svemirplus.me\/en\/product\/revive-plus\/","title":{"rendered":"Haier Revive plus 09K"},"content":{"rendered":"<p data-start=\"62\" data-end=\"109\"><strong data-start=\"62\" data-end=\"109\">Haier Revive Plus \u2013 Di\u0161i bolje, \u017eivi bolje.<\/strong><\/p>\n<p data-start=\"111\" data-end=\"516\">Haier Revive Plus je klima ure\u0111aj koji donosi novo iskustvo udobnosti u tvoj dom ili radni prostor. Dizajniran sa pa\u017enjom i fokusom na kvalitet, ovaj ure\u0111aj pru\u017ea savr\u0161enu ravnote\u017eu izme\u0111u efikasnosti, ti\u0161ine i estetike, stvaraju\u0107i prijatnu atmosferu u svakoj prostoriji. Njegova primarna misija nije samo da hladi ili greje, ve\u0107 da kreira zdravu i sve\u017eu sredinu u kojoj je zadovoljstvo boravka zajam\u010deno.<\/p>\n<p data-start=\"518\" data-end=\"848\">Sa Haier Revive Plus klima ure\u0111ajem, svaki dah postaje osve\u017eavaju\u0107i, jer se brine o kvalitetu vazduha na najvi\u0161em nivou. Nezavisno od godi\u0161njeg doba, ovaj ure\u0111aj pru\u017ea stabilnu i prijatnu temperaturu, istovremeno uklanjaju\u0107i ne\u010disto\u0107e iz vazduha i obezbe\u0111uju\u0107i da prostor u kome se nalazi\u0161 bude uvek prijatno mesto za \u017eivot i rad.<!--more--><\/p>\n<p data-start=\"850\" data-end=\"1167\">Njegova napredna tehnologija omogu\u0107ava jednostavno i intuitivno kori\u0161\u0107enje, prilago\u0111avaju\u0107i se tvom na\u010dinu \u017eivota i potrebama. Bilo da se radi o dugim letnjim danima ili hladnim zimskim no\u0107ima, Haier Revive Plus ti pru\u017ea potpunu kontrolu nad klimatskim uslovima u prostoriji, bez buke i nepotrebne potro\u0161nje energije.<\/p>\n<p data-start=\"1169\" data-end=\"1438\">Upravo zato \u0161to je napravljen da traje i pru\u017ea vrhunske performanse, Haier Revive Plus je pravi izbor za one koji ne pristaju na kompromise izme\u0111u kvaliteta, komfora i modernog dizajna. Uz ovaj klima ure\u0111aj, tvoj prostor postaje oaza mira, zdravlja i savr\u0161enog balansa.<\/p>\n<p data-start=\"1169\" data-end=\"1438\"><a href=\"https:\/\/svemirplus.me\/wp-content\/uploads\/2025\/08\/HAIER-Revive_A4_2024_bez_bedja_d50411f6-8e43-426a-_250331_185255.pdf\">Haier Revive plus &#8211; tehni\u010dki list.<\/a><\/p>\n<article class=\"text-token-text-primary w-full\" dir=\"auto\" data-testid=\"conversation-turn-5\" data-scroll-anchor=\"false\">\n<h5 class=\"sr-only\"><\/h5>\n<\/article>\n","protected":false},"excerpt":{"rendered":"<ul data-start=\"195\" data-end=\"1770\">\n<li data-start=\"195\" data-end=\"367\">\n<p data-start=\"197\" data-end=\"367\"><strong data-start=\"197\" data-end=\"221\">Inverter tehnologija<\/strong><br data-start=\"221\" data-end=\"224\" \/>Omogu\u0107ava precizno pode\u0161avanje snage klima ure\u0111aja, \u0161to rezultira u\u0161tedom energije i odr\u017eavanjem konstantne temperature bez velikih oscilacija.<\/p>\n<\/li>\n<li data-start=\"369\" data-end=\"583\">\n<p data-start=\"371\" data-end=\"583\"><strong data-start=\"371\" data-end=\"408\">Frost Clean (automatsko \u010di\u0161\u0107enje)<\/strong><br data-start=\"408\" data-end=\"411\" \/>Posebna funkcija koja automatski su\u0161i i \u010disti unutra\u0161nju jedinicu, spre\u010davaju\u0107i razvoj bakterija i plesni, \u010dime se odr\u017eava zdraviji vazduh i produ\u017eava vek trajanja ure\u0111aja.<\/p>\n<\/li>\n<li data-start=\"585\" data-end=\"814\">\n<p data-start=\"587\" data-end=\"814\"><strong data-start=\"587\" data-end=\"605\">Wi-Fi kontrola<\/strong><br data-start=\"605\" data-end=\"608\" \/>Mogu\u0107nost upravljanja klima ure\u0111ajem putem mobilne aplikacije, bilo gde i bilo kada. Omogu\u0107ava daljinsko paljenje, ga\u0161enje i pode\u0161avanje temperature, \u010dine\u0107i kori\u0161\u0107enje ure\u0111aja jednostavnijim i prakti\u010dnijim.<\/p>\n<\/li>\n<li data-start=\"816\" data-end=\"1015\">\n<p data-start=\"818\" data-end=\"1015\"><strong data-start=\"818\" data-end=\"865\">Vi\u0161estepeni filter za pre\u010di\u0161\u0107avanje vazduha<\/strong><br data-start=\"865\" data-end=\"868\" \/>Ure\u0111aj je opremljen naprednim filterima koji uklanjaju pra\u0161inu, polen, alergene i neprijatne mirise, obezbe\u0111uju\u0107i \u010dist i zdrav vazduh u prostoriji.<\/p>\n<\/li>\n<li data-start=\"1017\" data-end=\"1147\">\n<p data-start=\"1019\" data-end=\"1147\"><strong data-start=\"1019\" data-end=\"1052\">Silent Mode (tihi re\u017eim rada)<\/strong><br data-start=\"1052\" data-end=\"1055\" \/>Omogu\u0107ava rad klima ure\u0111aja sa minimalnim nivoom buke, idealan za spavanje ili rad u ti\u0161ini.<\/p>\n<\/li>\n<li data-start=\"1149\" data-end=\"1330\">\n<p data-start=\"1151\" data-end=\"1330\"><strong data-start=\"1151\" data-end=\"1194\">Smart Air Flow (pametni protok vazduha)<\/strong><br data-start=\"1194\" data-end=\"1197\" \/>Tehnologija koja automatski prilago\u0111ava smer i ja\u010dinu protoka vazduha kako bi se postigao optimalan komfor bez neprijatnih strujanja.<\/p>\n<\/li>\n<li data-start=\"1332\" data-end=\"1469\">\n<p data-start=\"1334\" data-end=\"1469\"><strong data-start=\"1334\" data-end=\"1362\">Brzo hla\u0111enje i grejanje<\/strong><br data-start=\"1362\" data-end=\"1365\" \/>Funkcija koja omogu\u0107ava brzo postizanje \u017eeljene temperature u prostoriji, za trenutno prijatan ambijent.<\/p>\n<\/li>\n<li data-start=\"1471\" data-end=\"1644\">\n<p data-start=\"1473\" data-end=\"1644\"><strong data-start=\"1473\" data-end=\"1499\">Automatsko odmrzavanje<\/strong><br data-start=\"1499\" data-end=\"1502\" \/>Sistem koji spre\u010dava nakupljanje leda na spolja\u0161njoj jedinici tokom rada u re\u017eimu grejanja, osiguravaju\u0107i efikasan rad i dugotrajnost ure\u0111aja.<\/p>\n<\/li>\n<li data-start=\"1646\" data-end=\"1770\">\n<p data-start=\"1648\" data-end=\"1770\"><strong data-start=\"1648\" data-end=\"1666\">Eko re\u017eim rada<\/strong><br data-start=\"1666\" data-end=\"1669\" \/>Ure\u0111aj prilago\u0111ava potro\u0161nju energije za maksimalnu u\u0161tedu, a da pritom zadr\u017ei prijatan nivo komfora.<\/p>\n<\/li>\n<li data-start=\"1646\" data-end=\"1770\">5 godina garancije ( 2 + 3 )<\/li>\n<\/ul>\n<p>&nbsp;<\/p>\n","protected":false},"featured_media":4300,"template":"","meta":[],"etheme_brands":[{"term_id":43,"name":"Haier","slug":"haier","term_group":0,"term_taxonomy_id":43,"taxonomy":"brand","description":"","parent":0,"count":38,"filter":"raw","term_order":"0"}],"product_brand":[],"product_cat":[67,69,61,19,55,59,65,56,57,58],"product_tag":[],"class_list":{"0":"post-4173","1":"product","2":"type-product","3":"status-publish","4":"has-post-thumbnail","6":"brand-haier","7":"product_cat-da","8":"product_cat-15-25m","9":"product_cat-9-000btu","10":"product_cat-split-sistemi","11":"product_cat-snaga","12":"product_cat-zidna","13":"product_cat-a-energetska-efikasnost","14":"product_cat-energetska-efikasnost","15":"product_cat-wi-fi","16":"product_cat-povrsina","18":"first","19":"instock","20":"sale","21":"shipping-taxable","22":"purchasable","23":"product-type-simple"},"yoast_head":"<!-- This site is optimized with the Yoast SEO plugin v27.4 - https:\/\/yoast.com\/product\/yoast-seo-wordpress\/ -->\n<title>Haier Revive plus 09K - Svemir Plus<\/title>\n<meta name=\"robots\" content=\"index, follow, max-snippet:-1, max-image-preview:large, max-video-preview:-1\" \/>\n<link rel=\"canonical\" href=\"https:\/\/svemirplus.me\/product\/revive-plus\/\" \/>\n<meta property=\"og:locale\" content=\"en_US\" \/>\n<meta property=\"og:type\" content=\"article\" \/>\n<meta property=\"og:title\" content=\"Haier Revive plus 09K - Svemir Plus\" \/>\n<meta property=\"og:description\" content=\"Inverter tehnologijaOmogu\u0107ava precizno pode\u0161avanje snage klima ure\u0111aja, \u0161to rezultira u\u0161tedom energije i odr\u017eavanjem konstantne temperature bez velikih oscilacija.    Frost Clean (automatsko \u010di\u0161\u0107enje)Posebna funkcija koja automatski su\u0161i i \u010disti unutra\u0161nju jedinicu, spre\u010davaju\u0107i razvoj bakterija i plesni, \u010dime se odr\u017eava zdraviji vazduh i produ\u017eava vek trajanja ure\u0111aja.    Wi-Fi kontrolaMogu\u0107nost upravljanja klima ure\u0111ajem putem mobilne aplikacije, bilo gde i bilo kada. Omogu\u0107ava daljinsko paljenje, ga\u0161enje i pode\u0161avanje temperature, \u010dine\u0107i kori\u0161\u0107enje ure\u0111aja jednostavnijim i prakti\u010dnijim.    Vi\u0161estepeni filter za pre\u010di\u0161\u0107avanje vazduhaUre\u0111aj je opremljen naprednim filterima koji uklanjaju pra\u0161inu, polen, alergene i neprijatne mirise, obezbe\u0111uju\u0107i \u010dist i zdrav vazduh u prostoriji.    Silent Mode (tihi re\u017eim rada)Omogu\u0107ava rad klima ure\u0111aja sa minimalnim nivoom buke, idealan za spavanje ili rad u ti\u0161ini.    Smart Air Flow (pametni protok vazduha)Tehnologija koja automatski prilago\u0111ava smer i ja\u010dinu protoka vazduha kako bi se postigao optimalan komfor bez neprijatnih strujanja.    Brzo hla\u0111enje i grejanjeFunkcija koja omogu\u0107ava brzo postizanje \u017eeljene temperature u prostoriji, za trenutno prijatan ambijent.    Automatsko odmrzavanjeSistem koji spre\u010dava nakupljanje leda na spolja\u0161njoj jedinici tokom rada u re\u017eimu grejanja, osiguravaju\u0107i efikasan rad i dugotrajnost ure\u0111aja.    Eko re\u017eim radaUre\u0111aj prilago\u0111ava potro\u0161nju energije za maksimalnu u\u0161tedu, a da pritom zadr\u017ei prijatan nivo komfora.   5 godina garancije ( 2 + 3 )  &nbsp;\" \/>\n<meta property=\"og:url\" content=\"https:\/\/svemirplus.me\/product\/revive-plus\/\" \/>\n<meta property=\"og:site_name\" content=\"Svemir Plus\" \/>\n<meta property=\"article:modified_time\" content=\"2026-04-04T10:39:34+00:00\" \/>\n<meta property=\"og:image\" content=\"https:\/\/svemirplus.me\/wp-content\/uploads\/2025\/07\/revive-plus.png\" \/>\n\t<meta property=\"og:image:width\" content=\"450\" \/>\n\t<meta property=\"og:image:height\" content=\"450\" \/>\n\t<meta property=\"og:image:type\" content=\"image\/png\" \/>\n<meta name=\"twitter:card\" content=\"summary_large_image\" \/>\n<meta name=\"twitter:label1\" content=\"Est. reading time\" \/>\n\t<meta name=\"twitter:data1\" content=\"2 minutes\" \/>\n<script type=\"application\/ld+json\" class=\"yoast-schema-graph\">{\"@context\":\"https:\\\/\\\/schema.org\",\"@graph\":[{\"@type\":\"WebPage\",\"@id\":\"https:\\\/\\\/svemirplus.me\\\/product\\\/revive-plus\\\/\",\"url\":\"https:\\\/\\\/svemirplus.me\\\/product\\\/revive-plus\\\/\",\"name\":\"Haier Revive plus 09K - Svemir Plus\",\"isPartOf\":{\"@id\":\"https:\\\/\\\/svemirplus.me\\\/#website\"},\"primaryImageOfPage\":{\"@id\":\"https:\\\/\\\/svemirplus.me\\\/product\\\/revive-plus\\\/#primaryimage\"},\"image\":{\"@id\":\"https:\\\/\\\/svemirplus.me\\\/product\\\/revive-plus\\\/#primaryimage\"},\"thumbnailUrl\":\"https:\\\/\\\/svemirplus.me\\\/wp-content\\\/uploads\\\/2025\\\/07\\\/revive-plus.png\",\"datePublished\":\"2025-07-02T10:23:34+00:00\",\"dateModified\":\"2026-04-04T10:39:34+00:00\",\"breadcrumb\":{\"@id\":\"https:\\\/\\\/svemirplus.me\\\/product\\\/revive-plus\\\/#breadcrumb\"},\"inLanguage\":\"en-US\",\"potentialAction\":[{\"@type\":\"ReadAction\",\"target\":[\"https:\\\/\\\/svemirplus.me\\\/product\\\/revive-plus\\\/\"]}]},{\"@type\":\"ImageObject\",\"inLanguage\":\"en-US\",\"@id\":\"https:\\\/\\\/svemirplus.me\\\/product\\\/revive-plus\\\/#primaryimage\",\"url\":\"https:\\\/\\\/svemirplus.me\\\/wp-content\\\/uploads\\\/2025\\\/07\\\/revive-plus.png\",\"contentUrl\":\"https:\\\/\\\/svemirplus.me\\\/wp-content\\\/uploads\\\/2025\\\/07\\\/revive-plus.png\",\"width\":450,\"height\":450},{\"@type\":\"BreadcrumbList\",\"@id\":\"https:\\\/\\\/svemirplus.me\\\/product\\\/revive-plus\\\/#breadcrumb\",\"itemListElement\":[{\"@type\":\"ListItem\",\"position\":1,\"name\":\"Home\",\"item\":\"https:\\\/\\\/svemirplus.me\\\/\"},{\"@type\":\"ListItem\",\"position\":2,\"name\":\"Proizvodi\",\"item\":\"https:\\\/\\\/svemirplus.me\\\/proizvodi\\\/\"},{\"@type\":\"ListItem\",\"position\":3,\"name\":\"Haier Revive plus 09K\"}]},{\"@type\":\"WebSite\",\"@id\":\"https:\\\/\\\/svemirplus.me\\\/#website\",\"url\":\"https:\\\/\\\/svemirplus.me\\\/\",\"name\":\"Svemir Plus\",\"description\":\"Prodaja Klima uredjaja\",\"publisher\":{\"@id\":\"https:\\\/\\\/svemirplus.me\\\/#organization\"},\"potentialAction\":[{\"@type\":\"SearchAction\",\"target\":{\"@type\":\"EntryPoint\",\"urlTemplate\":\"https:\\\/\\\/svemirplus.me\\\/?s={search_term_string}\"},\"query-input\":{\"@type\":\"PropertyValueSpecification\",\"valueRequired\":true,\"valueName\":\"search_term_string\"}}],\"inLanguage\":\"en-US\"},{\"@type\":\"Organization\",\"@id\":\"https:\\\/\\\/svemirplus.me\\\/#organization\",\"name\":\"Svemir Plus\",\"url\":\"https:\\\/\\\/svemirplus.me\\\/\",\"logo\":{\"@type\":\"ImageObject\",\"inLanguage\":\"en-US\",\"@id\":\"https:\\\/\\\/svemirplus.me\\\/#\\\/schema\\\/logo\\\/image\\\/\",\"url\":\"https:\\\/\\\/svemirplus.me\\\/wp-content\\\/uploads\\\/2025\\\/06\\\/logo-svemir-plus.png\",\"contentUrl\":\"https:\\\/\\\/svemirplus.me\\\/wp-content\\\/uploads\\\/2025\\\/06\\\/logo-svemir-plus.png\",\"width\":143,\"height\":113,\"caption\":\"Svemir Plus\"},\"image\":{\"@id\":\"https:\\\/\\\/svemirplus.me\\\/#\\\/schema\\\/logo\\\/image\\\/\"}}]}<\/script>\n<!-- \/ Yoast SEO plugin. -->","yoast_head_json":{"title":"Haier Revive plus 09K - Svemir Plus","robots":{"index":"index","follow":"follow","max-snippet":"max-snippet:-1","max-image-preview":"max-image-preview:large","max-video-preview":"max-video-preview:-1"},"canonical":"https:\/\/svemirplus.me\/product\/revive-plus\/","og_locale":"en_US","og_type":"article","og_title":"Haier Revive plus 09K - Svemir Plus","og_description":"Inverter tehnologijaOmogu\u0107ava precizno pode\u0161avanje snage klima ure\u0111aja, \u0161to rezultira u\u0161tedom energije i odr\u017eavanjem konstantne temperature bez velikih oscilacija.    Frost Clean (automatsko \u010di\u0161\u0107enje)Posebna funkcija koja automatski su\u0161i i \u010disti unutra\u0161nju jedinicu, spre\u010davaju\u0107i razvoj bakterija i plesni, \u010dime se odr\u017eava zdraviji vazduh i produ\u017eava vek trajanja ure\u0111aja.    Wi-Fi kontrolaMogu\u0107nost upravljanja klima ure\u0111ajem putem mobilne aplikacije, bilo gde i bilo kada. Omogu\u0107ava daljinsko paljenje, ga\u0161enje i pode\u0161avanje temperature, \u010dine\u0107i kori\u0161\u0107enje ure\u0111aja jednostavnijim i prakti\u010dnijim.    Vi\u0161estepeni filter za pre\u010di\u0161\u0107avanje vazduhaUre\u0111aj je opremljen naprednim filterima koji uklanjaju pra\u0161inu, polen, alergene i neprijatne mirise, obezbe\u0111uju\u0107i \u010dist i zdrav vazduh u prostoriji.    Silent Mode (tihi re\u017eim rada)Omogu\u0107ava rad klima ure\u0111aja sa minimalnim nivoom buke, idealan za spavanje ili rad u ti\u0161ini.    Smart Air Flow (pametni protok vazduha)Tehnologija koja automatski prilago\u0111ava smer i ja\u010dinu protoka vazduha kako bi se postigao optimalan komfor bez neprijatnih strujanja.    Brzo hla\u0111enje i grejanjeFunkcija koja omogu\u0107ava brzo postizanje \u017eeljene temperature u prostoriji, za trenutno prijatan ambijent.    Automatsko odmrzavanjeSistem koji spre\u010dava nakupljanje leda na spolja\u0161njoj jedinici tokom rada u re\u017eimu grejanja, osiguravaju\u0107i efikasan rad i dugotrajnost ure\u0111aja.    Eko re\u017eim radaUre\u0111aj prilago\u0111ava potro\u0161nju energije za maksimalnu u\u0161tedu, a da pritom zadr\u017ei prijatan nivo komfora.   5 godina garancije ( 2 + 3 )  &nbsp;","og_url":"https:\/\/svemirplus.me\/product\/revive-plus\/","og_site_name":"Svemir Plus","article_modified_time":"2026-04-04T10:39:34+00:00","og_image":[{"width":450,"height":450,"url":"https:\/\/svemirplus.me\/wp-content\/uploads\/2025\/07\/revive-plus.png","type":"image\/png"}],"twitter_card":"summary_large_image","twitter_misc":{"Est. reading time":"2 minutes"},"schema":{"@context":"https:\/\/schema.org","@graph":[{"@type":"WebPage","@id":"https:\/\/svemirplus.me\/product\/revive-plus\/","url":"https:\/\/svemirplus.me\/product\/revive-plus\/","name":"Haier Revive plus 09K - Svemir Plus","isPartOf":{"@id":"https:\/\/svemirplus.me\/#website"},"primaryImageOfPage":{"@id":"https:\/\/svemirplus.me\/product\/revive-plus\/#primaryimage"},"image":{"@id":"https:\/\/svemirplus.me\/product\/revive-plus\/#primaryimage"},"thumbnailUrl":"https:\/\/svemirplus.me\/wp-content\/uploads\/2025\/07\/revive-plus.png","datePublished":"2025-07-02T10:23:34+00:00","dateModified":"2026-04-04T10:39:34+00:00","breadcrumb":{"@id":"https:\/\/svemirplus.me\/product\/revive-plus\/#breadcrumb"},"inLanguage":"en-US","potentialAction":[{"@type":"ReadAction","target":["https:\/\/svemirplus.me\/product\/revive-plus\/"]}]},{"@type":"ImageObject","inLanguage":"en-US","@id":"https:\/\/svemirplus.me\/product\/revive-plus\/#primaryimage","url":"https:\/\/svemirplus.me\/wp-content\/uploads\/2025\/07\/revive-plus.png","contentUrl":"https:\/\/svemirplus.me\/wp-content\/uploads\/2025\/07\/revive-plus.png","width":450,"height":450},{"@type":"BreadcrumbList","@id":"https:\/\/svemirplus.me\/product\/revive-plus\/#breadcrumb","itemListElement":[{"@type":"ListItem","position":1,"name":"Home","item":"https:\/\/svemirplus.me\/"},{"@type":"ListItem","position":2,"name":"Proizvodi","item":"https:\/\/svemirplus.me\/proizvodi\/"},{"@type":"ListItem","position":3,"name":"Haier Revive plus 09K"}]},{"@type":"WebSite","@id":"https:\/\/svemirplus.me\/#website","url":"https:\/\/svemirplus.me\/","name":"Svemir Plus","description":"Prodaja Klima uredjaja","publisher":{"@id":"https:\/\/svemirplus.me\/#organization"},"potentialAction":[{"@type":"SearchAction","target":{"@type":"EntryPoint","urlTemplate":"https:\/\/svemirplus.me\/?s={search_term_string}"},"query-input":{"@type":"PropertyValueSpecification","valueRequired":true,"valueName":"search_term_string"}}],"inLanguage":"en-US"},{"@type":"Organization","@id":"https:\/\/svemirplus.me\/#organization","name":"Svemir Plus","url":"https:\/\/svemirplus.me\/","logo":{"@type":"ImageObject","inLanguage":"en-US","@id":"https:\/\/svemirplus.me\/#\/schema\/logo\/image\/","url":"https:\/\/svemirplus.me\/wp-content\/uploads\/2025\/06\/logo-svemir-plus.png","contentUrl":"https:\/\/svemirplus.me\/wp-content\/uploads\/2025\/06\/logo-svemir-plus.png","width":143,"height":113,"caption":"Svemir Plus"},"image":{"@id":"https:\/\/svemirplus.me\/#\/schema\/logo\/image\/"}}]}},"_links":{"self":[{"href":"https:\/\/svemirplus.me\/en\/wp-json\/wp\/v2\/product\/4173","targetHints":{"allow":["GET"]}}],"collection":[{"href":"https:\/\/svemirplus.me\/en\/wp-json\/wp\/v2\/product"}],"about":[{"href":"https:\/\/svemirplus.me\/en\/wp-json\/wp\/v2\/types\/product"}],"version-history":[{"count":9,"href":"https:\/\/svemirplus.me\/en\/wp-json\/wp\/v2\/product\/4173\/revisions"}],"predecessor-version":[{"id":4293,"href":"https:\/\/svemirplus.me\/en\/wp-json\/wp\/v2\/product\/4173\/revisions\/4293"}],"wp:featuredmedia":[{"embeddable":true,"href":"https:\/\/svemirplus.me\/en\/wp-json\/wp\/v2\/media\/4300"}],"wp:attachment":[{"href":"https:\/\/svemirplus.me\/en\/wp-json\/wp\/v2\/media?parent=4173"}],"wp:term":[{"taxonomy":"brand","embeddable":true,"href":"https:\/\/svemirplus.me\/en\/wp-json\/wp\/v2\/etheme_brands?post=4173"},{"taxonomy":"product_brand","embeddable":true,"href":"https:\/\/svemirplus.me\/en\/wp-json\/wp\/v2\/product_brand?post=4173"},{"taxonomy":"product_cat","embeddable":true,"href":"https:\/\/svemirplus.me\/en\/wp-json\/wp\/v2\/product_cat?post=4173"},{"taxonomy":"product_tag","embeddable":true,"href":"https:\/\/svemirplus.me\/en\/wp-json\/wp\/v2\/product_tag?post=4173"}],"curies":[{"name":"wp","href":"https:\/\/api.w.org\/{rel}","templated":true}]}}