{"id":3894,"date":"2025-06-30T14:18:38","date_gmt":"2025-06-30T14:18:38","guid":{"rendered":"https:\/\/svemirplus.me\/?post_type=product&#038;p=3894"},"modified":"2025-06-30T14:21:43","modified_gmt":"2025-06-30T14:21:43","slug":"maxon-eco","status":"publish","type":"product","link":"https:\/\/svemirplus.me\/en\/product\/maxon-eco\/","title":{"rendered":"Maxon Eco"},"content":{"rendered":"<p>MAXON ECO je model s Frost Clean inovativnom tehnologijom samo\u010di\u0161\u0107enja klima ure\u0111aja hladnom ekspanzijom. Srebrni ionski<br \/>\npremaz na ispariva\u010du osigurava pro\u010di\u0161\u0107en vazduh u prostoru bez bakterija na izduvu unutra\u0161nje jedinice.<\/p>\n<div>Funkcije ECO modela uspje\u0161no su prilago\u0111ene dana\u0161njem urbanom na\u010dinu \u017eivota. U svakom trenutku i s bilo koje lokacije, ure\u0111aj mo\u017ee\u0161 upaliti putem svog pametnog telefona (WI &#8211; FI) kako bi te po povratku uvijek do\u010dekala optimalna temperatura. Uz funkciju samo\u010di\u0161\u0107enja, unutra\u0161nja jedinica klima ure\u0111aja uvijek \u0107e biti \u010dista i bez bakterija. Svojim minimalisti\u010dkim dizajnom MAXON ECO se savr\u0161eno uklapa u svaki stil interijer a i nenametljivo postaje dio tvog \u017eivotnog prostora. Udahni bezbri\u017eno ECO vazduh bez bakterija opasnih za tvoje zdravlje i odaberi klimu bez \u0161tetnog uticaja na \u017eivotnu sredinu.<\/div>\n<div><\/div>\n<div><\/div>\n<div><\/div>\n","protected":false},"excerpt":{"rendered":"<ul>\n<li>Integrisan WI &#8211; FI<\/li>\n<li>Funkcija Samo\u010di\u0161\u0107enja<\/li>\n<li>Plavi izmjenjiva\u010d (premaz jonima srebra)<\/li>\n<li>A &#8211; PAM kontrola<\/li>\n<li>PID kontrola<\/li>\n<li>Turbo hla\u0111enje<\/li>\n<li>Sna\u017ean protok vazduha<\/li>\n<li>-15\u2103 grijanje<\/li>\n<li>DC Inverter kompresor<\/li>\n<\/ul>\n","protected":false},"featured_media":3933,"template":"","meta":[],"etheme_brands":[{"term_id":89,"name":"Maxon","slug":"maxon","term_group":0,"term_taxonomy_id":89,"taxonomy":"brand","description":"","parent":0,"count":5,"filter":"raw","term_order":"0"}],"product_brand":[],"product_cat":[67,70,19,55,59,62,65,56,57,58],"product_tag":[],"class_list":{"0":"post-3894","1":"product","2":"type-product","3":"status-publish","4":"has-post-thumbnail","6":"brand-maxon","7":"product_cat-da","8":"product_cat-25-35m","9":"product_cat-split-sistemi","10":"product_cat-snaga","11":"product_cat-zidna","12":"product_cat-12-000btu","13":"product_cat-a-energetska-efikasnost","14":"product_cat-energetska-efikasnost","15":"product_cat-wi-fi","16":"product_cat-povrsina","18":"first","19":"instock","20":"sale","21":"shipping-taxable","22":"purchasable","23":"product-type-simple"},"yoast_head":"<!-- This site is optimized with the Yoast SEO plugin v27.4 - https:\/\/yoast.com\/product\/yoast-seo-wordpress\/ -->\n<title>Maxon Eco - Svemir Plus<\/title>\n<meta name=\"robots\" content=\"index, follow, max-snippet:-1, max-image-preview:large, max-video-preview:-1\" \/>\n<link rel=\"canonical\" href=\"https:\/\/svemirplus.me\/product\/maxon-eco\/\" \/>\n<meta property=\"og:locale\" content=\"en_US\" \/>\n<meta property=\"og:type\" content=\"article\" \/>\n<meta property=\"og:title\" content=\"Maxon Eco - Svemir Plus\" \/>\n<meta property=\"og:description\" content=\"Integrisan WI - FI  Funkcija Samo\u010di\u0161\u0107enja  Plavi izmjenjiva\u010d (premaz jonima srebra)  A - PAM kontrola  PID kontrola  Turbo hla\u0111enje  Sna\u017ean protok vazduha  -15\u2103 grijanje  DC Inverter kompresor\" \/>\n<meta property=\"og:url\" content=\"https:\/\/svemirplus.me\/product\/maxon-eco\/\" \/>\n<meta property=\"og:site_name\" content=\"Svemir Plus\" \/>\n<meta property=\"article:modified_time\" content=\"2025-06-30T14:21:43+00:00\" \/>\n<meta property=\"og:image\" content=\"https:\/\/svemirplus.me\/wp-content\/uploads\/2025\/06\/download-1.jpg\" \/>\n\t<meta property=\"og:image:width\" content=\"225\" \/>\n\t<meta property=\"og:image:height\" content=\"225\" \/>\n\t<meta property=\"og:image:type\" content=\"image\/jpeg\" \/>\n<meta name=\"twitter:card\" content=\"summary_large_image\" \/>\n<meta name=\"twitter:label1\" content=\"Est. reading time\" \/>\n\t<meta name=\"twitter:data1\" content=\"1 minute\" \/>\n<script type=\"application\/ld+json\" class=\"yoast-schema-graph\">{\"@context\":\"https:\\\/\\\/schema.org\",\"@graph\":[{\"@type\":\"WebPage\",\"@id\":\"https:\\\/\\\/svemirplus.me\\\/product\\\/maxon-eco\\\/\",\"url\":\"https:\\\/\\\/svemirplus.me\\\/product\\\/maxon-eco\\\/\",\"name\":\"Maxon Eco - Svemir Plus\",\"isPartOf\":{\"@id\":\"https:\\\/\\\/svemirplus.me\\\/#website\"},\"primaryImageOfPage\":{\"@id\":\"https:\\\/\\\/svemirplus.me\\\/product\\\/maxon-eco\\\/#primaryimage\"},\"image\":{\"@id\":\"https:\\\/\\\/svemirplus.me\\\/product\\\/maxon-eco\\\/#primaryimage\"},\"thumbnailUrl\":\"https:\\\/\\\/svemirplus.me\\\/wp-content\\\/uploads\\\/2025\\\/06\\\/download-1.jpg\",\"datePublished\":\"2025-06-30T14:18:38+00:00\",\"dateModified\":\"2025-06-30T14:21:43+00:00\",\"breadcrumb\":{\"@id\":\"https:\\\/\\\/svemirplus.me\\\/product\\\/maxon-eco\\\/#breadcrumb\"},\"inLanguage\":\"en-US\",\"potentialAction\":[{\"@type\":\"ReadAction\",\"target\":[\"https:\\\/\\\/svemirplus.me\\\/product\\\/maxon-eco\\\/\"]}]},{\"@type\":\"ImageObject\",\"inLanguage\":\"en-US\",\"@id\":\"https:\\\/\\\/svemirplus.me\\\/product\\\/maxon-eco\\\/#primaryimage\",\"url\":\"https:\\\/\\\/svemirplus.me\\\/wp-content\\\/uploads\\\/2025\\\/06\\\/download-1.jpg\",\"contentUrl\":\"https:\\\/\\\/svemirplus.me\\\/wp-content\\\/uploads\\\/2025\\\/06\\\/download-1.jpg\",\"width\":225,\"height\":225},{\"@type\":\"BreadcrumbList\",\"@id\":\"https:\\\/\\\/svemirplus.me\\\/product\\\/maxon-eco\\\/#breadcrumb\",\"itemListElement\":[{\"@type\":\"ListItem\",\"position\":1,\"name\":\"Home\",\"item\":\"https:\\\/\\\/svemirplus.me\\\/\"},{\"@type\":\"ListItem\",\"position\":2,\"name\":\"Proizvodi\",\"item\":\"https:\\\/\\\/svemirplus.me\\\/proizvodi\\\/\"},{\"@type\":\"ListItem\",\"position\":3,\"name\":\"Maxon Eco\"}]},{\"@type\":\"WebSite\",\"@id\":\"https:\\\/\\\/svemirplus.me\\\/#website\",\"url\":\"https:\\\/\\\/svemirplus.me\\\/\",\"name\":\"Svemir Plus\",\"description\":\"Prodaja Klima uredjaja\",\"publisher\":{\"@id\":\"https:\\\/\\\/svemirplus.me\\\/#organization\"},\"potentialAction\":[{\"@type\":\"SearchAction\",\"target\":{\"@type\":\"EntryPoint\",\"urlTemplate\":\"https:\\\/\\\/svemirplus.me\\\/?s={search_term_string}\"},\"query-input\":{\"@type\":\"PropertyValueSpecification\",\"valueRequired\":true,\"valueName\":\"search_term_string\"}}],\"inLanguage\":\"en-US\"},{\"@type\":\"Organization\",\"@id\":\"https:\\\/\\\/svemirplus.me\\\/#organization\",\"name\":\"Svemir Plus\",\"url\":\"https:\\\/\\\/svemirplus.me\\\/\",\"logo\":{\"@type\":\"ImageObject\",\"inLanguage\":\"en-US\",\"@id\":\"https:\\\/\\\/svemirplus.me\\\/#\\\/schema\\\/logo\\\/image\\\/\",\"url\":\"https:\\\/\\\/svemirplus.me\\\/wp-content\\\/uploads\\\/2025\\\/06\\\/logo-svemir-plus.png\",\"contentUrl\":\"https:\\\/\\\/svemirplus.me\\\/wp-content\\\/uploads\\\/2025\\\/06\\\/logo-svemir-plus.png\",\"width\":143,\"height\":113,\"caption\":\"Svemir Plus\"},\"image\":{\"@id\":\"https:\\\/\\\/svemirplus.me\\\/#\\\/schema\\\/logo\\\/image\\\/\"}}]}<\/script>\n<!-- \/ Yoast SEO plugin. -->","yoast_head_json":{"title":"Maxon Eco - Svemir Plus","robots":{"index":"index","follow":"follow","max-snippet":"max-snippet:-1","max-image-preview":"max-image-preview:large","max-video-preview":"max-video-preview:-1"},"canonical":"https:\/\/svemirplus.me\/product\/maxon-eco\/","og_locale":"en_US","og_type":"article","og_title":"Maxon Eco - Svemir Plus","og_description":"Integrisan WI - FI  Funkcija Samo\u010di\u0161\u0107enja  Plavi izmjenjiva\u010d (premaz jonima srebra)  A - PAM kontrola  PID kontrola  Turbo hla\u0111enje  Sna\u017ean protok vazduha  -15\u2103 grijanje  DC Inverter kompresor","og_url":"https:\/\/svemirplus.me\/product\/maxon-eco\/","og_site_name":"Svemir Plus","article_modified_time":"2025-06-30T14:21:43+00:00","og_image":[{"width":225,"height":225,"url":"https:\/\/svemirplus.me\/wp-content\/uploads\/2025\/06\/download-1.jpg","type":"image\/jpeg"}],"twitter_card":"summary_large_image","twitter_misc":{"Est. reading time":"1 minute"},"schema":{"@context":"https:\/\/schema.org","@graph":[{"@type":"WebPage","@id":"https:\/\/svemirplus.me\/product\/maxon-eco\/","url":"https:\/\/svemirplus.me\/product\/maxon-eco\/","name":"Maxon Eco - Svemir Plus","isPartOf":{"@id":"https:\/\/svemirplus.me\/#website"},"primaryImageOfPage":{"@id":"https:\/\/svemirplus.me\/product\/maxon-eco\/#primaryimage"},"image":{"@id":"https:\/\/svemirplus.me\/product\/maxon-eco\/#primaryimage"},"thumbnailUrl":"https:\/\/svemirplus.me\/wp-content\/uploads\/2025\/06\/download-1.jpg","datePublished":"2025-06-30T14:18:38+00:00","dateModified":"2025-06-30T14:21:43+00:00","breadcrumb":{"@id":"https:\/\/svemirplus.me\/product\/maxon-eco\/#breadcrumb"},"inLanguage":"en-US","potentialAction":[{"@type":"ReadAction","target":["https:\/\/svemirplus.me\/product\/maxon-eco\/"]}]},{"@type":"ImageObject","inLanguage":"en-US","@id":"https:\/\/svemirplus.me\/product\/maxon-eco\/#primaryimage","url":"https:\/\/svemirplus.me\/wp-content\/uploads\/2025\/06\/download-1.jpg","contentUrl":"https:\/\/svemirplus.me\/wp-content\/uploads\/2025\/06\/download-1.jpg","width":225,"height":225},{"@type":"BreadcrumbList","@id":"https:\/\/svemirplus.me\/product\/maxon-eco\/#breadcrumb","itemListElement":[{"@type":"ListItem","position":1,"name":"Home","item":"https:\/\/svemirplus.me\/"},{"@type":"ListItem","position":2,"name":"Proizvodi","item":"https:\/\/svemirplus.me\/proizvodi\/"},{"@type":"ListItem","position":3,"name":"Maxon Eco"}]},{"@type":"WebSite","@id":"https:\/\/svemirplus.me\/#website","url":"https:\/\/svemirplus.me\/","name":"Svemir Plus","description":"Prodaja Klima uredjaja","publisher":{"@id":"https:\/\/svemirplus.me\/#organization"},"potentialAction":[{"@type":"SearchAction","target":{"@type":"EntryPoint","urlTemplate":"https:\/\/svemirplus.me\/?s={search_term_string}"},"query-input":{"@type":"PropertyValueSpecification","valueRequired":true,"valueName":"search_term_string"}}],"inLanguage":"en-US"},{"@type":"Organization","@id":"https:\/\/svemirplus.me\/#organization","name":"Svemir Plus","url":"https:\/\/svemirplus.me\/","logo":{"@type":"ImageObject","inLanguage":"en-US","@id":"https:\/\/svemirplus.me\/#\/schema\/logo\/image\/","url":"https:\/\/svemirplus.me\/wp-content\/uploads\/2025\/06\/logo-svemir-plus.png","contentUrl":"https:\/\/svemirplus.me\/wp-content\/uploads\/2025\/06\/logo-svemir-plus.png","width":143,"height":113,"caption":"Svemir Plus"},"image":{"@id":"https:\/\/svemirplus.me\/#\/schema\/logo\/image\/"}}]}},"_links":{"self":[{"href":"https:\/\/svemirplus.me\/en\/wp-json\/wp\/v2\/product\/3894","targetHints":{"allow":["GET"]}}],"collection":[{"href":"https:\/\/svemirplus.me\/en\/wp-json\/wp\/v2\/product"}],"about":[{"href":"https:\/\/svemirplus.me\/en\/wp-json\/wp\/v2\/types\/product"}],"version-history":[{"count":5,"href":"https:\/\/svemirplus.me\/en\/wp-json\/wp\/v2\/product\/3894\/revisions"}],"predecessor-version":[{"id":3941,"href":"https:\/\/svemirplus.me\/en\/wp-json\/wp\/v2\/product\/3894\/revisions\/3941"}],"wp:featuredmedia":[{"embeddable":true,"href":"https:\/\/svemirplus.me\/en\/wp-json\/wp\/v2\/media\/3933"}],"wp:attachment":[{"href":"https:\/\/svemirplus.me\/en\/wp-json\/wp\/v2\/media?parent=3894"}],"wp:term":[{"taxonomy":"brand","embeddable":true,"href":"https:\/\/svemirplus.me\/en\/wp-json\/wp\/v2\/etheme_brands?post=3894"},{"taxonomy":"product_brand","embeddable":true,"href":"https:\/\/svemirplus.me\/en\/wp-json\/wp\/v2\/product_brand?post=3894"},{"taxonomy":"product_cat","embeddable":true,"href":"https:\/\/svemirplus.me\/en\/wp-json\/wp\/v2\/product_cat?post=3894"},{"taxonomy":"product_tag","embeddable":true,"href":"https:\/\/svemirplus.me\/en\/wp-json\/wp\/v2\/product_tag?post=3894"}],"curies":[{"name":"wp","href":"https:\/\/api.w.org\/{rel}","templated":true}]}}