{"id":2033,"date":"2025-06-14T10:32:25","date_gmt":"2025-06-14T10:32:25","guid":{"rendered":"https:\/\/svemirplus.me\/?post_type=product&#038;p=2033"},"modified":"2025-07-02T10:06:12","modified_gmt":"2025-07-02T10:06:12","slug":"mobilni-klima-uredaj","status":"publish","type":"product","link":"https:\/\/svemirplus.me\/en\/product\/mobilni-klima-uredaj\/","title":{"rendered":"Mobilni klima ure\u0111aj"},"content":{"rendered":"<h3><strong>Mobilna klima bez monta\u017ee<\/strong><\/h3>\n<p>Haier prenosni ili pokretni klima ure\u0111aj idealan je izbor za hla\u0111enje, grijanje i odvla\u017eivanje prostora bez prethodne monta\u017ee. Mobilna klima s radnom supstancom R290 elegantnog je dizajna i kompaktnih dimenzija te se svojim izgledom uklapa u razli\u010dite zahtjeve prostora.<\/p>\n<p>Prenosne (mobilne) klime odli\u010dno su rje\u0161enje ukoliko niste u mogu\u0107nosti ugraditi stacionarni klima ure\u0111aj koji se sastoji od spoljne i unutra\u0161nje jedinice. Ne zahtijevaju odobrenje za ugradnju (\u0161to je izuzetno va\u017eno ukoliko se nalazite u iznajmljenojn stambenoj jedinici), nema velikih investicijskih tro\u0161kova niti gra\u0111evinskih zahvata. Izuzetno su prakti\u010dne upravo radi mogu\u0107nosti\u00a0 premje\u0161tanja iz prostorije u prostoriju te na taj na\u010din hladite samo \u017eeljenu sobu poput spava\u0107e ili dnevnog boravka.<\/p>\n","protected":false},"excerpt":{"rendered":"<ul>\n<li>Pouzdan klima ure\u0111aj<\/li>\n<li>Funkcija hla\u0111enja, grijanja i odvla\u017eivanja prostora<\/li>\n<li>UVC PRO sterilizacija za \u010dist i zdrav vazduh<\/li>\n<li>Jak izduv<\/li>\n<li>Jednostavna ugradnja<\/li>\n<li>Energetski razred A<\/li>\n<li>3 godine garancije<\/li>\n<\/ul>\n","protected":false},"featured_media":2034,"template":"","meta":[],"etheme_brands":[{"term_id":43,"name":"Haier","slug":"haier","term_group":0,"term_taxonomy_id":43,"taxonomy":"brand","description":"","parent":0,"count":38,"filter":"raw","term_order":"0"}],"product_brand":[],"product_cat":[64,69,54,60,61,68,19,70,55,56,57,58],"product_tag":[],"class_list":{"0":"post-2033","1":"product","2":"type-product","3":"status-publish","4":"has-post-thumbnail","6":"brand-haier","7":"product_cat-a","8":"product_cat-15-25m","9":"product_cat-vrsta-jedinice","10":"product_cat-podna","11":"product_cat-9-000btu","12":"product_cat-ne","13":"product_cat-split-sistemi","14":"product_cat-25-35m","15":"product_cat-snaga","16":"product_cat-energetska-efikasnost","17":"product_cat-wi-fi","18":"product_cat-povrsina","20":"first","21":"instock","22":"sale","23":"shipping-taxable","24":"purchasable","25":"product-type-simple"},"yoast_head":"<!-- This site is optimized with the Yoast SEO plugin v27.4 - https:\/\/yoast.com\/product\/yoast-seo-wordpress\/ -->\n<title>Mobilni klima ure\u0111aj - Svemir Plus<\/title>\n<meta name=\"description\" content=\"Haier prijenosni ili pokretni klima ure\u0111aj idealan je izbor za hla\u0111enje, grijanje i odvla\u017eivanje prostora bez prethodne monta\u017ee. Mobilni klima ure\u0111aj.\" \/>\n<meta name=\"robots\" content=\"index, follow, max-snippet:-1, max-image-preview:large, max-video-preview:-1\" \/>\n<link rel=\"canonical\" href=\"https:\/\/svemirplus.me\/product\/mobilni-klima-uredaj\/\" \/>\n<meta property=\"og:locale\" content=\"en_US\" \/>\n<meta property=\"og:type\" content=\"article\" \/>\n<meta property=\"og:title\" content=\"Mobilni klima ure\u0111aj - Svemir Plus\" \/>\n<meta property=\"og:description\" content=\"Haier prijenosni ili pokretni klima ure\u0111aj idealan je izbor za hla\u0111enje, grijanje i odvla\u017eivanje prostora bez prethodne monta\u017ee. Mobilni klima ure\u0111aj.\" \/>\n<meta property=\"og:url\" content=\"https:\/\/svemirplus.me\/product\/mobilni-klima-uredaj\/\" \/>\n<meta property=\"og:site_name\" content=\"Svemir Plus\" \/>\n<meta property=\"article:modified_time\" content=\"2025-07-02T10:06:12+00:00\" \/>\n<meta property=\"og:image\" content=\"https:\/\/svemirplus.me\/wp-content\/uploads\/2025\/06\/Mobilna_2.jpg\" \/>\n\t<meta property=\"og:image:width\" content=\"1058\" \/>\n\t<meta property=\"og:image:height\" content=\"446\" \/>\n\t<meta property=\"og:image:type\" content=\"image\/jpeg\" \/>\n<meta name=\"twitter:card\" content=\"summary_large_image\" \/>\n<meta name=\"twitter:label1\" content=\"Est. reading time\" \/>\n\t<meta name=\"twitter:data1\" content=\"1 minute\" \/>\n<script type=\"application\/ld+json\" class=\"yoast-schema-graph\">{\"@context\":\"https:\\\/\\\/schema.org\",\"@graph\":[{\"@type\":\"WebPage\",\"@id\":\"https:\\\/\\\/svemirplus.me\\\/product\\\/mobilni-klima-uredaj\\\/\",\"url\":\"https:\\\/\\\/svemirplus.me\\\/product\\\/mobilni-klima-uredaj\\\/\",\"name\":\"Mobilni klima ure\u0111aj - Svemir Plus\",\"isPartOf\":{\"@id\":\"https:\\\/\\\/svemirplus.me\\\/#website\"},\"primaryImageOfPage\":{\"@id\":\"https:\\\/\\\/svemirplus.me\\\/product\\\/mobilni-klima-uredaj\\\/#primaryimage\"},\"image\":{\"@id\":\"https:\\\/\\\/svemirplus.me\\\/product\\\/mobilni-klima-uredaj\\\/#primaryimage\"},\"thumbnailUrl\":\"https:\\\/\\\/svemirplus.me\\\/wp-content\\\/uploads\\\/2025\\\/06\\\/Mobilna_2.jpg\",\"datePublished\":\"2025-06-14T10:32:25+00:00\",\"dateModified\":\"2025-07-02T10:06:12+00:00\",\"description\":\"Haier prijenosni ili pokretni klima ure\u0111aj idealan je izbor za hla\u0111enje, grijanje i odvla\u017eivanje prostora bez prethodne monta\u017ee. Mobilni klima ure\u0111aj.\",\"breadcrumb\":{\"@id\":\"https:\\\/\\\/svemirplus.me\\\/product\\\/mobilni-klima-uredaj\\\/#breadcrumb\"},\"inLanguage\":\"en-US\",\"potentialAction\":[{\"@type\":\"ReadAction\",\"target\":[\"https:\\\/\\\/svemirplus.me\\\/product\\\/mobilni-klima-uredaj\\\/\"]}]},{\"@type\":\"ImageObject\",\"inLanguage\":\"en-US\",\"@id\":\"https:\\\/\\\/svemirplus.me\\\/product\\\/mobilni-klima-uredaj\\\/#primaryimage\",\"url\":\"https:\\\/\\\/svemirplus.me\\\/wp-content\\\/uploads\\\/2025\\\/06\\\/Mobilna_2.jpg\",\"contentUrl\":\"https:\\\/\\\/svemirplus.me\\\/wp-content\\\/uploads\\\/2025\\\/06\\\/Mobilna_2.jpg\",\"width\":1058,\"height\":446},{\"@type\":\"BreadcrumbList\",\"@id\":\"https:\\\/\\\/svemirplus.me\\\/product\\\/mobilni-klima-uredaj\\\/#breadcrumb\",\"itemListElement\":[{\"@type\":\"ListItem\",\"position\":1,\"name\":\"Home\",\"item\":\"https:\\\/\\\/svemirplus.me\\\/\"},{\"@type\":\"ListItem\",\"position\":2,\"name\":\"Proizvodi\",\"item\":\"https:\\\/\\\/svemirplus.me\\\/proizvodi\\\/\"},{\"@type\":\"ListItem\",\"position\":3,\"name\":\"Mobilni klima ure\u0111aj\"}]},{\"@type\":\"WebSite\",\"@id\":\"https:\\\/\\\/svemirplus.me\\\/#website\",\"url\":\"https:\\\/\\\/svemirplus.me\\\/\",\"name\":\"Svemir Plus\",\"description\":\"Prodaja Klima uredjaja\",\"publisher\":{\"@id\":\"https:\\\/\\\/svemirplus.me\\\/#organization\"},\"potentialAction\":[{\"@type\":\"SearchAction\",\"target\":{\"@type\":\"EntryPoint\",\"urlTemplate\":\"https:\\\/\\\/svemirplus.me\\\/?s={search_term_string}\"},\"query-input\":{\"@type\":\"PropertyValueSpecification\",\"valueRequired\":true,\"valueName\":\"search_term_string\"}}],\"inLanguage\":\"en-US\"},{\"@type\":\"Organization\",\"@id\":\"https:\\\/\\\/svemirplus.me\\\/#organization\",\"name\":\"Svemir Plus\",\"url\":\"https:\\\/\\\/svemirplus.me\\\/\",\"logo\":{\"@type\":\"ImageObject\",\"inLanguage\":\"en-US\",\"@id\":\"https:\\\/\\\/svemirplus.me\\\/#\\\/schema\\\/logo\\\/image\\\/\",\"url\":\"https:\\\/\\\/svemirplus.me\\\/wp-content\\\/uploads\\\/2025\\\/06\\\/logo-svemir-plus.png\",\"contentUrl\":\"https:\\\/\\\/svemirplus.me\\\/wp-content\\\/uploads\\\/2025\\\/06\\\/logo-svemir-plus.png\",\"width\":143,\"height\":113,\"caption\":\"Svemir Plus\"},\"image\":{\"@id\":\"https:\\\/\\\/svemirplus.me\\\/#\\\/schema\\\/logo\\\/image\\\/\"}}]}<\/script>\n<!-- \/ Yoast SEO plugin. -->","yoast_head_json":{"title":"Mobilni klima ure\u0111aj - Svemir Plus","description":"Haier prijenosni ili pokretni klima ure\u0111aj idealan je izbor za hla\u0111enje, grijanje i odvla\u017eivanje prostora bez prethodne monta\u017ee. Mobilni klima ure\u0111aj.","robots":{"index":"index","follow":"follow","max-snippet":"max-snippet:-1","max-image-preview":"max-image-preview:large","max-video-preview":"max-video-preview:-1"},"canonical":"https:\/\/svemirplus.me\/product\/mobilni-klima-uredaj\/","og_locale":"en_US","og_type":"article","og_title":"Mobilni klima ure\u0111aj - Svemir Plus","og_description":"Haier prijenosni ili pokretni klima ure\u0111aj idealan je izbor za hla\u0111enje, grijanje i odvla\u017eivanje prostora bez prethodne monta\u017ee. Mobilni klima ure\u0111aj.","og_url":"https:\/\/svemirplus.me\/product\/mobilni-klima-uredaj\/","og_site_name":"Svemir Plus","article_modified_time":"2025-07-02T10:06:12+00:00","og_image":[{"width":1058,"height":446,"url":"https:\/\/svemirplus.me\/wp-content\/uploads\/2025\/06\/Mobilna_2.jpg","type":"image\/jpeg"}],"twitter_card":"summary_large_image","twitter_misc":{"Est. reading time":"1 minute"},"schema":{"@context":"https:\/\/schema.org","@graph":[{"@type":"WebPage","@id":"https:\/\/svemirplus.me\/product\/mobilni-klima-uredaj\/","url":"https:\/\/svemirplus.me\/product\/mobilni-klima-uredaj\/","name":"Mobilni klima ure\u0111aj - Svemir Plus","isPartOf":{"@id":"https:\/\/svemirplus.me\/#website"},"primaryImageOfPage":{"@id":"https:\/\/svemirplus.me\/product\/mobilni-klima-uredaj\/#primaryimage"},"image":{"@id":"https:\/\/svemirplus.me\/product\/mobilni-klima-uredaj\/#primaryimage"},"thumbnailUrl":"https:\/\/svemirplus.me\/wp-content\/uploads\/2025\/06\/Mobilna_2.jpg","datePublished":"2025-06-14T10:32:25+00:00","dateModified":"2025-07-02T10:06:12+00:00","description":"Haier prijenosni ili pokretni klima ure\u0111aj idealan je izbor za hla\u0111enje, grijanje i odvla\u017eivanje prostora bez prethodne monta\u017ee. Mobilni klima ure\u0111aj.","breadcrumb":{"@id":"https:\/\/svemirplus.me\/product\/mobilni-klima-uredaj\/#breadcrumb"},"inLanguage":"en-US","potentialAction":[{"@type":"ReadAction","target":["https:\/\/svemirplus.me\/product\/mobilni-klima-uredaj\/"]}]},{"@type":"ImageObject","inLanguage":"en-US","@id":"https:\/\/svemirplus.me\/product\/mobilni-klima-uredaj\/#primaryimage","url":"https:\/\/svemirplus.me\/wp-content\/uploads\/2025\/06\/Mobilna_2.jpg","contentUrl":"https:\/\/svemirplus.me\/wp-content\/uploads\/2025\/06\/Mobilna_2.jpg","width":1058,"height":446},{"@type":"BreadcrumbList","@id":"https:\/\/svemirplus.me\/product\/mobilni-klima-uredaj\/#breadcrumb","itemListElement":[{"@type":"ListItem","position":1,"name":"Home","item":"https:\/\/svemirplus.me\/"},{"@type":"ListItem","position":2,"name":"Proizvodi","item":"https:\/\/svemirplus.me\/proizvodi\/"},{"@type":"ListItem","position":3,"name":"Mobilni klima ure\u0111aj"}]},{"@type":"WebSite","@id":"https:\/\/svemirplus.me\/#website","url":"https:\/\/svemirplus.me\/","name":"Svemir Plus","description":"Prodaja Klima uredjaja","publisher":{"@id":"https:\/\/svemirplus.me\/#organization"},"potentialAction":[{"@type":"SearchAction","target":{"@type":"EntryPoint","urlTemplate":"https:\/\/svemirplus.me\/?s={search_term_string}"},"query-input":{"@type":"PropertyValueSpecification","valueRequired":true,"valueName":"search_term_string"}}],"inLanguage":"en-US"},{"@type":"Organization","@id":"https:\/\/svemirplus.me\/#organization","name":"Svemir Plus","url":"https:\/\/svemirplus.me\/","logo":{"@type":"ImageObject","inLanguage":"en-US","@id":"https:\/\/svemirplus.me\/#\/schema\/logo\/image\/","url":"https:\/\/svemirplus.me\/wp-content\/uploads\/2025\/06\/logo-svemir-plus.png","contentUrl":"https:\/\/svemirplus.me\/wp-content\/uploads\/2025\/06\/logo-svemir-plus.png","width":143,"height":113,"caption":"Svemir Plus"},"image":{"@id":"https:\/\/svemirplus.me\/#\/schema\/logo\/image\/"}}]}},"_links":{"self":[{"href":"https:\/\/svemirplus.me\/en\/wp-json\/wp\/v2\/product\/2033","targetHints":{"allow":["GET"]}}],"collection":[{"href":"https:\/\/svemirplus.me\/en\/wp-json\/wp\/v2\/product"}],"about":[{"href":"https:\/\/svemirplus.me\/en\/wp-json\/wp\/v2\/types\/product"}],"version-history":[{"count":4,"href":"https:\/\/svemirplus.me\/en\/wp-json\/wp\/v2\/product\/2033\/revisions"}],"predecessor-version":[{"id":4172,"href":"https:\/\/svemirplus.me\/en\/wp-json\/wp\/v2\/product\/2033\/revisions\/4172"}],"wp:featuredmedia":[{"embeddable":true,"href":"https:\/\/svemirplus.me\/en\/wp-json\/wp\/v2\/media\/2034"}],"wp:attachment":[{"href":"https:\/\/svemirplus.me\/en\/wp-json\/wp\/v2\/media?parent=2033"}],"wp:term":[{"taxonomy":"brand","embeddable":true,"href":"https:\/\/svemirplus.me\/en\/wp-json\/wp\/v2\/etheme_brands?post=2033"},{"taxonomy":"product_brand","embeddable":true,"href":"https:\/\/svemirplus.me\/en\/wp-json\/wp\/v2\/product_brand?post=2033"},{"taxonomy":"product_cat","embeddable":true,"href":"https:\/\/svemirplus.me\/en\/wp-json\/wp\/v2\/product_cat?post=2033"},{"taxonomy":"product_tag","embeddable":true,"href":"https:\/\/svemirplus.me\/en\/wp-json\/wp\/v2\/product_tag?post=2033"}],"curies":[{"name":"wp","href":"https:\/\/api.w.org\/{rel}","templated":true}]}}